{"id":9492,"date":"2025-10-04T16:43:17","date_gmt":"2025-10-04T15:43:17","guid":{"rendered":"https:\/\/primosportmaroc.com\/?page_id=9492"},"modified":"2025-10-04T17:37:28","modified_gmt":"2025-10-04T16:37:28","slug":"politique-de-remboursement","status":"publish","type":"page","link":"https:\/\/primosportmaroc.com\/?page_id=9492","title":{"rendered":"POLITIQUE DE REMBOURSEMENT"},"content":{"rendered":"\t\t<div data-elementor-type=\"wp-page\" data-elementor-id=\"9492\" class=\"elementor elementor-9492\">\n\t\t\t\t<div class=\"elementor-element elementor-element-dfedf26 e-flex e-con-boxed e-con e-parent\" data-id=\"dfedf26\" data-element_type=\"container\">\r\n\t\t\t\t\t<div class=\"e-con-inner\">\r\n\t\t<div class=\"elementor-element elementor-element-12f24df e-con-full e-flex e-con e-child\" data-id=\"12f24df\" data-element_type=\"container\">\r\n\t\t\t\t<div class=\"elementor-element elementor-element-40b0c0c elementor-widget elementor-widget-porto_ultimate_heading\" data-id=\"40b0c0c\" data-element_type=\"widget\" data-widget_type=\"porto_ultimate_heading.default\">\n\t\t\t\t<div class=\"elementor-widget-container\">\n\t\t\t\t\t<div class=\"porto-u-heading  porto-u-55ca8359258f9a412be7e73af65d2aac\"><div class=\"porto-u-main-heading\"><h2   >Politique de remboursement et retours \u2013 PrimoSport Maroc<\/h2><\/div><div class=\"porto-u-sub-heading\" style=\"\"><p>Chez <strong data-start=\"257\" data-end=\"277\">PrimoSport Maroc<\/strong>, la satisfaction de nos clients est notre priorit\u00e9.<br data-start=\"329\" data-end=\"332\" \/>Si un article ne r\u00e9pond pas \u00e0 vos attentes, vous disposez d\u2019un d\u00e9lai de <strong data-start=\"404\" data-end=\"416\">15 jours<\/strong> \u00e0 compter de la date d\u2019achat pour demander un <strong data-start=\"463\" data-end=\"473\">retour<\/strong>, un <strong data-start=\"478\" data-end=\"489\">\u00e9change<\/strong> ou un <strong data-start=\"496\" data-end=\"513\">remboursement<\/strong>.<\/p><\/div><style>.porto-u-55ca8359258f9a412be7e73af65d2aac.porto-u-heading{text-align:center}<\/style><\/div>\t\t\t\t<\/div>\n\t\t\t\t<\/div>\n\t\t\t\t<\/div>\n\t\t\t\t\t<\/div>\n\t\t\t\t<\/div>\n\t\t<div class=\"elementor-element elementor-element-b3476bc e-flex e-con-boxed e-con e-parent\" data-id=\"b3476bc\" data-element_type=\"container\">\r\n\t\t\t\t\t<div class=\"e-con-inner\">\r\n\t\t<div class=\"elementor-element elementor-element-72ba4f1 e-con-full e-flex e-con e-child\" data-id=\"72ba4f1\" data-element_type=\"container\">\r\n\t\t\t\t<div class=\"elementor-element elementor-element-0e2cd86 elementor-widget elementor-widget-spacer\" data-id=\"0e2cd86\" data-element_type=\"widget\" data-widget_type=\"spacer.default\">\n\t\t\t\t<div class=\"elementor-widget-container\">\n\t\t\t\t\t\t\t<div class=\"elementor-spacer\">\n\t\t\t<div class=\"elementor-spacer-inner\"><\/div>\n\t\t<\/div>\n\t\t\t\t\t\t<\/div>\n\t\t\t\t<\/div>\n\t\t\t\t<\/div>\n\t\t\t\t\t<\/div>\n\t\t\t\t<\/div>\n\t\t<div class=\"elementor-element elementor-element-8847ade e-flex e-con-boxed e-con e-parent\" data-id=\"8847ade\" data-element_type=\"container\">\r\n\t\t\t\t\t<div class=\"e-con-inner\">\r\n\t\t<div class=\"elementor-element elementor-element-b2fb6a0 e-con-full e-flex e-con e-child\" data-id=\"b2fb6a0\" data-element_type=\"container\" data-settings=\"{&quot;background_background&quot;:&quot;classic&quot;}\">\r\n\t\t<div class=\"elementor-element elementor-element-67dfbbd e-con-full e-flex e-con e-child\" data-id=\"67dfbbd\" data-element_type=\"container\">\r\n\t\t\t\t<div class=\"elementor-element elementor-element-f655524 elementor-view-default elementor-widget elementor-widget-icon\" data-id=\"f655524\" data-element_type=\"widget\" data-widget_type=\"icon.default\">\n\t\t\t\t<div class=\"elementor-widget-container\">\n\t\t\t\t\t\t\t<div class=\"elementor-icon-wrapper\">\n\t\t\t<div class=\"elementor-icon\">\n\t\t\t<svg aria-hidden=\"true\" class=\"e-font-icon-svg e-fas-box-open\" viewBox=\"0 0 640 512\" xmlns=\"http:\/\/www.w3.org\/2000\/svg\"><path d=\"M425.7 256c-16.9 0-32.8-9-41.4-23.4L320 126l-64.2 106.6c-8.7 14.5-24.6 23.5-41.5 23.5-4.5 0-9-.6-13.3-1.9L64 215v178c0 14.7 10 27.5 24.2 31l216.2 54.1c10.2 2.5 20.9 2.5 31 0L551.8 424c14.2-3.6 24.2-16.4 24.2-31V215l-137 39.1c-4.3 1.3-8.8 1.9-13.3 1.9zm212.6-112.2L586.8 41c-3.1-6.2-9.8-9.8-16.7-8.9L320 64l91.7 152.1c3.8 6.3 11.4 9.3 18.5 7.3l197.9-56.5c9.9-2.9 14.7-13.9 10.2-23.1zM53.2 41L1.7 143.8c-4.6 9.2.3 20.2 10.1 23l197.9 56.5c7.1 2 14.7-1 18.5-7.3L320 64 69.8 32.1c-6.9-.8-13.5 2.7-16.6 8.9z\"><\/path><\/svg>\t\t\t<\/div>\n\t\t<\/div>\n\t\t\t\t\t\t<\/div>\n\t\t\t\t<\/div>\n\t\t\t\t<div class=\"elementor-element elementor-element-fa6bfcd elementor-widget elementor-widget-porto_ultimate_heading\" data-id=\"fa6bfcd\" data-element_type=\"widget\" data-widget_type=\"porto_ultimate_heading.default\">\n\t\t\t\t<div class=\"elementor-widget-container\">\n\t\t\t\t\t<div class=\"porto-u-heading  porto-u-55ca8359258f9a412be7e73af65d2aac\"><div class=\"porto-u-main-heading\"><h2   >Conditions de retour<\/h2><\/div><div class=\"porto-u-sub-heading\" style=\"\"><p data-start=\"549\" data-end=\"581\">Pour \u00eatre \u00e9ligible \u00e0 un retour :<\/p><ul data-start=\"582\" data-end=\"738\"><li data-start=\"582\" data-end=\"679\"><p data-start=\"584\" data-end=\"679\">L\u2019article doit \u00eatre <strong data-start=\"604\" data-end=\"625\">neuf, non utilis\u00e9<\/strong>, et dans le <strong data-start=\"638\" data-end=\"651\">m\u00eame \u00e9tat<\/strong> que lors de la r\u00e9ception.<\/p><\/li><li data-start=\"680\" data-end=\"738\"><p data-start=\"682\" data-end=\"738\">Il doit \u00eatre renvoy\u00e9 dans son <strong data-start=\"712\" data-end=\"735\">emballage d\u2019origine<\/strong>.<\/p><\/li><\/ul><p data-start=\"740\" data-end=\"826\">Pass\u00e9 le d\u00e9lai de <strong data-start=\"758\" data-end=\"770\">15 jours<\/strong>, aucun remboursement ni \u00e9change ne pourra \u00eatre accept\u00e9.<\/p><\/div><style>.porto-u-55ca8359258f9a412be7e73af65d2aac.porto-u-heading{text-align:center}<\/style><\/div>\t\t\t\t<\/div>\n\t\t\t\t<\/div>\n\t\t\t\t<\/div>\n\t\t<div class=\"elementor-element elementor-element-d468cfb e-con-full e-flex e-con e-child\" data-id=\"d468cfb\" data-element_type=\"container\">\r\n\t\t\t\t<div class=\"elementor-element elementor-element-d98e13e elementor-view-default elementor-widget elementor-widget-icon\" data-id=\"d98e13e\" data-element_type=\"widget\" data-widget_type=\"icon.default\">\n\t\t\t\t<div class=\"elementor-widget-container\">\n\t\t\t\t\t\t\t<div class=\"elementor-icon-wrapper\">\n\t\t\t<div class=\"elementor-icon\">\n\t\t\t<i aria-hidden=\"true\" class=\"  porto-icon-money\"><\/i>\t\t\t<\/div>\n\t\t<\/div>\n\t\t\t\t\t\t<\/div>\n\t\t\t\t<\/div>\n\t\t\t\t<div class=\"elementor-element elementor-element-7719eef elementor-widget elementor-widget-porto_ultimate_heading\" data-id=\"7719eef\" data-element_type=\"widget\" data-widget_type=\"porto_ultimate_heading.default\">\n\t\t\t\t<div class=\"elementor-widget-container\">\n\t\t\t\t\t<div class=\"porto-u-heading  porto-u-55ca8359258f9a412be7e73af65d2aac\"><div class=\"porto-u-main-heading\"><h2   >Remboursements<\/h2><\/div><div class=\"porto-u-sub-heading\" style=\"\"><p data-start=\"634\" data-end=\"714\">Une fois votre retour re\u00e7u et inspect\u00e9, notre \u00e9quipe vous informera <strong data-start=\"923\" data-end=\"948\">par e-mail ou message<\/strong> de la r\u00e9ception de votre colis.<br data-start=\"980\" data-end=\"983\" \/>Si le remboursement est approuv\u00e9, il sera effectu\u00e9 selon le <strong data-start=\"1043\" data-end=\"1068\">m\u00eame mode de paiement<\/strong> que celui utilis\u00e9 lors de l\u2019achat, dans un d\u00e9lai raisonnable.<\/p><\/div><style>.porto-u-55ca8359258f9a412be7e73af65d2aac.porto-u-heading{text-align:center}<\/style><\/div>\t\t\t\t<\/div>\n\t\t\t\t<\/div>\n\t\t\t\t<\/div>\n\t\t<div class=\"elementor-element elementor-element-1085877 e-con-full e-flex e-con e-child\" data-id=\"1085877\" data-element_type=\"container\">\r\n\t\t\t\t<div class=\"elementor-element elementor-element-e4b1e30 elementor-view-default elementor-widget elementor-widget-icon\" data-id=\"e4b1e30\" data-element_type=\"widget\" data-widget_type=\"icon.default\">\n\t\t\t\t<div class=\"elementor-widget-container\">\n\t\t\t\t\t\t\t<div class=\"elementor-icon-wrapper\">\n\t\t\t<div class=\"elementor-icon\">\n\t\t\t<svg aria-hidden=\"true\" class=\"e-font-icon-svg e-fas-sync\" viewBox=\"0 0 512 512\" xmlns=\"http:\/\/www.w3.org\/2000\/svg\"><path d=\"M440.65 12.57l4 82.77A247.16 247.16 0 0 0 255.83 8C134.73 8 33.91 94.92 12.29 209.82A12 12 0 0 0 24.09 224h49.05a12 12 0 0 0 11.67-9.26 175.91 175.91 0 0 1 317-56.94l-101.46-4.86a12 12 0 0 0-12.57 12v47.41a12 12 0 0 0 12 12H500a12 12 0 0 0 12-12V12a12 12 0 0 0-12-12h-47.37a12 12 0 0 0-11.98 12.57zM255.83 432a175.61 175.61 0 0 1-146-77.8l101.8 4.87a12 12 0 0 0 12.57-12v-47.4a12 12 0 0 0-12-12H12a12 12 0 0 0-12 12V500a12 12 0 0 0 12 12h47.35a12 12 0 0 0 12-12.6l-4.15-82.57A247.17 247.17 0 0 0 255.83 504c121.11 0 221.93-86.92 243.55-201.82a12 12 0 0 0-11.8-14.18h-49.05a12 12 0 0 0-11.67 9.26A175.86 175.86 0 0 1 255.83 432z\"><\/path><\/svg>\t\t\t<\/div>\n\t\t<\/div>\n\t\t\t\t\t\t<\/div>\n\t\t\t\t<\/div>\n\t\t\t\t<div class=\"elementor-element elementor-element-f9df201 elementor-widget elementor-widget-porto_ultimate_heading\" data-id=\"f9df201\" data-element_type=\"widget\" data-widget_type=\"porto_ultimate_heading.default\">\n\t\t\t\t<div class=\"elementor-widget-container\">\n\t\t\t\t\t<div class=\"porto-u-heading  porto-u-55ca8359258f9a412be7e73af65d2aac\"><div class=\"porto-u-main-heading\"><h2   >\u00c9changes<\/h2><\/div><div class=\"porto-u-sub-heading\" style=\"\"><ul><li data-start=\"747\" data-end=\"818\"><p data-start=\"749\" data-end=\"818\">Les \u00e9changes ne sont possibles <strong data-start=\"1184\" data-end=\"1234\">que pour les articles d\u00e9fectueux ou endommag\u00e9s<\/strong>.<br data-start=\"1235\" data-end=\"1238\" \/>Si vous souhaitez \u00e9changer un produit contre le m\u00eame mod\u00e8le, merci de nous contacter \u00e0 l\u2019adresse suivante :<br data-start=\"1345\" data-end=\"1348\" \/><strong data-start=\"6061\" data-end=\"6092\"><a class=\"decorated-link cursor-pointer\" rel=\"noopener\" data-start=\"6063\" data-end=\"6090\">support@primosportmaroc.com<\/a><\/strong><\/p><\/li><\/ul><\/div><style>.porto-u-55ca8359258f9a412be7e73af65d2aac.porto-u-heading{text-align:center}<\/style><\/div>\t\t\t\t<\/div>\n\t\t\t\t<\/div>\n\t\t\t\t<\/div>\n\t\t\t\t<\/div>\n\t\t\t\t\t<\/div>\n\t\t\t\t<\/div>\n\t\t<div class=\"elementor-element elementor-element-5d03095 e-flex e-con-boxed e-con e-parent\" data-id=\"5d03095\" data-element_type=\"container\">\r\n\t\t\t\t\t<div class=\"e-con-inner\">\r\n\t\t<div class=\"elementor-element elementor-element-07978ae e-con-full e-flex e-con e-child\" data-id=\"07978ae\" data-element_type=\"container\">\r\n\t\t\t\t<div class=\"elementor-element elementor-element-95c21b9 elementor-widget elementor-widget-spacer\" data-id=\"95c21b9\" data-element_type=\"widget\" data-widget_type=\"spacer.default\">\n\t\t\t\t<div class=\"elementor-widget-container\">\n\t\t\t\t\t\t\t<div class=\"elementor-spacer\">\n\t\t\t<div class=\"elementor-spacer-inner\"><\/div>\n\t\t<\/div>\n\t\t\t\t\t\t<\/div>\n\t\t\t\t<\/div>\n\t\t\t\t<\/div>\n\t\t\t\t\t<\/div>\n\t\t\t\t<\/div>\n\t\t<div class=\"elementor-element elementor-element-3145412 e-flex e-con-boxed e-con e-parent\" data-id=\"3145412\" data-element_type=\"container\">\r\n\t\t\t\t\t<div class=\"e-con-inner\">\r\n\t\t<div class=\"elementor-element elementor-element-d57bb36 e-con-full e-flex e-con e-child\" data-id=\"d57bb36\" data-element_type=\"container\" data-settings=\"{&quot;background_background&quot;:&quot;classic&quot;}\">\r\n\t\t<div class=\"elementor-element elementor-element-73a00b2 e-con-full e-flex e-con e-child\" data-id=\"73a00b2\" data-element_type=\"container\">\r\n\t\t\t\t<div class=\"elementor-element elementor-element-a708ac0 elementor-view-default elementor-widget elementor-widget-icon\" data-id=\"a708ac0\" data-element_type=\"widget\" data-widget_type=\"icon.default\">\n\t\t\t\t<div class=\"elementor-widget-container\">\n\t\t\t\t\t\t\t<div class=\"elementor-icon-wrapper\">\n\t\t\t<div class=\"elementor-icon\">\n\t\t\t<svg aria-hidden=\"true\" class=\"e-font-icon-svg e-fas-truck\" viewBox=\"0 0 640 512\" xmlns=\"http:\/\/www.w3.org\/2000\/svg\"><path d=\"M624 352h-16V243.9c0-12.7-5.1-24.9-14.1-33.9L494 110.1c-9-9-21.2-14.1-33.9-14.1H416V48c0-26.5-21.5-48-48-48H48C21.5 0 0 21.5 0 48v320c0 26.5 21.5 48 48 48h16c0 53 43 96 96 96s96-43 96-96h128c0 53 43 96 96 96s96-43 96-96h48c8.8 0 16-7.2 16-16v-32c0-8.8-7.2-16-16-16zM160 464c-26.5 0-48-21.5-48-48s21.5-48 48-48 48 21.5 48 48-21.5 48-48 48zm320 0c-26.5 0-48-21.5-48-48s21.5-48 48-48 48 21.5 48 48-21.5 48-48 48zm80-208H416V144h44.1l99.9 99.9V256z\"><\/path><\/svg>\t\t\t<\/div>\n\t\t<\/div>\n\t\t\t\t\t\t<\/div>\n\t\t\t\t<\/div>\n\t\t\t\t<div class=\"elementor-element elementor-element-a23800e elementor-widget elementor-widget-porto_ultimate_heading\" data-id=\"a23800e\" data-element_type=\"widget\" data-widget_type=\"porto_ultimate_heading.default\">\n\t\t\t\t<div class=\"elementor-widget-container\">\n\t\t\t\t\t<div class=\"porto-u-heading  porto-u-55ca8359258f9a412be7e73af65d2aac\"><div class=\"porto-u-main-heading\"><h2   >Retour et exp\u00e9dition<\/h2><\/div><div class=\"porto-u-sub-heading\" style=\"\"><p data-start=\"1422\" data-end=\"1544\">Pour retourner votre produit, veuillez d\u2019abord <strong data-start=\"1469\" data-end=\"1498\">nous contacter par e-mail<\/strong> \u00e0 :<br data-start=\"1502\" data-end=\"1505\" \/><strong data-start=\"6061\" data-end=\"6092\"><a class=\"decorated-link cursor-pointer\" rel=\"noopener\" data-start=\"6063\" data-end=\"6090\">support@primosportmaroc.com<\/a><\/strong><\/p><p data-start=\"1546\" data-end=\"1756\">Les frais de retour sont <strong data-start=\"1571\" data-end=\"1596\">\u00e0 la charge du client<\/strong>.<br data-start=\"1597\" data-end=\"1600\" \/>Les <strong data-start=\"1604\" data-end=\"1635\">frais de livraison initiaux<\/strong> ne sont pas remboursables.<br data-start=\"1662\" data-end=\"1665\" \/>En cas de remboursement, les <strong data-start=\"1694\" data-end=\"1713\">frais de retour<\/strong> seront d\u00e9duits du montant total rembours\u00e9.<\/p><p data-start=\"1758\" data-end=\"1845\">Le d\u00e9lai de r\u00e9ception du produit \u00e9chang\u00e9 peut varier selon votre <strong data-start=\"1823\" data-end=\"1844\">lieu de r\u00e9sidence<\/strong>.<\/p><p data-start=\"1847\" data-end=\"1923\">Pour tout retour d\u2019une valeur sup\u00e9rieure \u00e0 <strong data-start=\"1890\" data-end=\"1902\">1000 DHS<\/strong>, nous recommandons :<\/p><ul data-start=\"1924\" data-end=\"2121\"><li data-start=\"1924\" data-end=\"1978\"><p data-start=\"1926\" data-end=\"1978\">d\u2019utiliser un <strong data-start=\"1940\" data-end=\"1975\">service d\u2019exp\u00e9dition avec suivi<\/strong>,<\/p><\/li><li data-start=\"1979\" data-end=\"2121\"><p data-start=\"1981\" data-end=\"2121\">ou de souscrire \u00e0 une <strong data-start=\"2003\" data-end=\"2024\">assurance d\u2019envoi<\/strong>,<br data-start=\"2025\" data-end=\"2028\" \/>car nous ne pouvons pas garantir la r\u00e9ception de l\u2019article retourn\u00e9 sans preuve d\u2019exp\u00e9dition.<\/p><\/li><\/ul><\/div><style>.porto-u-55ca8359258f9a412be7e73af65d2aac.porto-u-heading{text-align:center}<\/style><\/div>\t\t\t\t<\/div>\n\t\t\t\t<\/div>\n\t\t\t\t<\/div>\n\t\t\t\t<\/div>\n\t\t\t\t\t<\/div>\n\t\t\t\t<\/div>\n\t\t<div class=\"elementor-element elementor-element-7107387 e-flex e-con-boxed e-con e-parent\" data-id=\"7107387\" data-element_type=\"container\">\r\n\t\t\t\t\t<div class=\"e-con-inner\">\r\n\t\t<div class=\"elementor-element elementor-element-c8f6dfe e-con-full e-flex e-con e-child\" data-id=\"c8f6dfe\" data-element_type=\"container\">\r\n\t\t\t\t<div class=\"elementor-element elementor-element-51facfd elementor-widget elementor-widget-spacer\" data-id=\"51facfd\" data-element_type=\"widget\" data-widget_type=\"spacer.default\">\n\t\t\t\t<div class=\"elementor-widget-container\">\n\t\t\t\t\t\t\t<div class=\"elementor-spacer\">\n\t\t\t<div class=\"elementor-spacer-inner\"><\/div>\n\t\t<\/div>\n\t\t\t\t\t\t<\/div>\n\t\t\t\t<\/div>\n\t\t\t\t<\/div>\n\t\t\t\t\t<\/div>\n\t\t\t\t<\/div>\n\t\t<div class=\"elementor-element elementor-element-a253ff6 e-flex e-con-boxed e-con e-parent\" data-id=\"a253ff6\" data-element_type=\"container\">\r\n\t\t\t\t\t<div class=\"e-con-inner\">\r\n\t\t<div class=\"elementor-element elementor-element-544f17f e-con-full e-flex e-con e-child\" data-id=\"544f17f\" data-element_type=\"container\" data-settings=\"{&quot;background_background&quot;:&quot;classic&quot;}\">\r\n\t\t<div class=\"elementor-element elementor-element-cac49a7 e-con-full e-flex e-con e-child\" data-id=\"cac49a7\" data-element_type=\"container\">\r\n\t\t\t\t<div class=\"elementor-element elementor-element-6b5aa5e elementor-view-default elementor-widget elementor-widget-icon\" data-id=\"6b5aa5e\" data-element_type=\"widget\" data-widget_type=\"icon.default\">\n\t\t\t\t<div class=\"elementor-widget-container\">\n\t\t\t\t\t\t\t<div class=\"elementor-icon-wrapper\">\n\t\t\t<div class=\"elementor-icon\">\n\t\t\t<svg aria-hidden=\"true\" class=\"e-font-icon-svg e-fas-exclamation-triangle\" viewBox=\"0 0 576 512\" xmlns=\"http:\/\/www.w3.org\/2000\/svg\"><path d=\"M569.517 440.013C587.975 472.007 564.806 512 527.94 512H48.054c-36.937 0-59.999-40.055-41.577-71.987L246.423 23.985c18.467-32.009 64.72-31.951 83.154 0l239.94 416.028zM288 354c-25.405 0-46 20.595-46 46s20.595 46 46 46 46-20.595 46-46-20.595-46-46-46zm-43.673-165.346l7.418 136c.347 6.364 5.609 11.346 11.982 11.346h48.546c6.373 0 11.635-4.982 11.982-11.346l7.418-136c.375-6.874-5.098-12.654-11.982-12.654h-63.383c-6.884 0-12.356 5.78-11.981 12.654z\"><\/path><\/svg>\t\t\t<\/div>\n\t\t<\/div>\n\t\t\t\t\t\t<\/div>\n\t\t\t\t<\/div>\n\t\t\t\t<div class=\"elementor-element elementor-element-d7d684e elementor-widget elementor-widget-porto_ultimate_heading\" data-id=\"d7d684e\" data-element_type=\"widget\" data-widget_type=\"porto_ultimate_heading.default\">\n\t\t\t\t<div class=\"elementor-widget-container\">\n\t\t\t\t\t<div class=\"porto-u-heading  porto-u-55ca8359258f9a412be7e73af65d2aac\"><div class=\"porto-u-main-heading\"><h2   >important<\/h2><\/div><div class=\"porto-u-sub-heading\" style=\"\"><p>Nous nous r\u00e9servons le droit de refuser un retour ne respectant pas les conditions ci-dessus (article utilis\u00e9, sans emballage ou hors d\u00e9lai).<\/p><\/div><style>.porto-u-55ca8359258f9a412be7e73af65d2aac.porto-u-heading{text-align:center}<\/style><\/div>\t\t\t\t<\/div>\n\t\t\t\t<\/div>\n\t\t\t\t<\/div>\n\t\t\t\t<\/div>\n\t\t\t\t\t<\/div>\n\t\t\t\t<\/div>\n\t\t\t\t<\/div>\n\t\t","protected":false},"excerpt":{"rendered":"<p>Politique de remboursement et retours \u2013 PrimoSport Maroc Chez PrimoSport Maroc, la satisfaction de nos clients est notre priorit\u00e9.Si un article ne r\u00e9pond pas \u00e0 vos attentes, vous disposez d\u2019un d\u00e9lai de 15 jours \u00e0 compter de la date d\u2019achat pour demander un retour, un \u00e9change ou un remboursement. Conditions de retour Pour \u00eatre \u00e9ligible [&hellip;]<\/p>\n","protected":false},"author":1,"featured_media":0,"parent":0,"menu_order":0,"comment_status":"closed","ping_status":"closed","template":"","meta":{"_acf_changed":false,"content-type":"","footnotes":""},"class_list":["post-9492","page","type-page","status-publish","hentry"],"acf":[],"_links":{"self":[{"href":"https:\/\/primosportmaroc.com\/index.php?rest_route=\/wp\/v2\/pages\/9492","targetHints":{"allow":["GET"]}}],"collection":[{"href":"https:\/\/primosportmaroc.com\/index.php?rest_route=\/wp\/v2\/pages"}],"about":[{"href":"https:\/\/primosportmaroc.com\/index.php?rest_route=\/wp\/v2\/types\/page"}],"author":[{"embeddable":true,"href":"https:\/\/primosportmaroc.com\/index.php?rest_route=\/wp\/v2\/users\/1"}],"replies":[{"embeddable":true,"href":"https:\/\/primosportmaroc.com\/index.php?rest_route=%2Fwp%2Fv2%2Fcomments&post=9492"}],"version-history":[{"count":6,"href":"https:\/\/primosportmaroc.com\/index.php?rest_route=\/wp\/v2\/pages\/9492\/revisions"}],"predecessor-version":[{"id":9524,"href":"https:\/\/primosportmaroc.com\/index.php?rest_route=\/wp\/v2\/pages\/9492\/revisions\/9524"}],"wp:attachment":[{"href":"https:\/\/primosportmaroc.com\/index.php?rest_route=%2Fwp%2Fv2%2Fmedia&parent=9492"}],"curies":[{"name":"wp","href":"https:\/\/api.w.org\/{rel}","templated":true}]}}