{"id":8641,"date":"2025-05-15T15:42:50","date_gmt":"2025-05-15T14:42:50","guid":{"rendered":"https:\/\/primosportmaroc.com\/?post_type=product&#038;p=8641"},"modified":"2025-08-13T16:28:07","modified_gmt":"2025-08-13T15:28:07","slug":"under-armour-ua-fast-left-chest-2-0-t-shirt","status":"publish","type":"product","link":"https:\/\/primosportmaroc.com\/?product=under-armour-ua-fast-left-chest-2-0-t-shirt","title":{"rendered":"Under Armour UA Fast Left Chest 2.0 T-Shirt"},"content":{"rendered":"<p><strong>Informations sur le produit pour Under Armour T-shirt UA Fast Left Chest 2.0 \u2013 Homme<\/strong><\/p>\n<p>Under Armour T-shirt UA Fast Left Chest 2.0 \u2013 Homme fait partie de notre large s\u00e9lection de v\u00eatements Under Armour. Assurez-vous de jeter un coup d\u2019\u0153il \u00e0 la gamme compl\u00e8te de chemises pour hommes d\u2019Under Armour que nous proposons \u00e0 des prix r\u00e9duits tous les jours. Parcourez notre s\u00e9lection compl\u00e8te de produits pour l\u2019\u00e9quipement et la marchandise dont vous avez besoin pour accomplir la t\u00e2che \u00e0 accomplir.<br \/>\nSp\u00e9cifications pour T-shirt UA Fast Left Chest 2.0 Under Armour \u2013 Homme:<br \/>\nCoupe vestimentaire\u00a0: l\u00e2che<br \/>\nGenre masculin<br \/>\nCouleur : gris anthracite<\/p>\n<p><strong>Caract\u00e9ristiques:<\/strong><\/p>\n<blockquote><p>Loose : Coupe plus ample pour un confort total.<br \/>\nLe tissu en m\u00e9lange de coton super doux offre un confort tout au long de la journ\u00e9e<br \/>\nLe mat\u00e9riau \u00e9vacue la transpiration et s\u00e8che tr\u00e8s rapidement<br \/>\nCol c\u00f4tel\u00e9<br \/>\n60 % coton\/40 % polyester<\/p><\/blockquote>\n","protected":false},"excerpt":{"rendered":"<p>Informations sur le produit pour Under Armour T-shirt UA Fast Left Chest 2.0 \u2013 Homme Under Armour T-shirt UA Fast Left Chest 2.0 \u2013 Homme fait partie de notre large s\u00e9lection de v\u00eatements Under Armour. Assurez-vous de jeter un coup d\u2019\u0153il \u00e0 la gamme compl\u00e8te de chemises pour hommes d\u2019Under Armour que nous proposons \u00e0 [&hellip;]<\/p>\n","protected":false},"featured_media":8648,"template":"","meta":{"_acf_changed":false,"content-type":""},"pwb-brand":[516],"product_brand":[],"product_cat":[491,487,479],"product_tag":[],"class_list":{"0":"post-8641","1":"product","2":"type-product","3":"status-publish","4":"has-post-thumbnail","6":"pwb-brand-under-armour","7":"product_cat-hommes","8":"product_cat-short-bermuda-hommes","9":"product_cat-vetementshommes","11":"first","12":"instock","13":"taxable","14":"shipping-taxable","15":"purchasable","16":"product-type-variable"},"acf":[],"brands":[{"id":516,"name":"Under Armour","slug":"under-armour"}],"_links":{"self":[{"href":"https:\/\/primosportmaroc.com\/index.php?rest_route=\/wp\/v2\/product\/8641","targetHints":{"allow":["GET"]}}],"collection":[{"href":"https:\/\/primosportmaroc.com\/index.php?rest_route=\/wp\/v2\/product"}],"about":[{"href":"https:\/\/primosportmaroc.com\/index.php?rest_route=\/wp\/v2\/types\/product"}],"wp:featuredmedia":[{"embeddable":true,"href":"https:\/\/primosportmaroc.com\/index.php?rest_route=\/wp\/v2\/media\/8648"}],"wp:attachment":[{"href":"https:\/\/primosportmaroc.com\/index.php?rest_route=%2Fwp%2Fv2%2Fmedia&parent=8641"}],"wp:term":[{"taxonomy":"pwb-brand","embeddable":true,"href":"https:\/\/primosportmaroc.com\/index.php?rest_route=%2Fwp%2Fv2%2Fpwb-brand&post=8641"},{"taxonomy":"product_brand","embeddable":true,"href":"https:\/\/primosportmaroc.com\/index.php?rest_route=%2Fwp%2Fv2%2Fproduct_brand&post=8641"},{"taxonomy":"product_cat","embeddable":true,"href":"https:\/\/primosportmaroc.com\/index.php?rest_route=%2Fwp%2Fv2%2Fproduct_cat&post=8641"},{"taxonomy":"product_tag","embeddable":true,"href":"https:\/\/primosportmaroc.com\/index.php?rest_route=%2Fwp%2Fv2%2Fproduct_tag&post=8641"}],"curies":[{"name":"wp","href":"https:\/\/api.w.org\/{rel}","templated":true}]}}