{"id":8737,"date":"2025-08-03T09:40:56","date_gmt":"2025-08-03T08:40:56","guid":{"rendered":"https:\/\/primosportmaroc.com\/?post_type=product&#038;p=8737"},"modified":"2025-08-13T16:53:20","modified_gmt":"2025-08-13T15:53:20","slug":"under-armour-essential-3022954-102","status":"publish","type":"product","link":"https:\/\/primosportmaroc.com\/?product=under-armour-essential-3022954-102","title":{"rendered":"Under Armour Essential 3022954-102"},"content":{"rendered":"<p><span class=\"text\"><strong>Under Armour Essential<\/strong>\u00a03022954-102 de Course Baskets Chaussures Hommes. Avec ces chaussures tr\u00e8s confortables, c&rsquo;est d\u00e9sormais un vrai plaisir de faire du sport. Compte tenu de leur champ d\u2019application, elles sont tr\u00e8s l\u00e9g\u00e8res et assurent une protection \u00e0 vos pieds. Vous ne ressentirez pas d\u2019effets n\u00e9gatifs au niveau des articulations du genou r\u00e9sultant de la course sur un terrain stabilis\u00e9.<\/span><\/p>\n<ul>\n<li><strong>Condition:<\/strong> Neuf avec emballage<\/li>\n<li><strong>Marque:<\/strong> Under Armour<\/li>\n<li><strong>Couleur:<\/strong> Gris,<\/li>\n<li><strong>Style:<\/strong> Baskets<\/li>\n<li><strong>Type:<\/strong> Sportif<\/li>\n<li><strong>D\u00e9partement:<\/strong> Homme<\/li>\n<li><strong>Mati\u00e8re de la couche ext\u00e9rieure:<\/strong> Synth\u00e9tique<\/li>\n<li><strong>R\u00e9f\u00e9rence produit:<\/strong> 3022954-102<\/li>\n<li><strong>Gamme de produits:<\/strong> Essential<\/li>\n<li>\u00a0<strong>Motif:<\/strong> Sans motif<\/li>\n<li><strong>Style de la tige de la chaussure:<\/strong> Bas<\/li>\n<li><strong>Saison:<\/strong> Toutes Saisons<\/li>\n<\/ul>\n","protected":false},"excerpt":{"rendered":"<p>Under Armour Essential\u00a03022954-102 de Course Baskets Chaussures Hommes. Avec ces chaussures tr\u00e8s confortables, c&rsquo;est d\u00e9sormais un vrai plaisir de faire du sport. Compte tenu de leur champ d\u2019application, elles sont tr\u00e8s l\u00e9g\u00e8res et assurent une protection \u00e0 vos pieds. Vous ne ressentirez pas d\u2019effets n\u00e9gatifs au niveau des articulations du genou r\u00e9sultant de la course [&hellip;]<\/p>\n","protected":false},"featured_media":8838,"template":"","meta":{"_acf_changed":false,"content-type":""},"pwb-brand":[516],"product_brand":[],"product_cat":[481,478,491,477],"product_tag":[],"class_list":{"0":"post-8737","1":"product","2":"type-product","3":"status-publish","4":"has-post-thumbnail","6":"pwb-brand-under-armour","7":"product_cat-baskets-hommes","8":"product_cat-chaussureshommes","9":"product_cat-hommes","10":"product_cat-soldes","12":"first","13":"instock","14":"sale","15":"taxable","16":"shipping-taxable","17":"purchasable","18":"product-type-variable"},"acf":[],"brands":[{"id":516,"name":"Under Armour","slug":"under-armour"}],"_links":{"self":[{"href":"https:\/\/primosportmaroc.com\/index.php?rest_route=\/wp\/v2\/product\/8737","targetHints":{"allow":["GET"]}}],"collection":[{"href":"https:\/\/primosportmaroc.com\/index.php?rest_route=\/wp\/v2\/product"}],"about":[{"href":"https:\/\/primosportmaroc.com\/index.php?rest_route=\/wp\/v2\/types\/product"}],"wp:featuredmedia":[{"embeddable":true,"href":"https:\/\/primosportmaroc.com\/index.php?rest_route=\/wp\/v2\/media\/8838"}],"wp:attachment":[{"href":"https:\/\/primosportmaroc.com\/index.php?rest_route=%2Fwp%2Fv2%2Fmedia&parent=8737"}],"wp:term":[{"taxonomy":"pwb-brand","embeddable":true,"href":"https:\/\/primosportmaroc.com\/index.php?rest_route=%2Fwp%2Fv2%2Fpwb-brand&post=8737"},{"taxonomy":"product_brand","embeddable":true,"href":"https:\/\/primosportmaroc.com\/index.php?rest_route=%2Fwp%2Fv2%2Fproduct_brand&post=8737"},{"taxonomy":"product_cat","embeddable":true,"href":"https:\/\/primosportmaroc.com\/index.php?rest_route=%2Fwp%2Fv2%2Fproduct_cat&post=8737"},{"taxonomy":"product_tag","embeddable":true,"href":"https:\/\/primosportmaroc.com\/index.php?rest_route=%2Fwp%2Fv2%2Fproduct_tag&post=8737"}],"curies":[{"name":"wp","href":"https:\/\/api.w.org\/{rel}","templated":true}]}}