{"id":8852,"date":"2025-08-13T20:36:51","date_gmt":"2025-08-13T19:36:51","guid":{"rendered":"https:\/\/primosportmaroc.com\/?post_type=product&#038;p=8852"},"modified":"2025-08-13T20:36:51","modified_gmt":"2025-08-13T19:36:51","slug":"under-armour-charged-breeze-3025129-004","status":"publish","type":"product","link":"https:\/\/primosportmaroc.com\/?product=under-armour-charged-breeze-3025129-004","title":{"rendered":"Under Armour Charged Breeze 3025129-004"},"content":{"rendered":"<div class=\"product-name\"><strong>Chaussures de running Under Armour Charged Breeze<\/strong><\/div>\n<ul>\n<li>Empeigne l\u00e9g\u00e8re en mesh respirant pour une meilleure a\u00e9ration<\/li>\n<li>Chausson int\u00e9rieur pour une tenue ajust\u00e9e et un maintien optimal<\/li>\n<li>Semelle int\u00e9rieure moul\u00e9e antid\u00e9rapante qui \u00e9pouse la forme du pied pour un confort optimal<\/li>\n<li>Semelle interm\u00e9diaire Charged Cushioning\u00ae avec mousse moul\u00e9e par compression pour une r\u00e9activit\u00e9 et une r\u00e9sistance exceptionnelles<\/li>\n<li>Semelle ext\u00e9rieure en caoutchouc robuste avec crampons strat\u00e9giquement plac\u00e9s pour plus de r\u00e9sistance au niveau des zones fortement expos\u00e9es aux frottements<\/li>\n<\/ul>\n","protected":false},"excerpt":{"rendered":"<p>Chaussures de running Under Armour Charged Breeze Empeigne l\u00e9g\u00e8re en mesh respirant pour une meilleure a\u00e9ration Chausson int\u00e9rieur pour une tenue ajust\u00e9e et un maintien optimal Semelle int\u00e9rieure moul\u00e9e antid\u00e9rapante qui \u00e9pouse la forme du pied pour un confort optimal Semelle interm\u00e9diaire Charged Cushioning\u00ae avec mousse moul\u00e9e par compression pour une r\u00e9activit\u00e9 et une r\u00e9sistance [&hellip;]<\/p>\n","protected":false},"featured_media":8857,"template":"","meta":{"_acf_changed":false,"content-type":""},"pwb-brand":[516],"product_brand":[],"product_cat":[481,478,491],"product_tag":[],"class_list":{"0":"post-8852","1":"product","2":"type-product","3":"status-publish","4":"has-post-thumbnail","6":"pwb-brand-under-armour","7":"product_cat-baskets-hommes","8":"product_cat-chaussureshommes","9":"product_cat-hommes","11":"first","12":"instock","13":"taxable","14":"shipping-taxable","15":"purchasable","16":"product-type-variable"},"acf":[],"brands":[{"id":516,"name":"Under Armour","slug":"under-armour"}],"_links":{"self":[{"href":"https:\/\/primosportmaroc.com\/index.php?rest_route=\/wp\/v2\/product\/8852","targetHints":{"allow":["GET"]}}],"collection":[{"href":"https:\/\/primosportmaroc.com\/index.php?rest_route=\/wp\/v2\/product"}],"about":[{"href":"https:\/\/primosportmaroc.com\/index.php?rest_route=\/wp\/v2\/types\/product"}],"wp:featuredmedia":[{"embeddable":true,"href":"https:\/\/primosportmaroc.com\/index.php?rest_route=\/wp\/v2\/media\/8857"}],"wp:attachment":[{"href":"https:\/\/primosportmaroc.com\/index.php?rest_route=%2Fwp%2Fv2%2Fmedia&parent=8852"}],"wp:term":[{"taxonomy":"pwb-brand","embeddable":true,"href":"https:\/\/primosportmaroc.com\/index.php?rest_route=%2Fwp%2Fv2%2Fpwb-brand&post=8852"},{"taxonomy":"product_brand","embeddable":true,"href":"https:\/\/primosportmaroc.com\/index.php?rest_route=%2Fwp%2Fv2%2Fproduct_brand&post=8852"},{"taxonomy":"product_cat","embeddable":true,"href":"https:\/\/primosportmaroc.com\/index.php?rest_route=%2Fwp%2Fv2%2Fproduct_cat&post=8852"},{"taxonomy":"product_tag","embeddable":true,"href":"https:\/\/primosportmaroc.com\/index.php?rest_route=%2Fwp%2Fv2%2Fproduct_tag&post=8852"}],"curies":[{"name":"wp","href":"https:\/\/api.w.org\/{rel}","templated":true}]}}