{"id":8874,"date":"2025-08-13T23:22:40","date_gmt":"2025-08-13T22:22:40","guid":{"rendered":"https:\/\/primosportmaroc.com\/?post_type=product&#038;p=8874"},"modified":"2025-08-13T23:55:23","modified_gmt":"2025-08-13T22:55:23","slug":"under-armour-ua-charged-pursuit-3-3024878-100","status":"publish","type":"product","link":"https:\/\/primosportmaroc.com\/?product=under-armour-ua-charged-pursuit-3-3024878-100","title":{"rendered":"Under Armour Ua Charged Pursuit 3 3024878-100"},"content":{"rendered":"<h3>Under Armour Charged<\/h3>\n<p class=\"heading _heading-strong\"><strong><span class=\"desktop-heading\" data-v-144ac00f=\"\">D\u00c9TAILS DU PRODUIT<\/span><\/strong><\/p>\n<div class=\"multi-step-side-modal multi-step-side-modal bg-filter\" data-v-192f2fa0=\"\" data-v-2dba98dd=\"\" data-v-144ac00f=\"\">\n<div class=\"side-modal left mobile-and-tablet-only fixed-header \" data-v-192f2fa0=\"\">\n<div class=\"wrapper\" data-v-192f2fa0=\"\">\n<section class=\"body-text\" data-v-192f2fa0=\"\">\n<div class=\"content\" data-v-144ac00f=\"\">\n<div class=\"columns-wrapper\" data-v-144ac00f=\"\">\n<p class=\"column-title _heading-strong\"><strong>Composition et entretien<\/strong><\/p>\n<div class=\"product-specification-item\" data-v-420b965b=\"\" data-v-144ac00f=\"\">Semelle de propret\u00e9 :\u00a0Tissu<\/div>\n<div class=\"product-specification-item\" data-v-420b965b=\"\" data-v-144ac00f=\"\">Int\u00e9rieur :\u00a0Tissu<\/div>\n<div class=\"product-specification-item\" data-v-420b965b=\"\" data-v-144ac00f=\"\">Tige :\u00a0Textile\/-Tissu<\/div>\n<div class=\"product-specification-item\" data-v-420b965b=\"\" data-v-144ac00f=\"\">Semelle d&rsquo;usure :\u00a0Mati\u00e8re synth\u00e9tique de haute qualit\u00e9<\/div>\n<div class=\"product-specification-item\" data-v-420b965b=\"\" data-v-144ac00f=\"\">\n<p>Technologies :<\/p>\n<div class=\"product-specification-item-with-empty-description column-item\" data-v-2c876268=\"\" data-v-144ac00f=\"\" data-v-420b965b=\"\">Deluxe Foam<\/div>\n<div class=\"product-specification-item-with-empty-description column-item\" data-v-2c876268=\"\" data-v-144ac00f=\"\" data-v-420b965b=\"\">Charged Cushioning<\/div>\n<\/div>\n<div class=\"product-specification-item\" data-v-420b965b=\"\" data-v-144ac00f=\"\">Contient des parties non textiles d&rsquo;origine animale :\u00a0Non<\/div>\n<p class=\"column-title _heading-strong\"><strong>D\u00e9tails produit<\/strong><\/p>\n<div class=\"product-specification-item\" data-v-420b965b=\"\" data-v-144ac00f=\"\">Marque :\u00a0<a href=\"https:\/\/bestbrandmaroc.com\/categorie-produit\/marques\/under-armour\/\">Under Armour<\/a><\/div>\n<div class=\"product-specification-item\" data-v-420b965b=\"\" data-v-144ac00f=\"\"><a href=\"https:\/\/bestbrandmaroc.com\/categorie-produit\/chaussures\/baskets\/\">Chaussures<\/a> de sport :\u00a0Running<\/div>\n<div class=\"product-specification-item\" data-v-420b965b=\"\" data-v-144ac00f=\"\">Mod\u00e8le :\u00a0Ua Charged Pursuit 3 3024878-100<\/div>\n<div class=\"product-specification-item\" data-v-420b965b=\"\" data-v-144ac00f=\"\">Gamme :\u00a0Under Armour Spring\/Summer 2022<\/div>\n<div class=\"product-specification-item\" data-v-420b965b=\"\" data-v-144ac00f=\"\">Index :\u00a00000301300601<\/div>\n<p class=\"column-title _heading-strong\"><strong>Design &amp; Style<\/strong><\/p>\n<div class=\"product-specification-item\" data-v-420b965b=\"\" data-v-144ac00f=\"\">Couleur :\u00a0Gris<\/div>\n<div class=\"product-specification-item\" data-v-420b965b=\"\" data-v-144ac00f=\"\">Couleur indiqu\u00e9e par le fabricant :\u00a0Gry\/Blk<\/div>\n<div class=\"product-specification-item\" data-v-420b965b=\"\" data-v-144ac00f=\"\">Type de fermeture :\u00a0Lacets<\/div>\n<div class=\"product-specification-item\" data-v-420b965b=\"\" data-v-144ac00f=\"\">Type d&rsquo;usage :\u00a0Casual<\/div>\n<div class=\"product-specification-item\" data-v-420b965b=\"\" data-v-144ac00f=\"\">Autres :\u00a0Lacets en tissu<\/div>\n<p class=\"column-title _heading-strong\"><strong>Taille et ajustement<\/strong><\/p>\n<div class=\"product-specification-item\" data-v-420b965b=\"\" data-v-144ac00f=\"\">\u00c9paisseur de semelle :\u00a03 cm<\/div>\n<div class=\"product-specification-item\" data-v-420b965b=\"\" data-v-144ac00f=\"\">Hauteur totale de la chaussure :\u00a010 cm<\/div>\n<div class=\"product-specification-item\" data-v-420b965b=\"\" data-v-144ac00f=\"\">Poids de chaussure (pointure la plus petite) :\u00a0236 g<\/div>\n<div data-v-420b965b=\"\" data-v-144ac00f=\"\"><\/div>\n<div data-v-420b965b=\"\" data-v-144ac00f=\"\">\n<p>Les chaussures UA Charged Pursuit 3 3024878-100 de la marque Under Armour sont des chaussures de sport con\u00e7ues pour offrir des performances optimales et un confort durable. La tige en mesh respirant permet une circulation d&rsquo;air maximale pour garder les pieds au frais et au sec, tandis que la semelle interm\u00e9diaire en mousse Charged Cushioning assure un amortissement l\u00e9ger et r\u00e9actif pour une foul\u00e9e dynamique.<\/p>\n<p>La semelle ext\u00e9rieure en caoutchouc solide offre une excellente adh\u00e9rence et une traction fiable sur toutes les surfaces, pour une stabilit\u00e9 accrue lors des entra\u00eenements les plus intenses. Les chaussures sont dot\u00e9es d&rsquo;une fermeture \u00e0 lacets pour un ajustement personnalis\u00e9 et une stabilit\u00e9 accumul\u00e9e.<\/p>\n<p>Le design de la chaussure est marqu\u00e9 par un coloris blanc avec des d\u00e9tails en noir pour un style \u00e9pur\u00e9 et \u00e9l\u00e9gant. Le logo Under Armour est pr\u00e9sent sur les c\u00f4t\u00e9s de la chaussure, ajoutant une touche de style suppl\u00e9mentaire.<\/p>\n<\/div>\n<\/div>\n<\/div>\n<\/section>\n<\/div>\n<\/div>\n<\/div>\n","protected":false},"excerpt":{"rendered":"<p>Under Armour Charged D\u00c9TAILS DU PRODUIT Composition et entretien Semelle de propret\u00e9 :\u00a0Tissu Int\u00e9rieur :\u00a0Tissu Tige :\u00a0Textile\/-Tissu Semelle d&rsquo;usure :\u00a0Mati\u00e8re synth\u00e9tique de haute qualit\u00e9 Technologies : Deluxe Foam Charged Cushioning Contient des parties non textiles d&rsquo;origine animale :\u00a0Non D\u00e9tails produit Marque :\u00a0Under Armour Chaussures de sport :\u00a0Running Mod\u00e8le :\u00a0Ua Charged Pursuit 3 3024878-100 Gamme :\u00a0Under [&hellip;]<\/p>\n","protected":false},"featured_media":8884,"template":"","meta":{"_acf_changed":false,"content-type":""},"pwb-brand":[],"product_brand":[],"product_cat":[481,478,491,477],"product_tag":[],"class_list":{"0":"post-8874","1":"product","2":"type-product","3":"status-publish","4":"has-post-thumbnail","6":"product_cat-baskets-hommes","7":"product_cat-chaussureshommes","8":"product_cat-hommes","9":"product_cat-soldes","11":"first","12":"instock","13":"sale","14":"taxable","15":"shipping-taxable","16":"purchasable","17":"product-type-variable"},"acf":[],"brands":[],"_links":{"self":[{"href":"https:\/\/primosportmaroc.com\/index.php?rest_route=\/wp\/v2\/product\/8874","targetHints":{"allow":["GET"]}}],"collection":[{"href":"https:\/\/primosportmaroc.com\/index.php?rest_route=\/wp\/v2\/product"}],"about":[{"href":"https:\/\/primosportmaroc.com\/index.php?rest_route=\/wp\/v2\/types\/product"}],"wp:featuredmedia":[{"embeddable":true,"href":"https:\/\/primosportmaroc.com\/index.php?rest_route=\/wp\/v2\/media\/8884"}],"wp:attachment":[{"href":"https:\/\/primosportmaroc.com\/index.php?rest_route=%2Fwp%2Fv2%2Fmedia&parent=8874"}],"wp:term":[{"taxonomy":"pwb-brand","embeddable":true,"href":"https:\/\/primosportmaroc.com\/index.php?rest_route=%2Fwp%2Fv2%2Fpwb-brand&post=8874"},{"taxonomy":"product_brand","embeddable":true,"href":"https:\/\/primosportmaroc.com\/index.php?rest_route=%2Fwp%2Fv2%2Fproduct_brand&post=8874"},{"taxonomy":"product_cat","embeddable":true,"href":"https:\/\/primosportmaroc.com\/index.php?rest_route=%2Fwp%2Fv2%2Fproduct_cat&post=8874"},{"taxonomy":"product_tag","embeddable":true,"href":"https:\/\/primosportmaroc.com\/index.php?rest_route=%2Fwp%2Fv2%2Fproduct_tag&post=8874"}],"curies":[{"name":"wp","href":"https:\/\/api.w.org\/{rel}","templated":true}]}}