{"id":8887,"date":"2025-08-13T23:35:02","date_gmt":"2025-08-13T22:35:02","guid":{"rendered":"https:\/\/primosportmaroc.com\/?post_type=product&#038;p=8887"},"modified":"2025-08-14T10:58:50","modified_gmt":"2025-08-14T09:58:50","slug":"under-armour-claquettes-m-locker-3023758-401","status":"publish","type":"product","link":"https:\/\/primosportmaroc.com\/?product=under-armour-claquettes-m-locker-3023758-401","title":{"rendered":"Under Armour Claquettes M Locker 3023758 401"},"content":{"rendered":"<p><strong>Under Armour Claquettes M Locker 3023758 401<\/strong><\/p>\n<p>Les claquettes Under Armour M Locker sont l&rsquo;incarnation du confort et du style pour les activit\u00e9s aquatiques et les moments de d\u00e9tente. Fabriqu\u00e9es avec des mat\u00e9riaux de qualit\u00e9 sup\u00e9rieure, ces claquettes offrent une sensation de douceur et de maintien \u00e0 chaque pas. Leur design ergonomique \u00e9pouse parfaitement la forme du pied, offrant un ajustement s\u00fbr et confortable.<\/p>\n<p>Con\u00e7ues pour r\u00e9sister \u00e0 l&rsquo;humidit\u00e9, elles sont id\u00e9ales pour une utilisation en milieu aquatique, que ce soit \u00e0 la plage, \u00e0 la piscine ou sous la douche. Leur semelle ext\u00e9rieure en caoutchouc garantit une adh\u00e9rence optimale sur les surfaces glissantes.<\/p>\n<p>SP\u00c9CIFICATION<\/p>\n<table class=\"n54117_dictionary\">\n<tbody>\n<tr class=\"element\">\n<td class=\"n54117_item_a1\">Styl<span class=\"n67256colon\">:<\/span><\/td>\n<td class=\"n54117_item_b1\">\n<div class=\"n54117_item_b_sub\">Sport<\/div>\n<\/td>\n<\/tr>\n<tr class=\"element\">\n<td class=\"n54117_item_a2\">Tranche d&rsquo;\u00e2ge<span class=\"n67256colon\">:<\/span><\/td>\n<td class=\"n54117_item_b2\">\n<div class=\"n54117_item_b_sub\">adult<\/div>\n<\/td>\n<\/tr>\n<tr class=\"element\">\n<td class=\"n54117_item_a1\">Cat\u00e9gorie<span class=\"n67256colon\">:<\/span><\/td>\n<td class=\"n54117_item_b1\">\n<div class=\"n54117_item_b_sub\">Chaussure<\/div>\n<\/td>\n<\/tr>\n<tr class=\"element\">\n<td class=\"n54117_item_a2\">Mod\u00e8le<span class=\"n67256colon\">:<\/span><\/td>\n<td class=\"n54117_item_b2\">\n<div class=\"n54117_item_b_sub\">Tongs.<\/div>\n<\/td>\n<\/tr>\n<tr class=\"element\">\n<td class=\"n54117_item_a1\">Ligne<span class=\"n67256colon\">:<\/span><\/td>\n<td class=\"n54117_item_b1\">\n<div class=\"n54117_item_b_sub\">UNDER ARMOUR UA M LOCKER IV SL<\/div>\n<\/td>\n<\/tr>\n<tr class=\"element\">\n<td class=\"n54117_item_a2\">Code produit<span class=\"n67256colon\">:<\/span><\/td>\n<td class=\"n54117_item_b2\">\n<div class=\"n54117_item_b_sub\">3023758-401<\/div>\n<\/td>\n<\/tr>\n<tr class=\"element\">\n<td class=\"n54117_item_a1\">Sexe<span class=\"n67256colon\">:<\/span><\/td>\n<td class=\"n54117_item_b1\">\n<div class=\"n54117_item_b_sub\">Hommes<\/div>\n<\/td>\n<\/tr>\n<tr class=\"element\">\n<td class=\"n54117_item_a2\">Tige<span class=\"n67256colon\">:<\/span><\/td>\n<td class=\"n54117_item_b2\">\n<div class=\"n54117_item_b_sub\">Mati\u00e8re synth\u00e9tique<\/div>\n<\/td>\n<\/tr>\n<tr class=\"element\">\n<td class=\"n54117_item_a1\">Mat\u00e9riel interne<span class=\"n67256colon\">:<\/span><\/td>\n<td class=\"n54117_item_b1\">\n<div class=\"n54117_item_b_sub\">Mat\u00e9riel synth\u00e9tique<\/div>\n<\/td>\n<\/tr>\n<tr class=\"element\">\n<td class=\"n54117_item_a2\">Semelle<span class=\"n67256colon\">:<\/span><\/td>\n<td class=\"n54117_item_b2\">\n<div class=\"n54117_item_b_sub\">Caoutchouc<\/div>\n<\/td>\n<\/tr>\n<tr class=\"element\">\n<td class=\"n54117_item_a1\">Ins\u00e9rer<span class=\"n67256colon\">:<\/span><\/td>\n<td class=\"n54117_item_b1\">\n<div class=\"n54117_item_b_sub\">Synth\u00e9tique<\/div>\n<\/td>\n<\/tr>\n<tr class=\"element\">\n<td class=\"n54117_item_a2\">Type de talon<span class=\"n67256colon\">:<\/span><\/td>\n<td class=\"n54117_item_b2\">\n<div class=\"n54117_item_b_sub\">Plat<\/div>\n<\/td>\n<\/tr>\n<tr class=\"element\">\n<td class=\"n54117_item_a1\">Type de fixation<span class=\"n67256colon\">:<\/span><\/td>\n<td class=\"n54117_item_b1\">\n<div class=\"n54117_item_b_sub\">Slip-On<\/div>\n<\/td>\n<\/tr>\n<tr class=\"element\">\n<td class=\"n54117_item_a2\">Couleur<span class=\"n67256colon\">:<\/span><\/td>\n<td class=\"n54117_item_b2\">\n<div class=\"n54117_item_b_sub\">Bleu fonc\u00e9<\/div>\n<\/td>\n<\/tr>\n<tr class=\"element\">\n<td class=\"n54117_item_a1\">Hauteur des chaussures<span class=\"n67256colon\">:<\/span><\/td>\n<td class=\"n54117_item_b1\">\n<div class=\"n54117_item_b_sub\">Low Top<\/div>\n<\/td>\n<\/tr>\n<tr class=\"element\">\n<td class=\"n54117_item_a2\">Saison<span class=\"n67256colon\">:<\/span><\/td>\n<td class=\"n54117_item_b2\">\n<div class=\"n54117_item_b_sub\">Printemps\/Et\u00e9<\/div>\n<\/td>\n<\/tr>\n<tr class=\"element\">\n<td class=\"n54117_item_a1\">Symbole<span class=\"n67256colon\">:<\/span><\/td>\n<td class=\"n54117_item_b1\">\n<div class=\"n54117_item_b_sub\">3023758-401<\/div>\n<\/td>\n<\/tr>\n<\/tbody>\n<\/table>\n<p>UNDER ARMOUR UA M LOCKER IV SL 3023758-401 est parfait pour un usage quotidien et rehaussera n&rsquo;importe quel look. Enrichissez votre garde-robe et habillez-vous pour une promenade, pour le travail ou peut-?tre pour faire de l&rsquo;exercice ? C&rsquo;est vous qui d\u00e9cidez !<\/p>\n<p><strong>Under Armour Claquettes M Locker 3023758 401<\/strong><\/p>\n<p>&nbsp;<\/p>\n","protected":false},"excerpt":{"rendered":"<p>Under Armour Claquettes M Locker 3023758 401 Les claquettes Under Armour M Locker sont l&rsquo;incarnation du confort et du style pour les activit\u00e9s aquatiques et les moments de d\u00e9tente. Fabriqu\u00e9es avec des mat\u00e9riaux de qualit\u00e9 sup\u00e9rieure, ces claquettes offrent une sensation de douceur et de maintien \u00e0 chaque pas. Leur design ergonomique \u00e9pouse parfaitement la [&hellip;]<\/p>\n","protected":false},"featured_media":8890,"template":"","meta":{"_acf_changed":false,"content-type":""},"pwb-brand":[516],"product_brand":[],"product_cat":[478,482,491],"product_tag":[],"class_list":{"0":"post-8887","1":"product","2":"type-product","3":"status-publish","4":"has-post-thumbnail","6":"pwb-brand-under-armour","7":"product_cat-chaussureshommes","8":"product_cat-claquettes-et-tongs-hommes","9":"product_cat-hommes","11":"first","12":"instock","13":"taxable","14":"shipping-taxable","15":"purchasable","16":"product-type-variable"},"acf":[],"brands":[{"id":516,"name":"Under Armour","slug":"under-armour"}],"_links":{"self":[{"href":"https:\/\/primosportmaroc.com\/index.php?rest_route=\/wp\/v2\/product\/8887","targetHints":{"allow":["GET"]}}],"collection":[{"href":"https:\/\/primosportmaroc.com\/index.php?rest_route=\/wp\/v2\/product"}],"about":[{"href":"https:\/\/primosportmaroc.com\/index.php?rest_route=\/wp\/v2\/types\/product"}],"wp:featuredmedia":[{"embeddable":true,"href":"https:\/\/primosportmaroc.com\/index.php?rest_route=\/wp\/v2\/media\/8890"}],"wp:attachment":[{"href":"https:\/\/primosportmaroc.com\/index.php?rest_route=%2Fwp%2Fv2%2Fmedia&parent=8887"}],"wp:term":[{"taxonomy":"pwb-brand","embeddable":true,"href":"https:\/\/primosportmaroc.com\/index.php?rest_route=%2Fwp%2Fv2%2Fpwb-brand&post=8887"},{"taxonomy":"product_brand","embeddable":true,"href":"https:\/\/primosportmaroc.com\/index.php?rest_route=%2Fwp%2Fv2%2Fproduct_brand&post=8887"},{"taxonomy":"product_cat","embeddable":true,"href":"https:\/\/primosportmaroc.com\/index.php?rest_route=%2Fwp%2Fv2%2Fproduct_cat&post=8887"},{"taxonomy":"product_tag","embeddable":true,"href":"https:\/\/primosportmaroc.com\/index.php?rest_route=%2Fwp%2Fv2%2Fproduct_tag&post=8887"}],"curies":[{"name":"wp","href":"https:\/\/api.w.org\/{rel}","templated":true}]}}