{"id":8897,"date":"2025-08-13T23:44:11","date_gmt":"2025-08-13T22:44:11","guid":{"rendered":"https:\/\/primosportmaroc.com\/?post_type=product&#038;p=8897"},"modified":"2025-08-14T10:58:35","modified_gmt":"2025-08-14T09:58:35","slug":"under-armour-short-vanish-woven-1370382-294","status":"publish","type":"product","link":"https:\/\/primosportmaroc.com\/?product=under-armour-short-vanish-woven-1370382-294","title":{"rendered":"Under Armour Short Vanish Woven \u2013 1370382-294"},"content":{"rendered":"<p><strong><a href=\"https:\/\/bestbrandmaroc.com\/categorie-produit\/marques\/under-armour\/\">Under Armour<\/a> Short Vanish Woven &#8211; 1370382-294<\/strong><\/p>\n<div id=\"presContent\" class=\"o-block__content o-block__content--white\">\n<div class=\"fpBlk testSep extCode\" data-provider=\"None\">\n<p>Short Under Armour Vanish Woven.<\/p>\n<p>Coloris : Gris clair, Noir.<br \/>\nR\u00e9f\u00e9rence : 1370382-294.<\/p>\n<p>Ce short Under Armour est confectionn\u00e9 avec un textile tiss\u00e9 ultra-l\u00e9ger et r\u00e9sistant, con\u00e7u pour les entra\u00eenements les plus intenses.<\/p>\n<p>D\u00e9tails.<br \/>\n&#8211; Coupe a\u00e9rodynamique ni trop serr\u00e9e, ni trop ample.<br \/>\n&#8211; Sans doublure.<br \/>\n&#8211; Ourlet fendu pour plus de mobilit\u00e9 et de confort.<br \/>\n&#8211; Mati\u00e8re 4-Way\u00a0Stretch qui \u00e9pouse les formes de votre corps dans toutes les situations.<br \/>\n&#8211; Mati\u00e8re qui \u00e9limine la transpiration pour un s\u00e9chage rapide.<br \/>\n&#8211; Ceinture \u00e9lastique apparente dans le milieu du dos avec cordon \u00e0 l&rsquo;avant pour un ajustement rapide.<br \/>\n&#8211; Poches ouvertes pour les mains.<br \/>\n&#8211; Entrejambe\u00a0: 21 cm.<br \/>\n&#8211; Logo Under Armour sur le c\u00f4t\u00e9 droit.<\/p>\n<p>Mati\u00e8re : 100% polyester.<\/p>\n<\/div>\n<\/div>\n<div id=\"desc\" class=\"anchor\"><\/div>\n<div id=\"descContent\" class=\"o-block__content o-block__content--white u-mb-xl\">\n<div class=\"fpBlk testSep\" data-cs-override-id=\"Descriptif\">\n<p class=\"fpMb\">Short Under Armour Vanish Woven. Coloris : Gris clair, Noir. R\u00e9f\u00e9rence : 1370382-294. Ce short Under Armour est confectionn\u00e9 avec un textile tiss\u00e9 ultra-l\u00e9ger et r\u00e9sistant, con\u00e7u pour les entra\u00eenements les plus intenses. D\u00e9tails. &#8211; Coupe a\u00e9rodynamique ni trop serr\u00e9e, ni trop ample. &#8211; Sans doublure. &#8211; Ourlet fendu pour plus de mobilit\u00e9 et de confort. &#8211; Mati\u00e8re 4-Way Stretch qui \u00e9pouse les formes de votre corps dans to<\/p>\n<\/div>\n<\/div>\n<p class=\"datasheet-title small-12 columns\"><strong>D\u00e9tails du produit<\/strong><\/p>\n<div class=\"datasheet-wrapper\">\n<p><img fetchpriority=\"high\" decoding=\"async\" class=\"datasheet-cover-image\" src=\"https:\/\/cdn.idealo.com\/folder\/Product\/202844\/7\/202844746\/s4_produktbild_gross\/under-armour-men-s-ua-vanish-woven-shorts-pewter-black.jpg\" alt=\"Under Armour Men's UA Vanish Woven Shorts pewter\/black\" width=\"290\" height=\"241\" \/><\/p>\n<table class=\"datasheet-list\">\n<tbody>\n<tr class=\"datasheet-listItem datasheet-listItem--properties \">\n<td class=\"datasheet-listItemKey small-6 larger-4 columns\">Type de produit<\/td>\n<td class=\"datasheet-listItemValue small-6 larger-8 columns\">Short running<\/td>\n<\/tr>\n<tr class=\"datasheet-listItem datasheet-listItem--properties \">\n<td class=\"datasheet-listItemKey small-6 larger-4 columns\">Pour<\/td>\n<td class=\"datasheet-listItemValue small-6 larger-8 columns\">Homme<\/td>\n<\/tr>\n<\/tbody>\n<tbody>\n<tr class=\"datasheet-listItem datasheet-listItem--group \">\n<th>Caract\u00e9ristiques principales<\/th>\n<\/tr>\n<tr class=\"datasheet-listItem datasheet-listItem--properties \">\n<td class=\"datasheet-listItemKey small-6 larger-4 columns\">Position des \u00e9l\u00e9ments r\u00e9fl\u00e9chissants<\/td>\n<td class=\"datasheet-listItemValue small-6 larger-8 columns\">\u00c0 l&rsquo;arri\u00e8re<\/td>\n<\/tr>\n<tr class=\"datasheet-listItem datasheet-listItem--properties \">\n<td class=\"datasheet-listItemKey small-6 larger-4 columns\">Propri\u00e9t\u00e9s<\/td>\n<td class=\"datasheet-listItemValue small-6 larger-8 columns\">Respirant<\/td>\n<\/tr>\n<\/tbody>\n<tbody>\n<tr class=\"datasheet-listItem datasheet-listItem--group \">\n<th>Sp\u00e9cificit\u00e9s<\/th>\n<\/tr>\n<tr class=\"datasheet-listItem datasheet-listItem--properties \">\n<td class=\"datasheet-listItemKey small-6 larger-4 columns\">Type de poche<\/td>\n<td class=\"datasheet-listItemValue small-6 larger-8 columns\">Poches lat\u00e9rales<\/td>\n<\/tr>\n<\/tbody>\n<tbody>\n<tr class=\"datasheet-listItem datasheet-listItem--group \">\n<th>Taille &amp; Design<\/th>\n<\/tr>\n<tr class=\"datasheet-listItem datasheet-listItem--properties \">\n<td class=\"datasheet-listItemKey small-6 larger-4 columns\">Couleur<\/td>\n<td class=\"datasheet-listItemValue small-6 larger-8 columns\">Noir<\/td>\n<\/tr>\n<\/tbody>\n<\/table>\n<p><strong><a href=\"https:\/\/bestbrandmaroc.com\/categorie-produit\/marques\/under-armour\/\">Under Armour<\/a> Short Vanish Woven &#8211; 1370382-294<\/strong><\/p>\n<\/div>\n","protected":false},"excerpt":{"rendered":"<p>Under Armour Short Vanish Woven &#8211; 1370382-294 Short Under Armour Vanish Woven. Coloris : Gris clair, Noir. R\u00e9f\u00e9rence : 1370382-294. Ce short Under Armour est confectionn\u00e9 avec un textile tiss\u00e9 ultra-l\u00e9ger et r\u00e9sistant, con\u00e7u pour les entra\u00eenements les plus intenses. D\u00e9tails. &#8211; Coupe a\u00e9rodynamique ni trop serr\u00e9e, ni trop ample. &#8211; Sans doublure. &#8211; Ourlet [&hellip;]<\/p>\n","protected":false},"featured_media":8898,"template":"","meta":{"_acf_changed":false,"content-type":""},"pwb-brand":[516],"product_brand":[],"product_cat":[491,487,479],"product_tag":[],"class_list":{"0":"post-8897","1":"product","2":"type-product","3":"status-publish","4":"has-post-thumbnail","6":"pwb-brand-under-armour","7":"product_cat-hommes","8":"product_cat-short-bermuda-hommes","9":"product_cat-vetementshommes","11":"first","12":"instock","13":"taxable","14":"shipping-taxable","15":"purchasable","16":"product-type-variable"},"acf":[],"brands":[{"id":516,"name":"Under Armour","slug":"under-armour"}],"_links":{"self":[{"href":"https:\/\/primosportmaroc.com\/index.php?rest_route=\/wp\/v2\/product\/8897","targetHints":{"allow":["GET"]}}],"collection":[{"href":"https:\/\/primosportmaroc.com\/index.php?rest_route=\/wp\/v2\/product"}],"about":[{"href":"https:\/\/primosportmaroc.com\/index.php?rest_route=\/wp\/v2\/types\/product"}],"wp:featuredmedia":[{"embeddable":true,"href":"https:\/\/primosportmaroc.com\/index.php?rest_route=\/wp\/v2\/media\/8898"}],"wp:attachment":[{"href":"https:\/\/primosportmaroc.com\/index.php?rest_route=%2Fwp%2Fv2%2Fmedia&parent=8897"}],"wp:term":[{"taxonomy":"pwb-brand","embeddable":true,"href":"https:\/\/primosportmaroc.com\/index.php?rest_route=%2Fwp%2Fv2%2Fpwb-brand&post=8897"},{"taxonomy":"product_brand","embeddable":true,"href":"https:\/\/primosportmaroc.com\/index.php?rest_route=%2Fwp%2Fv2%2Fproduct_brand&post=8897"},{"taxonomy":"product_cat","embeddable":true,"href":"https:\/\/primosportmaroc.com\/index.php?rest_route=%2Fwp%2Fv2%2Fproduct_cat&post=8897"},{"taxonomy":"product_tag","embeddable":true,"href":"https:\/\/primosportmaroc.com\/index.php?rest_route=%2Fwp%2Fv2%2Fproduct_tag&post=8897"}],"curies":[{"name":"wp","href":"https:\/\/api.w.org\/{rel}","templated":true}]}}