{"id":8914,"date":"2025-08-14T00:12:58","date_gmt":"2025-08-13T23:12:58","guid":{"rendered":"https:\/\/primosportmaroc.com\/?post_type=product&#038;p=8914"},"modified":"2025-08-14T10:57:46","modified_gmt":"2025-08-14T09:57:46","slug":"under-armour-t-shirt-ua-sportstyle-left-chest-1326799-036","status":"publish","type":"product","link":"https:\/\/primosportmaroc.com\/?product=under-armour-t-shirt-ua-sportstyle-left-chest-1326799-036","title":{"rendered":"Under Armour T-shirt UA Sportstyle Left Chest-1326799 036"},"content":{"rendered":"<div><strong><a href=\"https:\/\/bestbrandmaroc.com\/categorie-produit\/marques\/under-armour\/\">Under Armour<\/a> T-shirt UA Sportstyle Left Chest-1326799 036<\/strong><\/div>\n<div><\/div>\n<div>Qu&rsquo;est-ce que \u00e7a fait?<\/div>\n<p>Tout le monde fait des T graphiques&#8230; mais Under Armour les rend meilleurs.\u00a0Le tissu que nous utilisons est l\u00e9ger, doux et s\u00e8che rapidement.<\/p>\n<p><strong>ADN<\/strong><\/p>\n<ul>\n<li>Le tissu en m\u00e9lange de coton super doux offre un confort tout au long de la journ\u00e9e<\/li>\n<li>Col c\u00f4tel\u00e9<\/li>\n<\/ul>\n<p><strong>Sp\u00e9cifications<\/strong><\/p>\n<ul>\n<li>N\u00b0 de style : 1326799<\/li>\n<li>60 % coton\/40 % polyester<\/li>\n<li>Import\u00e9<\/li>\n<\/ul>\n<p><strong>Ajustement et entretien<\/strong><\/p>\n<ul>\n<li><b>Loose\u00a0<\/b><b>:<\/b>\u00a0Coupe plus ample pour un confort total.<\/li>\n<\/ul>\n<h4>Guide des tailles et coupes<\/h4>\n<p><strong>COMMENT MESURER<\/strong><\/p>\n<div class=\"SizeChartModal_size-and-fit__details__E4JZl\">\n<p>POITRINE\u00a0: placez le ruban \u00e0 mesurer sous vos bras au niveau de la partie la plus large de votre poitrine, enroulez-le autour de votre corps jusqu&rsquo;\u00e0 ce que vos doigts se rencontrent et marquez la mesure.<\/p>\n<p>TAILLE : Mesurez autour de votre taille naturelle.\u00a0Veillez \u00e0 ne pas trop serrer pour permettre de donner.<\/p>\n<p>Grandes tailles\u00a0: toutes les tailles hautes mesurent 5\u00a0cm de plus que les tailles normales.\u00a0Les longueurs de manches sont ajust\u00e9es proportionnellement en fonction de la silhouette.<\/p>\n<\/div>\n<div class=\"SizeChartModal_size-and-fit__image-container__Bkpf_\">\n<p><strong>TABLEAU DES TAILLES<\/strong><\/p>\n<div class=\"SizeChartModal_size-and-fit__image-container__Bkpf_\"><img decoding=\"async\" src=\"https:\/\/underarmour.scene7.com\/is\/image\/Underarmour\/170914_SizeChart_Measurement_M_TOP_IMAGE?qlt=75&amp;fmt=jpg&amp;scl=1&amp;wid=400&amp;hei=400&amp;size=400%2C400\" srcset=\"https:\/\/underarmour.scene7.com\/is\/image\/Underarmour\/170914_SizeChart_Measurement_M_TOP_IMAGE?qlt=75&amp;fmt=jpg&amp;scl=1&amp;wid=384&amp;hei=384&amp;size=384%2C384 1x, https:\/\/underarmour.scene7.com\/is\/image\/Underarmour\/170914_SizeChart_Measurement_M_TOP_IMAGE?qlt=75&amp;fmt=jpg&amp;scl=1&amp;wid=400&amp;hei=400&amp;size=400%2C400 2x\" alt=\"Hauts pour hommes\" aria-hidden=\"true\" data-nimg=\"intrinsic\" \/><\/div>\n<div class=\"SizeChartModal_table-wrapper__lhIgm\"><\/div>\n<div class=\"SizeChartModal_table-wrapper__lhIgm\">\n<table aria-describedby=\"chart-disclaimer\">\n<caption class=\"visually-hidden\">Tableau des tailles (Centim\u00e8tres)<\/caption>\n<thead>\n<tr>\n<th data-hidden=\"true\">Taille<\/th>\n<th data-hidden=\"false\">Buste (cm)<\/th>\n<th data-hidden=\"false\">Taille (cm)<\/th>\n<\/tr>\n<\/thead>\n<tbody>\n<tr>\n<th scope=\"row\">XS<\/th>\n<td>79 &#8211; 86<\/td>\n<td>71 &#8211; 74<\/td>\n<\/tr>\n<tr>\n<th scope=\"row\">SM<\/th>\n<td>86 &#8211; 94<\/td>\n<td>74 &#8211; 79<\/td>\n<\/tr>\n<tr>\n<th scope=\"row\">MARYLAND<\/th>\n<td>94 &#8211; 104<\/td>\n<td>79 &#8211; 86<\/td>\n<\/tr>\n<tr>\n<th scope=\"row\">LG<\/th>\n<td>104 &#8211; 112<\/td>\n<td>86 &#8211; 94<\/td>\n<\/tr>\n<tr>\n<th scope=\"row\">XL<\/th>\n<td>112 &#8211; 122<\/td>\n<td>94 &#8211; 104<\/td>\n<\/tr>\n<tr>\n<th scope=\"row\">XXL<\/th>\n<td>122 &#8211; 132<\/td>\n<td>104 &#8211; 116<\/td>\n<\/tr>\n<tr>\n<th scope=\"row\">3XL<\/th>\n<td>132 &#8211; 142<\/td>\n<td>116 &#8211; 127<\/td>\n<\/tr>\n<tr>\n<th scope=\"row\">4XL<\/th>\n<td>142 &#8211; 152<\/td>\n<td>127 &#8211; 138<\/td>\n<\/tr>\n<tr>\n<th scope=\"row\">5XL<\/th>\n<td>152 &#8211; 163<\/td>\n<td>138 &#8211; 150<\/td>\n<\/tr>\n<\/tbody>\n<\/table>\n<p>Under Armour T-shirt UA Sportstyle Left Chest-1326799 036<\/p>\n<\/div>\n<\/div>\n","protected":false},"excerpt":{"rendered":"<p>Under Armour T-shirt UA Sportstyle Left Chest-1326799 036 Qu&rsquo;est-ce que \u00e7a fait? Tout le monde fait des T graphiques&#8230; mais Under Armour les rend meilleurs.\u00a0Le tissu que nous utilisons est l\u00e9ger, doux et s\u00e8che rapidement. ADN Le tissu en m\u00e9lange de coton super doux offre un confort tout au long de la journ\u00e9e Col c\u00f4tel\u00e9 [&hellip;]<\/p>\n","protected":false},"featured_media":8919,"template":"","meta":{"_acf_changed":false,"content-type":""},"pwb-brand":[516],"product_brand":[],"product_cat":[491,486,479],"product_tag":[],"class_list":{"0":"post-8914","1":"product","2":"type-product","3":"status-publish","4":"has-post-thumbnail","6":"pwb-brand-under-armour","7":"product_cat-hommes","8":"product_cat-t-shirt-polo-hommes","9":"product_cat-vetementshommes","11":"first","12":"instock","13":"taxable","14":"shipping-taxable","15":"purchasable","16":"product-type-variable"},"acf":[],"brands":[{"id":516,"name":"Under Armour","slug":"under-armour"}],"_links":{"self":[{"href":"https:\/\/primosportmaroc.com\/index.php?rest_route=\/wp\/v2\/product\/8914","targetHints":{"allow":["GET"]}}],"collection":[{"href":"https:\/\/primosportmaroc.com\/index.php?rest_route=\/wp\/v2\/product"}],"about":[{"href":"https:\/\/primosportmaroc.com\/index.php?rest_route=\/wp\/v2\/types\/product"}],"wp:featuredmedia":[{"embeddable":true,"href":"https:\/\/primosportmaroc.com\/index.php?rest_route=\/wp\/v2\/media\/8919"}],"wp:attachment":[{"href":"https:\/\/primosportmaroc.com\/index.php?rest_route=%2Fwp%2Fv2%2Fmedia&parent=8914"}],"wp:term":[{"taxonomy":"pwb-brand","embeddable":true,"href":"https:\/\/primosportmaroc.com\/index.php?rest_route=%2Fwp%2Fv2%2Fpwb-brand&post=8914"},{"taxonomy":"product_brand","embeddable":true,"href":"https:\/\/primosportmaroc.com\/index.php?rest_route=%2Fwp%2Fv2%2Fproduct_brand&post=8914"},{"taxonomy":"product_cat","embeddable":true,"href":"https:\/\/primosportmaroc.com\/index.php?rest_route=%2Fwp%2Fv2%2Fproduct_cat&post=8914"},{"taxonomy":"product_tag","embeddable":true,"href":"https:\/\/primosportmaroc.com\/index.php?rest_route=%2Fwp%2Fv2%2Fproduct_tag&post=8914"}],"curies":[{"name":"wp","href":"https:\/\/api.w.org\/{rel}","templated":true}]}}