{"id":8921,"date":"2025-08-14T00:27:33","date_gmt":"2025-08-13T23:27:33","guid":{"rendered":"https:\/\/primosportmaroc.com\/?post_type=product&#038;p=8921"},"modified":"2025-08-14T10:57:21","modified_gmt":"2025-08-14T09:57:21","slug":"under-armour-t-shirt-big-logo-graph-1329583-015","status":"publish","type":"product","link":"https:\/\/primosportmaroc.com\/?product=under-armour-t-shirt-big-logo-graph-1329583-015","title":{"rendered":"Under Armour T-Shirt Big Logo Graph \u2013 1329583-015"},"content":{"rendered":"<p><strong>Under Armour T-Shirt Big Logo Graph &#8211; 1329583-015<\/strong><\/p>\n<p>Les T-shirt Under Armour style Training de bonne qualit\u00e9. En achetant les T-shirt Under Armour vous choisissez un produit solide et v\u00e9rifi\u00e9. Pourquoi est-ce que ce mod\u00e8le Under Armour est si exceptionnel? Certainement, le design unique, les mat\u00e9riaux l\u00e9g\u00e8res, r\u00e9sistants et conviviaux dont on les a produites. Ce sont des excellents T-shirt pour Homme consacr\u00e9es pour toute saison.<\/p>\n<ul class=\"a-unordered-list a-vertical a-spacing-mini\">\n<li class=\"a-spacing-mini\"><span class=\"a-list-item\">100% Composite<\/span><\/li>\n<li class=\"a-spacing-mini\"><span class=\"a-list-item\">Lavage \u00e0 la main seulement<\/span><\/li>\n<li class=\"a-spacing-mini\"><span class=\"a-list-item\">Type de col: Collier One Piece<\/span><\/li>\n<li class=\"a-spacing-mini\"><span class=\"a-list-item\">Droite<\/span><\/li>\n<li class=\"a-spacing-mini\"><span class=\"a-list-item\">Manche courte<\/span><\/li>\n<\/ul>\n<h4>Guide des tailles et coupes<\/h4>\n<p><strong>COMMENT MESURER<\/strong><\/p>\n<div class=\"SizeChartModal_size-and-fit__details__E4JZl\">\n<p>POITRINE\u00a0: placez le ruban \u00e0 mesurer sous vos bras au niveau de la partie la plus large de votre poitrine, enroulez-le autour de votre corps jusqu&rsquo;\u00e0 ce que vos doigts se rencontrent et marquez la mesure.<\/p>\n<p>TAILLE : Mesurez autour de votre taille naturelle.\u00a0Veillez \u00e0 ne pas trop serrer pour permettre de donner.<\/p>\n<p>Grandes tailles\u00a0: toutes les tailles hautes mesurent 5\u00a0cm de plus que les tailles normales.\u00a0Les longueurs de manches sont ajust\u00e9es proportionnellement en fonction de la silhouette.<\/p>\n<\/div>\n<div class=\"SizeChartModal_size-and-fit__image-container__Bkpf_\">\n<p><strong>TABLEAU DES TAILLES<\/strong><\/p>\n<div class=\"SizeChartModal_size-and-fit__image-container__Bkpf_\"><img decoding=\"async\" src=\"https:\/\/underarmour.scene7.com\/is\/image\/Underarmour\/170914_SizeChart_Measurement_M_TOP_IMAGE?qlt=75&amp;fmt=jpg&amp;scl=1&amp;wid=400&amp;hei=400&amp;size=400%2C400\" srcset=\"https:\/\/underarmour.scene7.com\/is\/image\/Underarmour\/170914_SizeChart_Measurement_M_TOP_IMAGE?qlt=75&amp;fmt=jpg&amp;scl=1&amp;wid=384&amp;hei=384&amp;size=384%2C384 1x, https:\/\/underarmour.scene7.com\/is\/image\/Underarmour\/170914_SizeChart_Measurement_M_TOP_IMAGE?qlt=75&amp;fmt=jpg&amp;scl=1&amp;wid=400&amp;hei=400&amp;size=400%2C400 2x\" alt=\"Hauts pour hommes\" aria-hidden=\"true\" data-nimg=\"intrinsic\" \/><\/div>\n<div class=\"SizeChartModal_table-wrapper__lhIgm\"><\/div>\n<div class=\"SizeChartModal_table-wrapper__lhIgm\">\n<table aria-describedby=\"chart-disclaimer\">\n<caption class=\"visually-hidden\">Tableau des tailles (Centim\u00e8tres)<\/caption>\n<thead>\n<tr>\n<th data-hidden=\"true\">Taille<\/th>\n<th data-hidden=\"false\">Buste (cm)<\/th>\n<th data-hidden=\"false\">Taille (cm)<\/th>\n<\/tr>\n<\/thead>\n<tbody>\n<tr>\n<th scope=\"row\">XS<\/th>\n<td>79 &#8211; 86<\/td>\n<td>71 &#8211; 74<\/td>\n<\/tr>\n<tr>\n<th scope=\"row\">SM<\/th>\n<td>86 &#8211; 94<\/td>\n<td>74 &#8211; 79<\/td>\n<\/tr>\n<tr>\n<th scope=\"row\">MARYLAND<\/th>\n<td>94 &#8211; 104<\/td>\n<td>79 &#8211; 86<\/td>\n<\/tr>\n<tr>\n<th scope=\"row\">LG<\/th>\n<td>104 &#8211; 112<\/td>\n<td>86 &#8211; 94<\/td>\n<\/tr>\n<tr>\n<th scope=\"row\">XL<\/th>\n<td>112 &#8211; 122<\/td>\n<td>94 &#8211; 104<\/td>\n<\/tr>\n<tr>\n<th scope=\"row\">XXL<\/th>\n<td>122 &#8211; 132<\/td>\n<td>104 &#8211; 116<\/td>\n<\/tr>\n<tr>\n<th scope=\"row\">3XL<\/th>\n<td>132 &#8211; 142<\/td>\n<td>116 &#8211; 127<\/td>\n<\/tr>\n<tr>\n<th scope=\"row\">4XL<\/th>\n<td>142 &#8211; 152<\/td>\n<td>127 &#8211; 138<\/td>\n<\/tr>\n<tr>\n<th scope=\"row\">5XL<\/th>\n<td>152 &#8211; 163<\/td>\n<td>138 &#8211; 150<\/td>\n<\/tr>\n<\/tbody>\n<\/table>\n<p>Under Armour T-Shirt Big Logo Graph &#8211; 1329583-015<\/p>\n<\/div>\n<\/div>\n","protected":false},"excerpt":{"rendered":"<p>Under Armour T-Shirt Big Logo Graph &#8211; 1329583-015 Les T-shirt Under Armour style Training de bonne qualit\u00e9. En achetant les T-shirt Under Armour vous choisissez un produit solide et v\u00e9rifi\u00e9. Pourquoi est-ce que ce mod\u00e8le Under Armour est si exceptionnel? Certainement, le design unique, les mat\u00e9riaux l\u00e9g\u00e8res, r\u00e9sistants et conviviaux dont on les a produites. [&hellip;]<\/p>\n","protected":false},"featured_media":8922,"template":"","meta":{"_acf_changed":false,"content-type":""},"pwb-brand":[516],"product_brand":[],"product_cat":[491,486,479],"product_tag":[],"class_list":{"0":"post-8921","1":"product","2":"type-product","3":"status-publish","4":"has-post-thumbnail","6":"pwb-brand-under-armour","7":"product_cat-hommes","8":"product_cat-t-shirt-polo-hommes","9":"product_cat-vetementshommes","11":"first","12":"instock","13":"taxable","14":"shipping-taxable","15":"purchasable","16":"product-type-variable"},"acf":[],"brands":[{"id":516,"name":"Under Armour","slug":"under-armour"}],"_links":{"self":[{"href":"https:\/\/primosportmaroc.com\/index.php?rest_route=\/wp\/v2\/product\/8921","targetHints":{"allow":["GET"]}}],"collection":[{"href":"https:\/\/primosportmaroc.com\/index.php?rest_route=\/wp\/v2\/product"}],"about":[{"href":"https:\/\/primosportmaroc.com\/index.php?rest_route=\/wp\/v2\/types\/product"}],"wp:featuredmedia":[{"embeddable":true,"href":"https:\/\/primosportmaroc.com\/index.php?rest_route=\/wp\/v2\/media\/8922"}],"wp:attachment":[{"href":"https:\/\/primosportmaroc.com\/index.php?rest_route=%2Fwp%2Fv2%2Fmedia&parent=8921"}],"wp:term":[{"taxonomy":"pwb-brand","embeddable":true,"href":"https:\/\/primosportmaroc.com\/index.php?rest_route=%2Fwp%2Fv2%2Fpwb-brand&post=8921"},{"taxonomy":"product_brand","embeddable":true,"href":"https:\/\/primosportmaroc.com\/index.php?rest_route=%2Fwp%2Fv2%2Fproduct_brand&post=8921"},{"taxonomy":"product_cat","embeddable":true,"href":"https:\/\/primosportmaroc.com\/index.php?rest_route=%2Fwp%2Fv2%2Fproduct_cat&post=8921"},{"taxonomy":"product_tag","embeddable":true,"href":"https:\/\/primosportmaroc.com\/index.php?rest_route=%2Fwp%2Fv2%2Fproduct_tag&post=8921"}],"curies":[{"name":"wp","href":"https:\/\/api.w.org\/{rel}","templated":true}]}}