{"id":8954,"date":"2025-08-14T12:50:07","date_gmt":"2025-08-14T11:50:07","guid":{"rendered":"https:\/\/primosportmaroc.com\/?post_type=product&#038;p=8954"},"modified":"2025-08-14T12:50:45","modified_gmt":"2025-08-14T11:50:45","slug":"new-balance-essentials-mt01575-ag-stacked-logo-tee","status":"publish","type":"product","link":"https:\/\/primosportmaroc.com\/?product=new-balance-essentials-mt01575-ag-stacked-logo-tee","title":{"rendered":"New Balance Essentials MT01575-AG Stacked Logo Tee"},"content":{"rendered":"<div class=\"product-desc\">\n<p>New Balance Essentials MT01575-AG Stacked Logo Tee<\/p>\n<p><strong>DESCRIPTION<\/strong><\/p>\n<p>Le T-shirt \u00e0 logo superpos\u00e9 NB Essentials est une pi\u00e8ce incontournable pour les amateurs de style d\u00e9contract\u00e9 et moderne. Fabriqu\u00e9 avec des mat\u00e9riaux de haute qualit\u00e9, ce T-shirt offre un confort ultime tout au long de la journ\u00e9e. Son design unique pr\u00e9sente un logo NB Essentials superpos\u00e9, ajoutant une touche d\u2019originalit\u00e9 et d\u2019\u00e9l\u00e9gance \u00e0 votre tenue. Polyvalent et facile \u00e0 porter, il s\u2019int\u00e8gre parfaitement \u00e0 n\u2019importe quelle garde-robe, que ce soit pour une sortie d\u00e9contract\u00e9e entre amis ou une journ\u00e9e d\u00e9tente \u00e0 la maison. Affirmez votre style avec ce T-shirt qui allie parfaitement confort, qualit\u00e9 et esth\u00e9tique.<\/p>\n<\/div>\n<div class=\"product-image\">\n<div class=\"descriptionTabProductName\">\n<p><strong>d\u00e9tails du produit<\/strong><\/p>\n<div id=\"collapseDetails2\" class=\"font-body-large pb-3 collapse show\">\n<div class=\"product-details-header ml-2 mb-2\">Caract\u00e9ristiques<\/div>\n<div class=\"ecom-bullets ml-3 mt-0\">\n<ul>\n<li>Le tissu en jersey de coton confortable est id\u00e9al \u00e0 porter toute la journ\u00e9e<\/li>\n<li>Coupe athl\u00e9tique con\u00e7ue pour effleurer la poitrine, la taille et les hanches \u2013 parfaite pour les mouvements actifs avec une coupe pas trop serr\u00e9e<\/li>\n<li>Col rond<\/li>\n<li>Logo Stacked NB s\u00e9rigraphi\u00e9<\/li>\n<li>D\u00e9tail du logo de l\u2019onglet tiss\u00e9<\/li>\n<li>100% Coton<\/li>\n<li>Import\u00e9<\/li>\n<\/ul>\n<\/div>\n<div class=\"product-details-header ml-2 mb-2\"><strong>Taille et coupe<\/strong><\/div>\n<div><\/div>\n<\/div>\n<\/div>\n<div class=\"experience-component experience-commerce_assets-TableComponent\" data-component-index=\"1\">\n<div class=\"\npy-1\n\n\"><\/p>\n<div id=\"pdTableWrapper\" class=\"table-component container pdp-size-chart-table table-responsive\" contenteditable=\"false\" data-table=\"tablePdpSizeChart\">\n<table id=\"pdCustomTable\" class=\"table table-striped table-sm\" data-columns=\"4\" data-rows=\"10\">\n<tbody>\n<tr>\n<td><\/td>\n<td>Poitrine<\/td>\n<td>Taille<\/td>\n<td>Si\u00e8ge<\/td>\n<\/tr>\n<tr>\n<td><b>XS<\/b><\/td>\n<td>33-35<\/td>\n<td>27-29<\/td>\n<td>32-34<\/td>\n<\/tr>\n<tr>\n<td><b>S<\/b><\/td>\n<td>35-38<\/td>\n<td>29-31<\/td>\n<td>34-37<\/td>\n<\/tr>\n<tr>\n<td><b>M<\/b><\/td>\n<td>38-41<\/td>\n<td>31-34<\/td>\n<td>37-40<\/td>\n<\/tr>\n<tr>\n<td><b>L<\/b><\/td>\n<td>41-44<\/td>\n<td>34-37<\/td>\n<td>40-43<\/td>\n<\/tr>\n<tr>\n<td><b>XL<\/b><\/td>\n<td>44-48<\/td>\n<td>37-41<\/td>\n<td>43-46<\/td>\n<\/tr>\n<tr>\n<td><b>XXL<\/b><\/td>\n<td>48-53<\/td>\n<td>41-46<\/td>\n<td>46-50<\/td>\n<\/tr>\n<tr>\n<td><b>3XL<\/b><\/td>\n<td>53-57<\/td>\n<td>46-50<\/td>\n<td>50-54<\/td>\n<\/tr>\n<tr>\n<td><b>4XL<\/b><\/td>\n<td>57-61<\/td>\n<td>50-54<\/td>\n<td>54-58<\/td>\n<\/tr>\n<tr>\n<td><b>5XL<\/b><\/td>\n<td>61-65<\/td>\n<td>54-58<\/td>\n<td>58-62<\/td>\n<\/tr>\n<\/tbody>\n<\/table>\n<\/div>\n<div class=\"product-id-for my-2\"><span class=\"product-id-label\">Style #:\u00a0<\/span><span class=\"product-id-value\">MT01575AG<\/span><\/div>\n<div class=\"shop-all my-2\">Magasinez toutes\u00a0<span class=\"lowercase\">les chemises<\/span><\/div>\n<\/div>\n<\/div>\n<p>New Balance Essentials MT01575-AG<\/p>\n<\/div>\n","protected":false},"excerpt":{"rendered":"<p>New Balance Essentials MT01575-AG Stacked Logo Tee DESCRIPTION Le T-shirt \u00e0 logo superpos\u00e9 NB Essentials est une pi\u00e8ce incontournable pour les amateurs de style d\u00e9contract\u00e9 et moderne. Fabriqu\u00e9 avec des mat\u00e9riaux de haute qualit\u00e9, ce T-shirt offre un confort ultime tout au long de la journ\u00e9e. Son design unique pr\u00e9sente un logo NB Essentials superpos\u00e9, [&hellip;]<\/p>\n","protected":false},"featured_media":8955,"template":"","meta":{"_acf_changed":false,"content-type":""},"pwb-brand":[518],"product_brand":[],"product_cat":[491,486,479],"product_tag":[],"class_list":{"0":"post-8954","1":"product","2":"type-product","3":"status-publish","4":"has-post-thumbnail","6":"pwb-brand-new-balance","7":"product_cat-hommes","8":"product_cat-t-shirt-polo-hommes","9":"product_cat-vetementshommes","11":"first","12":"instock","13":"taxable","14":"shipping-taxable","15":"purchasable","16":"product-type-variable"},"acf":[],"brands":[{"id":518,"name":"New Balance","slug":"new-balance"}],"_links":{"self":[{"href":"https:\/\/primosportmaroc.com\/index.php?rest_route=\/wp\/v2\/product\/8954","targetHints":{"allow":["GET"]}}],"collection":[{"href":"https:\/\/primosportmaroc.com\/index.php?rest_route=\/wp\/v2\/product"}],"about":[{"href":"https:\/\/primosportmaroc.com\/index.php?rest_route=\/wp\/v2\/types\/product"}],"wp:featuredmedia":[{"embeddable":true,"href":"https:\/\/primosportmaroc.com\/index.php?rest_route=\/wp\/v2\/media\/8955"}],"wp:attachment":[{"href":"https:\/\/primosportmaroc.com\/index.php?rest_route=%2Fwp%2Fv2%2Fmedia&parent=8954"}],"wp:term":[{"taxonomy":"pwb-brand","embeddable":true,"href":"https:\/\/primosportmaroc.com\/index.php?rest_route=%2Fwp%2Fv2%2Fpwb-brand&post=8954"},{"taxonomy":"product_brand","embeddable":true,"href":"https:\/\/primosportmaroc.com\/index.php?rest_route=%2Fwp%2Fv2%2Fproduct_brand&post=8954"},{"taxonomy":"product_cat","embeddable":true,"href":"https:\/\/primosportmaroc.com\/index.php?rest_route=%2Fwp%2Fv2%2Fproduct_cat&post=8954"},{"taxonomy":"product_tag","embeddable":true,"href":"https:\/\/primosportmaroc.com\/index.php?rest_route=%2Fwp%2Fv2%2Fproduct_tag&post=8954"}],"curies":[{"name":"wp","href":"https:\/\/api.w.org\/{rel}","templated":true}]}}