{"id":8970,"date":"2025-08-14T12:57:30","date_gmt":"2025-08-14T11:57:30","guid":{"rendered":"https:\/\/primosportmaroc.com\/?post_type=product&#038;p=8970"},"modified":"2025-08-14T12:57:30","modified_gmt":"2025-08-14T11:57:30","slug":"new-balance-essentials-ms03558-ecl-stacked-logo-short","status":"publish","type":"product","link":"https:\/\/primosportmaroc.com\/?product=new-balance-essentials-ms03558-ecl-stacked-logo-short","title":{"rendered":"New Balance Essentials MS03558-ECL Stacked Logo Short"},"content":{"rendered":"<p><strong>New Balance Essentials MS03558-ECL Stacked Logo Short\u00a0<\/strong><\/p>\n<div class=\"description-title\"><strong><span class=\"bold\">Description<\/span><\/strong><\/div>\n<p>Le short Essentials Stacked Logo pour hommes est con\u00e7u pour une coupe athl\u00e9tique, ce qui garantit qu\u2019il monte pr\u00e8s de votre corps tout en effleurant vos hanches et vos cuisses.\u00a0En plus du cordon de serrage, ce short pour homme offre un ajustement confortable et s\u00fbr sans compromettre votre amplitude de mouvement.\u00a0Le tricot French Terry offre une sensation douce contre votre peau pour plus de confort.<\/p>\n<p><strong>d\u00e9tails du produit<\/strong><\/p>\n<div id=\"collapseDetails2\" class=\"font-body-large pb-3 collapse show\">\n<div class=\"product-details-header ml-2 mb-2\">Caract\u00e9ristiques<\/div>\n<div class=\"ecom-bullets ml-3 mt-0\">\n<ul>\n<li>Le tricot French Terry offre une sensation douce et lisse contre votre peau<\/li>\n<li>Coupe athl\u00e9tique con\u00e7ue pour s\u2019\u00e9lever pr\u00e8s de votre corps et effleurer la hanche et la cuisse \u2013 parfaite pour les mouvements actifs avec une coupe qui n\u2019est pas trop serr\u00e9e<\/li>\n<li>La fermeture \u00e0 cordon de serrage offre un ajustement parfait et s\u00fbr, id\u00e9al pour les v\u00eatements d\u00e9contract\u00e9s<\/li>\n<li>Logo s\u00e9rigraphi\u00e9 empil\u00e9 sur la poitrine pour une esth\u00e9tique audacieuse et moderne<\/li>\n<li>60 % coton, 40 % polyester<\/li>\n<li>Import\u00e9<\/li>\n<\/ul>\n<p>Taille et coupe<\/p>\n<div class=\"experience-component experience-commerce_assets-TextComponent\" data-component-index=\"0\">\n<div class=\"text-component-container container\ntext-left\n\npy-3\n\ntext-component-red-line\n\"><\/p>\n<div class=\"row align-items-center\n\n\"><\/p>\n<div class=\"col-12\">\n<p>Tableau des tailles et coupes des v\u00eatements pour hommes<\/p>\n<\/div>\n<\/div>\n<\/div>\n<\/div>\n<div class=\"experience-component experience-commerce_assets-TableComponent\" data-component-index=\"1\">\n<div class=\"\npy-1\n\n\"><\/p>\n<div id=\"pdTableWrapper\" class=\"table-component container pdp-size-chart-table table-responsive\" contenteditable=\"false\" data-table=\"tablePdpSizeChart\">\n<table id=\"pdCustomTable\" class=\"table table-striped table-sm\" data-columns=\"4\" data-rows=\"10\">\n<tbody>\n<tr>\n<td><\/td>\n<td>Poitrine<\/td>\n<td>Taille<\/td>\n<td>Si\u00e8ge<\/td>\n<\/tr>\n<tr>\n<td><b>XS<\/b><\/td>\n<td>33-35<\/td>\n<td>27-29<\/td>\n<td>32-34<\/td>\n<\/tr>\n<tr>\n<td><b>S<\/b><\/td>\n<td>35-38<\/td>\n<td>29-31<\/td>\n<td>34-37<\/td>\n<\/tr>\n<tr>\n<td><b>M<\/b><\/td>\n<td>38-41<\/td>\n<td>31-34<\/td>\n<td>37-40<\/td>\n<\/tr>\n<tr>\n<td><b>L<\/b><\/td>\n<td>41-44<\/td>\n<td>34-37<\/td>\n<td>40-43<\/td>\n<\/tr>\n<tr>\n<td><b>XL<\/b><\/td>\n<td>44-48<\/td>\n<td>37-41<\/td>\n<td>43-46<\/td>\n<\/tr>\n<tr>\n<td><b>XXL<\/b><\/td>\n<td>48-53<\/td>\n<td>41-46<\/td>\n<td>46-50<\/td>\n<\/tr>\n<tr>\n<td><b>3XL<\/b><\/td>\n<td>53-57<\/td>\n<td>46-50<\/td>\n<td>50-54<\/td>\n<\/tr>\n<tr>\n<td><b>4XL<\/b><\/td>\n<td>57-61<\/td>\n<td>50-54<\/td>\n<td>54-58<\/td>\n<\/tr>\n<tr>\n<td><b>5XL<\/b><\/td>\n<td>61-65<\/td>\n<td>54-58<\/td>\n<td>58-62<\/td>\n<\/tr>\n<\/tbody>\n<\/table>\n<\/div>\n<div class=\"product-id-for my-2\"><span class=\"product-id-label\">Style #:\u00a0<strong>MS03558-ECL<\/strong><\/span><\/div>\n<div class=\"shop-all my-2\">Magasinez tous\u00a0<span class=\"lowercase\">les shorts<\/span><\/div>\n<div>New Balance Essentials MS03558-ECL Stacked Logo Short<\/div>\n<\/div>\n<\/div>\n<\/div>\n<\/div>\n","protected":false},"excerpt":{"rendered":"<p>New Balance Essentials MS03558-ECL Stacked Logo Short\u00a0 Description Le short Essentials Stacked Logo pour hommes est con\u00e7u pour une coupe athl\u00e9tique, ce qui garantit qu\u2019il monte pr\u00e8s de votre corps tout en effleurant vos hanches et vos cuisses.\u00a0En plus du cordon de serrage, ce short pour homme offre un ajustement confortable et s\u00fbr sans compromettre [&hellip;]<\/p>\n","protected":false},"featured_media":8963,"template":"","meta":{"_acf_changed":false,"content-type":""},"pwb-brand":[518],"product_brand":[],"product_cat":[491,487,479],"product_tag":[],"class_list":{"0":"post-8970","1":"product","2":"type-product","3":"status-publish","4":"has-post-thumbnail","6":"pwb-brand-new-balance","7":"product_cat-hommes","8":"product_cat-short-bermuda-hommes","9":"product_cat-vetementshommes","11":"first","12":"instock","13":"taxable","14":"shipping-taxable","15":"purchasable","16":"product-type-variable"},"acf":[],"brands":[{"id":518,"name":"New Balance","slug":"new-balance"}],"_links":{"self":[{"href":"https:\/\/primosportmaroc.com\/index.php?rest_route=\/wp\/v2\/product\/8970","targetHints":{"allow":["GET"]}}],"collection":[{"href":"https:\/\/primosportmaroc.com\/index.php?rest_route=\/wp\/v2\/product"}],"about":[{"href":"https:\/\/primosportmaroc.com\/index.php?rest_route=\/wp\/v2\/types\/product"}],"wp:featuredmedia":[{"embeddable":true,"href":"https:\/\/primosportmaroc.com\/index.php?rest_route=\/wp\/v2\/media\/8963"}],"wp:attachment":[{"href":"https:\/\/primosportmaroc.com\/index.php?rest_route=%2Fwp%2Fv2%2Fmedia&parent=8970"}],"wp:term":[{"taxonomy":"pwb-brand","embeddable":true,"href":"https:\/\/primosportmaroc.com\/index.php?rest_route=%2Fwp%2Fv2%2Fpwb-brand&post=8970"},{"taxonomy":"product_brand","embeddable":true,"href":"https:\/\/primosportmaroc.com\/index.php?rest_route=%2Fwp%2Fv2%2Fproduct_brand&post=8970"},{"taxonomy":"product_cat","embeddable":true,"href":"https:\/\/primosportmaroc.com\/index.php?rest_route=%2Fwp%2Fv2%2Fproduct_cat&post=8970"},{"taxonomy":"product_tag","embeddable":true,"href":"https:\/\/primosportmaroc.com\/index.php?rest_route=%2Fwp%2Fv2%2Fproduct_tag&post=8970"}],"curies":[{"name":"wp","href":"https:\/\/api.w.org\/{rel}","templated":true}]}}