{"id":9024,"date":"2025-08-15T11:26:15","date_gmt":"2025-08-15T10:26:15","guid":{"rendered":"https:\/\/primosportmaroc.com\/?post_type=product&#038;p=9024"},"modified":"2025-08-15T18:06:34","modified_gmt":"2025-08-15T17:06:34","slug":"chaussures-adidas-superstar-ef5399","status":"publish","type":"product","link":"https:\/\/primosportmaroc.com\/?product=chaussures-adidas-superstar-ef5399","title":{"rendered":"Chaussures adidas \u2013 Superstar EF5399"},"content":{"rendered":"<div class=\"product-name\"><strong><span dir=\"auto\">Chaussures Superstar<\/span><\/strong><\/div>\n<div class=\"value content product-sub-headline\"><span dir=\"auto\">Style Shell-toe pour la prochaine g\u00e9n\u00e9ration de sneakerheads.<\/span><\/div>\n<div class=\"value content product-desc-short\"><span dir=\"auto\">\u00c0 l&rsquo;\u00e9poque, c&rsquo;\u00e9tait la basket basse incontournable. Aujourd&rsquo;hui, c&rsquo;est une ic\u00f4ne du streetwear. Ces chaussures junior c\u00e9l\u00e8brent les 50 ans de l&rsquo;adidas Superstar. Du bout classique aux 3 bandes dentel\u00e9es, cette \u00e9dition anniversaire rend hommage au design adidas embl\u00e9matique. Mont\u00e9es sur une semelle cupsole en caoutchouc confortable, elles sont tendance et fun, quelle que soit leur couleur.<\/span><\/div>\n<div>\n<div class=\"col-12\">\n<h2 class=\"title accordionParent\"><a><span dir=\"auto\">D\u00e9tails du produit<\/span><\/a><\/h2>\n<\/div>\n<div class=\"col-12 value content accordionChild\">\n<ul class=\"product-bullets list-unstyled\">\n<li class=\"product-bullet\"><span dir=\"auto\">Coupe r\u00e9guli\u00e8re<\/span><\/li>\n<li class=\"product-bullet\"><span dir=\"auto\">Fermeture en dentelle<\/span><\/li>\n<li class=\"product-bullet\"><span dir=\"auto\">Tige en cuir<\/span><\/li>\n<li class=\"product-bullet\"><span dir=\"auto\">Baskets en cuir embl\u00e9matiques \u00e0 porter au quotidien<\/span><\/li>\n<li class=\"product-bullet\"><span dir=\"auto\">Semelle int\u00e9rieure moul\u00e9e<\/span><\/li>\n<li class=\"product-bullet\"><span dir=\"auto\">Code produit : EF5399<\/span><\/li>\n<\/ul>\n<\/div>\n<\/div>\n","protected":false},"excerpt":{"rendered":"<p>Chaussures Superstar Style Shell-toe pour la prochaine g\u00e9n\u00e9ration de sneakerheads. \u00c0 l&rsquo;\u00e9poque, c&rsquo;\u00e9tait la basket basse incontournable. Aujourd&rsquo;hui, c&rsquo;est une ic\u00f4ne du streetwear. Ces chaussures junior c\u00e9l\u00e8brent les 50 ans de l&rsquo;adidas Superstar. Du bout classique aux 3 bandes dentel\u00e9es, cette \u00e9dition anniversaire rend hommage au design adidas embl\u00e9matique. Mont\u00e9es sur une semelle cupsole en [&hellip;]<\/p>\n","protected":false},"featured_media":9025,"template":"","meta":{"_acf_changed":false,"content-type":""},"pwb-brand":[515],"product_brand":[],"product_cat":[498,497,492,477],"product_tag":[],"class_list":{"0":"post-9024","1":"product","2":"type-product","3":"status-publish","4":"has-post-thumbnail","6":"pwb-brand-adidas","7":"product_cat-baskets-femmes","8":"product_cat-chaussures-femmes","9":"product_cat-femmes","10":"product_cat-soldes","12":"first","13":"instock","14":"sale","15":"taxable","16":"shipping-taxable","17":"purchasable","18":"product-type-variable"},"acf":[],"brands":[{"id":515,"name":"Adidas","slug":"adidas"}],"_links":{"self":[{"href":"https:\/\/primosportmaroc.com\/index.php?rest_route=\/wp\/v2\/product\/9024","targetHints":{"allow":["GET"]}}],"collection":[{"href":"https:\/\/primosportmaroc.com\/index.php?rest_route=\/wp\/v2\/product"}],"about":[{"href":"https:\/\/primosportmaroc.com\/index.php?rest_route=\/wp\/v2\/types\/product"}],"wp:featuredmedia":[{"embeddable":true,"href":"https:\/\/primosportmaroc.com\/index.php?rest_route=\/wp\/v2\/media\/9025"}],"wp:attachment":[{"href":"https:\/\/primosportmaroc.com\/index.php?rest_route=%2Fwp%2Fv2%2Fmedia&parent=9024"}],"wp:term":[{"taxonomy":"pwb-brand","embeddable":true,"href":"https:\/\/primosportmaroc.com\/index.php?rest_route=%2Fwp%2Fv2%2Fpwb-brand&post=9024"},{"taxonomy":"product_brand","embeddable":true,"href":"https:\/\/primosportmaroc.com\/index.php?rest_route=%2Fwp%2Fv2%2Fproduct_brand&post=9024"},{"taxonomy":"product_cat","embeddable":true,"href":"https:\/\/primosportmaroc.com\/index.php?rest_route=%2Fwp%2Fv2%2Fproduct_cat&post=9024"},{"taxonomy":"product_tag","embeddable":true,"href":"https:\/\/primosportmaroc.com\/index.php?rest_route=%2Fwp%2Fv2%2Fproduct_tag&post=9024"}],"curies":[{"name":"wp","href":"https:\/\/api.w.org\/{rel}","templated":true}]}}