{"id":9038,"date":"2025-08-15T11:52:12","date_gmt":"2025-08-15T10:52:12","guid":{"rendered":"https:\/\/primosportmaroc.com\/?post_type=product&#038;p=9038"},"modified":"2025-08-15T13:20:19","modified_gmt":"2025-08-15T12:20:19","slug":"adidas-survetements-h59990-h60019-tiro-essential-black-white","status":"publish","type":"product","link":"https:\/\/primosportmaroc.com\/?product=adidas-survetements-h59990-h60019-tiro-essential-black-white","title":{"rendered":"Adidas Surv\u00eatements H59990 &#038; H60019"},"content":{"rendered":"<div class=\"text-content___13aRm\">\n<p><strong>Adidas Surv\u00eatements H59990 &amp; H60019 &#8211; Tiro essential black white<\/strong><\/p>\n<p><strong>Description Veste<\/strong><\/p>\n<p class=\"subtitle___9ljbp\">UNE VESTE DE FOOTBALL ENTI\u00c8REMENT ZIPP\u00c9E FABRIQU\u00c9E EN PARTIE AVEC DES MAT\u00c9RIAUX RECYCL\u00c9S.<\/p>\n<p class=\"gl-vspace\">La beaut\u00e9 du beau jeu ? Tout le monde peut jouer. Et maintenant, ils peuvent tous montrer leur style Tiro pendant qu&rsquo;ils le font. Cette veste de football adidas constitue une couche suppl\u00e9mentaire pratique, que vous soyez sur le point de vous entra\u00eener ou d&rsquo;affiner vos comp\u00e9tences sur le terrain. L&rsquo;AEROREADY qui \u00e9vacue l&rsquo;humidit\u00e9 vous permet de rester frais et concentr\u00e9 quoi qu&rsquo;il arrive ensuite. Fabriqu\u00e9 avec des mat\u00e9riaux 100 % recycl\u00e9s, ce produit ne repr\u00e9sente qu&rsquo;une de nos solutions pour aider \u00e0 mettre fin aux d\u00e9chets plastiques.<\/p>\n<p><strong>Description Pantalon<\/strong><\/p>\n<p class=\"subtitle___9ljbp\">UN PANTALON DE FOOTBALL QUI \u00c9VACUE LA TRANSPIRATION, CON\u00c7U AVEC DES MATI\u00c8RES RECYCL\u00c9ES.<\/p>\n<p class=\"gl-vspace\">Un look football parfait au quotidien. Ce pantalon adidas Tiro se porte pour l&rsquo;entra\u00eenement et tes activit\u00e9s quotidiennes. La technologie AEROREADY absorbe la transpiration pour te garder au frais et au sec quelle que soit l&rsquo;intensit\u00e9 de ta journ\u00e9e. Les chevilles zipp\u00e9es te permettent de l&rsquo;enfiler et de l&rsquo;enlever rapidement. Con\u00e7u \u00e0 partir de mat\u00e9riaux 100 % recycl\u00e9s, ce produit ne constitue qu&rsquo;une de nos solutions pour lutter contre les d\u00e9chets plastiques.<\/p>\n<p><strong>D\u00e9tails Veste<\/strong><\/p>\n<\/div>\n<div><\/div>\n<div>\n<div class=\"gl-accordion__header-text\">\n<ul class=\"gl-list\">\n<li class=\"gl-vspace-bpall-small\">Coupe r\u00e9guli\u00e8re<\/li>\n<li class=\"gl-vspace-bpall-small\">Zip int\u00e9gral avec col montant<\/li>\n<li class=\"gl-vspace-bpall-small\">Tricot double 100 % polyester recycl\u00e9<\/li>\n<li class=\"gl-vspace-bpall-small\">AEROREADY absorbant l&rsquo;humidit\u00e9<\/li>\n<\/ul>\n<ul class=\"gl-list\">\n<li class=\"gl-vspace-bpall-small\">Poches avant zipp\u00e9es<\/li>\n<li class=\"gl-vspace-bpall-small\">Tricot double<\/li>\n<li class=\"gl-vspace-bpall-small\">La couleur noire<\/li>\n<li class=\"gl-vspace-bpall-small\">Code produit : H60019<\/li>\n<\/ul>\n<p><strong>D\u00e9tails Pantalon<\/strong><\/p>\n<ul class=\"gl-list\">\n<li class=\"gl-vspace-bpall-small\">Coupe standard et taille mi-haute.<\/li>\n<li class=\"gl-vspace-bpall-small\">Taille \u00e9lastique \u00e0 cordon de serrage.<\/li>\n<li class=\"gl-vspace-bpall-small\">Maille double 100\u00a0% polyester recycl\u00e9.<\/li>\n<li class=\"gl-vspace-bpall-small\">Mati\u00e8re AEROREADY qui absorbe la transpiration.<\/li>\n<li class=\"gl-vspace-bpall-small\">Poches zipp\u00e9es le long des coutures lat\u00e9rales.<\/li>\n<\/ul>\n<ul class=\"gl-list\">\n<li class=\"gl-vspace-bpall-small\">Zips aux chevilles.<\/li>\n<li class=\"gl-vspace-bpall-small\">double maille<\/li>\n<li class=\"gl-vspace-bpall-small\">Couleur du produit : Black<\/li>\n<li class=\"gl-vspace-bpall-small\">Code du produit : H59990<\/li>\n<\/ul>\n<\/div>\n<div class=\"gl-accordion__header-icon\"><\/div>\n<div class=\"gl-accordion__content\">\n<div class=\"care___2GwB4\" data-auto-id=\"pdp-content-care\">\n<div class=\"care-instructions___3scEd\">\n<p class=\"care-title___2YJe1 gl-no-margin-bottom\">INSTRUCTIONS DE LAVAGE<\/p>\n<ul class=\"\">\n<li class=\"gl-vspace-bpall-small\"><img decoding=\"async\" src=\"https:\/\/www.adidas.com.tr\/glass\/react\/8e82996\/assets\/img\/washing-instructions\/B1.svg\" alt=\"\" width=\"24\" height=\"24\" \/>Ne pas javelliser<\/li>\n<li class=\"gl-vspace-bpall-small\"><img decoding=\"async\" src=\"https:\/\/www.adidas.com.tr\/glass\/react\/8e82996\/assets\/img\/washing-instructions\/C2.svg\" alt=\"\" width=\"24\" height=\"24\" \/>S\u00e9cher au s\u00e8che-linge \u00e0 basse temp\u00e9rature<\/li>\n<li class=\"gl-vspace-bpall-small\"><img decoding=\"async\" src=\"https:\/\/www.adidas.com.tr\/glass\/react\/8e82996\/assets\/img\/washing-instructions\/E1.svg\" alt=\"\" width=\"24\" height=\"24\" \/>Ne pas nettoyer \u00e0 sec<\/li>\n<li class=\"gl-vspace-bpall-small\"><img loading=\"lazy\" decoding=\"async\" src=\"https:\/\/www.adidas.com.tr\/glass\/react\/8e82996\/assets\/img\/washing-instructions\/D2.svg\" alt=\"\" width=\"24\" height=\"24\" \/>Retouchez avec du fer froid<\/li>\n<li class=\"gl-vspace-bpall-small\"><img loading=\"lazy\" decoding=\"async\" src=\"https:\/\/www.adidas.com.tr\/glass\/react\/8e82996\/assets\/img\/washing-instructions\/A5.svg\" alt=\"\" width=\"24\" height=\"24\" \/>Lavage en machine \u00e0 l&rsquo;eau ti\u00e8de<\/li>\n<\/ul>\n<\/div>\n<div class=\"extra-instructions___2TR8b\">\n<p class=\"care-title___2YJe1 gl-no-margin-bottom\">INFORMATIONS SUPPL\u00c9MENTAIRES SUR LES SOINS<\/p>\n<ul class=\"gl-list gl-vspace-bpall-small\">\n<li class=\"gl-vspace-bpall-small\">Utilisez uniquement un d\u00e9tergent doux<\/li>\n<li class=\"gl-vspace-bpall-small\">Laver les v\u00eatements de couleurs similaires<\/li>\n<li class=\"gl-vspace-bpall-small\">Laver et repasser \u00e0 l&rsquo;envers<\/li>\n<li class=\"gl-vspace-bpall-small\">Laver avec les attaches ferm\u00e9es<\/li>\n<\/ul>\n<p>Adidas Surv\u00eatements H59990 &amp; H60019<\/p>\n<\/div>\n<\/div>\n<\/div>\n<\/div>\n","protected":false},"excerpt":{"rendered":"<p>Adidas Surv\u00eatements H59990 &amp; H60019 &#8211; Tiro essential black white Description Veste UNE VESTE DE FOOTBALL ENTI\u00c8REMENT ZIPP\u00c9E FABRIQU\u00c9E EN PARTIE AVEC DES MAT\u00c9RIAUX RECYCL\u00c9S. La beaut\u00e9 du beau jeu ? Tout le monde peut jouer. Et maintenant, ils peuvent tous montrer leur style Tiro pendant qu&rsquo;ils le font. Cette veste de football adidas constitue [&hellip;]<\/p>\n","protected":false},"featured_media":9044,"template":"","meta":{"_acf_changed":false,"content-type":""},"pwb-brand":[515],"product_brand":[],"product_cat":[491,477,490,479],"product_tag":[],"class_list":{"0":"post-9038","1":"product","2":"type-product","3":"status-publish","4":"has-post-thumbnail","6":"pwb-brand-adidas","7":"product_cat-hommes","8":"product_cat-soldes","9":"product_cat-survetements-hommes","10":"product_cat-vetementshommes","12":"first","13":"instock","14":"sale","15":"taxable","16":"shipping-taxable","17":"purchasable","18":"product-type-variable"},"acf":[],"brands":[{"id":515,"name":"Adidas","slug":"adidas"}],"_links":{"self":[{"href":"https:\/\/primosportmaroc.com\/index.php?rest_route=\/wp\/v2\/product\/9038","targetHints":{"allow":["GET"]}}],"collection":[{"href":"https:\/\/primosportmaroc.com\/index.php?rest_route=\/wp\/v2\/product"}],"about":[{"href":"https:\/\/primosportmaroc.com\/index.php?rest_route=\/wp\/v2\/types\/product"}],"wp:featuredmedia":[{"embeddable":true,"href":"https:\/\/primosportmaroc.com\/index.php?rest_route=\/wp\/v2\/media\/9044"}],"wp:attachment":[{"href":"https:\/\/primosportmaroc.com\/index.php?rest_route=%2Fwp%2Fv2%2Fmedia&parent=9038"}],"wp:term":[{"taxonomy":"pwb-brand","embeddable":true,"href":"https:\/\/primosportmaroc.com\/index.php?rest_route=%2Fwp%2Fv2%2Fpwb-brand&post=9038"},{"taxonomy":"product_brand","embeddable":true,"href":"https:\/\/primosportmaroc.com\/index.php?rest_route=%2Fwp%2Fv2%2Fproduct_brand&post=9038"},{"taxonomy":"product_cat","embeddable":true,"href":"https:\/\/primosportmaroc.com\/index.php?rest_route=%2Fwp%2Fv2%2Fproduct_cat&post=9038"},{"taxonomy":"product_tag","embeddable":true,"href":"https:\/\/primosportmaroc.com\/index.php?rest_route=%2Fwp%2Fv2%2Fproduct_tag&post=9038"}],"curies":[{"name":"wp","href":"https:\/\/api.w.org\/{rel}","templated":true}]}}