{"id":9047,"date":"2025-08-15T12:02:33","date_gmt":"2025-08-15T11:02:33","guid":{"rendered":"https:\/\/primosportmaroc.com\/?post_type=product&#038;p=9047"},"modified":"2025-08-15T13:18:58","modified_gmt":"2025-08-15T12:18:58","slug":"survetement-cotton-piping-noir-he2227","status":"publish","type":"product","link":"https:\/\/primosportmaroc.com\/?product=survetement-cotton-piping-noir-he2227","title":{"rendered":"Surv\u00eatement Cotton Piping Noir HE2227"},"content":{"rendered":"<div class=\"text-content___13aRm\">\n<h3 class=\"subtitle___9ljbp\">UN SURV\u00caTEMENT COSY ET CASUAL CONFECTIONN\u00c9 EN PARTIE AVEC DES MATI\u00c8RES RECYCL\u00c9ES.<\/h3>\n<p class=\"gl-vspace\">Ce surv\u00eatement adidas est synonyme de confort. Shadow-boxing, run d&rsquo;\u00e9chauffement ou journ\u00e9e de d\u00e9tente : tout se passe mieux quand tu es envelopp\u00e9 de molleton doux. Ce produit est con\u00e7u \u00e0 partir de mat\u00e9riaux recycl\u00e9s issus de rebuts de production, comme des chutes de coupe et des d\u00e9chets m\u00e9nagers pour r\u00e9duire l&rsquo;impact environnemental de la production de mat\u00e9riaux vierges.<\/p>\n<\/div>\n<div class=\"media___3wT7q\"><img decoding=\"async\" src=\"https:\/\/assets.adidas.com\/images\/w_600,f_auto,q_auto\/48f9280f69194dbdb557add8003dd776_9366\/Survetement_Cotton_Piping_Noir_HE2227.jpg\" alt=\"\" \/><\/div>\n<div>\n<div class=\"gl-accordion__header-text\">\n<h2 class=\"accordion-title___2hLlD\">D\u00e9tails<\/h2>\n<\/div>\n<div class=\"gl-accordion__header-icon\"><\/div>\n<div class=\"gl-accordion__content\">\n<div class=\"bullets___3bsSs\" data-auto-id=\"specifications-section\">\n<ul class=\"gl-list\">\n<li class=\"gl-vspace-bpall-small\">Coupe standard.<\/li>\n<li class=\"gl-vspace-bpall-small\">Sweat-shirt \u00e0 capuche\u00a0: zip sur toute la longueur. Capuche \u00e0 cordon de serrage.<\/li>\n<li class=\"gl-vspace-bpall-small\">Molleton 70\u00a0% coton, 30\u00a0% polyester recycl\u00e9.<\/li>\n<li class=\"gl-vspace-bpall-small\">Sweat-shirt \u00e0 capuche\u00a0: poches kangourou.<\/li>\n<li class=\"gl-vspace-bpall-small\">Pantalon\u00a0: taille \u00e9lastique \u00e0 cordon de serrage.<\/li>\n<\/ul>\n<ul class=\"gl-list\">\n<li class=\"gl-vspace-bpall-small\">Pantalon\u00a0: poches sur les c\u00f4t\u00e9s.<\/li>\n<li class=\"gl-vspace-bpall-small\">molleton non-gratt\u00e9<\/li>\n<li class=\"gl-vspace-bpall-small\">Better Cotton Initiative.<\/li>\n<li class=\"gl-vspace-bpall-small\">Couleur du produit : Black<\/li>\n<li class=\"gl-vspace-bpall-small\">Code du produit : HE2227<\/li>\n<\/ul>\n<div class=\"care-instructions___3scEd\">\n<h4 class=\"care-title___2YJe1 gl-no-margin-bottom\">INSTRUCTIONS DE LAVAGE<\/h4>\n<ul class=\"\">\n<li class=\"gl-vspace-bpall-small\"><img decoding=\"async\" src=\"https:\/\/www.adidas.fr\/glass\/react\/8e82996\/assets\/img\/washing-instructions\/B1.svg\" alt=\"\" width=\"24\" height=\"24\" \/>Ne pas utiliser d&rsquo;agent de blanchiment<\/li>\n<li class=\"gl-vspace-bpall-small\"><img decoding=\"async\" src=\"https:\/\/www.adidas.fr\/glass\/react\/8e82996\/assets\/img\/washing-instructions\/C1.svg\" alt=\"\" width=\"24\" height=\"24\" \/>Ne pas mettre au s\u00e8che-linge<\/li>\n<li class=\"gl-vspace-bpall-small\"><img decoding=\"async\" src=\"https:\/\/www.adidas.fr\/glass\/react\/8e82996\/assets\/img\/washing-instructions\/E1.svg\" alt=\"\" width=\"24\" height=\"24\" \/>Ne pas laver \u00e0 sec<\/li>\n<li class=\"gl-vspace-bpall-small\"><img loading=\"lazy\" decoding=\"async\" src=\"https:\/\/www.adidas.fr\/glass\/react\/8e82996\/assets\/img\/washing-instructions\/D2.svg\" alt=\"\" width=\"24\" height=\"24\" \/>Repassage \u00e0 fer doux<\/li>\n<li class=\"gl-vspace-bpall-small\"><img loading=\"lazy\" decoding=\"async\" src=\"https:\/\/www.adidas.fr\/glass\/react\/8e82996\/assets\/img\/washing-instructions\/A4.svg\" alt=\"\" width=\"24\" height=\"24\" \/>Lavage en machine \u00e0 l\u2019eau froide sur cycle d\u00e9licat<\/li>\n<\/ul>\n<\/div>\n<div class=\"extra-instructions___2TR8b\">\n<h4 class=\"care-title___2YJe1 gl-no-margin-bottom\">INFORMATIONS D&rsquo;ENTRETIEN<\/h4>\n<ul class=\"gl-list gl-vspace-bpall-small\">\n<li class=\"gl-vspace-bpall-small\">Utiliser une lessive douce uniquement<\/li>\n<li class=\"gl-vspace-bpall-small\">Laver s\u00e9par\u00e9ment avec fermetures ferm\u00e9es<\/li>\n<li class=\"gl-vspace-bpall-small\">Ne pas repasser sur l&rsquo;imprim\u00e9<\/li>\n<\/ul>\n<\/div>\n<\/div>\n<\/div>\n<\/div>\n","protected":false},"excerpt":{"rendered":"<p>UN SURV\u00caTEMENT COSY ET CASUAL CONFECTIONN\u00c9 EN PARTIE AVEC DES MATI\u00c8RES RECYCL\u00c9ES. Ce surv\u00eatement adidas est synonyme de confort. Shadow-boxing, run d&rsquo;\u00e9chauffement ou journ\u00e9e de d\u00e9tente : tout se passe mieux quand tu es envelopp\u00e9 de molleton doux. Ce produit est con\u00e7u \u00e0 partir de mat\u00e9riaux recycl\u00e9s issus de rebuts de production, comme des chutes [&hellip;]<\/p>\n","protected":false},"featured_media":9048,"template":"","meta":{"_acf_changed":false,"content-type":""},"pwb-brand":[515],"product_brand":[],"product_cat":[491,477,490,479],"product_tag":[],"class_list":{"0":"post-9047","1":"product","2":"type-product","3":"status-publish","4":"has-post-thumbnail","6":"pwb-brand-adidas","7":"product_cat-hommes","8":"product_cat-soldes","9":"product_cat-survetements-hommes","10":"product_cat-vetementshommes","12":"first","13":"instock","14":"sale","15":"taxable","16":"shipping-taxable","17":"purchasable","18":"product-type-variable"},"acf":[],"brands":[{"id":515,"name":"Adidas","slug":"adidas"}],"_links":{"self":[{"href":"https:\/\/primosportmaroc.com\/index.php?rest_route=\/wp\/v2\/product\/9047","targetHints":{"allow":["GET"]}}],"collection":[{"href":"https:\/\/primosportmaroc.com\/index.php?rest_route=\/wp\/v2\/product"}],"about":[{"href":"https:\/\/primosportmaroc.com\/index.php?rest_route=\/wp\/v2\/types\/product"}],"wp:featuredmedia":[{"embeddable":true,"href":"https:\/\/primosportmaroc.com\/index.php?rest_route=\/wp\/v2\/media\/9048"}],"wp:attachment":[{"href":"https:\/\/primosportmaroc.com\/index.php?rest_route=%2Fwp%2Fv2%2Fmedia&parent=9047"}],"wp:term":[{"taxonomy":"pwb-brand","embeddable":true,"href":"https:\/\/primosportmaroc.com\/index.php?rest_route=%2Fwp%2Fv2%2Fpwb-brand&post=9047"},{"taxonomy":"product_brand","embeddable":true,"href":"https:\/\/primosportmaroc.com\/index.php?rest_route=%2Fwp%2Fv2%2Fproduct_brand&post=9047"},{"taxonomy":"product_cat","embeddable":true,"href":"https:\/\/primosportmaroc.com\/index.php?rest_route=%2Fwp%2Fv2%2Fproduct_cat&post=9047"},{"taxonomy":"product_tag","embeddable":true,"href":"https:\/\/primosportmaroc.com\/index.php?rest_route=%2Fwp%2Fv2%2Fproduct_tag&post=9047"}],"curies":[{"name":"wp","href":"https:\/\/api.w.org\/{rel}","templated":true}]}}