{"id":9055,"date":"2025-08-15T12:28:37","date_gmt":"2025-08-15T11:28:37","guid":{"rendered":"https:\/\/primosportmaroc.com\/?post_type=product&#038;p=9055"},"modified":"2025-08-15T12:28:37","modified_gmt":"2025-08-15T11:28:37","slug":"adidas-claquette-adilette-shower-gw8748","status":"publish","type":"product","link":"https:\/\/primosportmaroc.com\/?product=adidas-claquette-adilette-shower-gw8748","title":{"rendered":"Adidas Claquette Adilette Shower  GW8748"},"content":{"rendered":"<div class=\"accordion__header-text___2o9Im\">\n<h4><strong>Claquette Adidas Adilette Shower<\/strong><\/h4>\n<p>La sandale de douche Adilette Shower GW8748 de la marque Adidas offre un confort exceptionnel et une excellente adh\u00e9rence sur toutes les surfaces, tout en \u00e9tant facile \u00e0 porter. Elle convient parfaitement pour une utilisation apr\u00e8s l&rsquo;entra\u00eenement ou pour se d\u00e9tendre \u00e0 la maison.<\/p>\n<p>La tige de la sandale est fabriqu\u00e9e en mati\u00e8re synth\u00e9tique douce et l\u00e9g\u00e8re, avec une doublure en tissu pour une meilleure respirabilit\u00e9. La semelle int\u00e9rieure moul\u00e9e est souple et offre un amortissement optimal pour s&rsquo;adapter \u00e0 toutes les formes de pieds. La semelle ext\u00e9rieure en caoutchouc offre une adh\u00e9rence sup\u00e9rieure sur toutes les surfaces, m\u00eame humides.<\/p>\n<p>La sandale arbore le design classique de l&rsquo;Adilette, avec les trois bandes embl\u00e9matiques d&rsquo;Adidas sur le dessus. Elle est disponible en plusieurs couleurs pour s&rsquo;adapter \u00e0 tous les styles.<\/p>\n<p>Les personnes actives cherchant une option pratique et confortable pour se d\u00e9tendre apr\u00e8s une s\u00e9ance d&rsquo;entra\u00eenement ou pour une utilisation quotidienne \u00e0 la maison, trouveront avec la claquette Adilette Shower GW8748 d&rsquo;Adidas, une valeur s\u00fbre. Gr\u00e2ce \u00e0 son design classique et sa qualit\u00e9 de fabrication, cette sandale est une option confortable et pratique pour tous les amateurs de chaussures.<\/p>\n<p class=\"accordion-title___2sTgR\"><strong>D\u00e9tails<\/strong><\/p>\n<\/div>\n<div class=\"accordion__content___29x9h\">\n<div class=\"content-padding___2kVWQ\">\n<div class=\"bullets___3bsSs\" data-auto-id=\"specifications-section\">\n<ul class=\"gl-list\">\n<li class=\"gl-vspace-bpall-small\">Chaussant standard.<\/li>\n<li class=\"gl-vspace-bpall-small\">Design slip-on.<\/li>\n<li class=\"gl-vspace-bpall-small\">Tige en mati\u00e8re synth\u00e9tique.<\/li>\n<li class=\"gl-vspace-bpall-small\">Doublure textile.<\/li>\n<li class=\"gl-vspace-bpall-small\">Assise plantaire ergonomique.<\/li>\n<\/ul>\n<ul class=\"gl-list\">\n<li class=\"gl-vspace-bpall-small\">Semelle interm\u00e9diaire Cloudfoam.<\/li>\n<li class=\"gl-vspace-bpall-small\">Semelle ext\u00e9rieure en mati\u00e8re synth\u00e9tique.<\/li>\n<li class=\"gl-vspace-bpall-small\">Couleur du produit : Wonder White \/ Shadow Navy \/ Shadow Navy<\/li>\n<li class=\"gl-vspace-bpall-small\">Code du produit : GW8748<\/li>\n<\/ul>\n<\/div>\n<\/div>\n<\/div>\n","protected":false},"excerpt":{"rendered":"<p>Claquette Adidas Adilette Shower La sandale de douche Adilette Shower GW8748 de la marque Adidas offre un confort exceptionnel et une excellente adh\u00e9rence sur toutes les surfaces, tout en \u00e9tant facile \u00e0 porter. Elle convient parfaitement pour une utilisation apr\u00e8s l&rsquo;entra\u00eenement ou pour se d\u00e9tendre \u00e0 la maison. La tige de la sandale est fabriqu\u00e9e [&hellip;]<\/p>\n","protected":false},"featured_media":9057,"template":"","meta":{"_acf_changed":false,"content-type":""},"pwb-brand":[515],"product_brand":[],"product_cat":[478,482,491],"product_tag":[],"class_list":{"0":"post-9055","1":"product","2":"type-product","3":"status-publish","4":"has-post-thumbnail","6":"pwb-brand-adidas","7":"product_cat-chaussureshommes","8":"product_cat-claquettes-et-tongs-hommes","9":"product_cat-hommes","11":"first","12":"instock","13":"taxable","14":"shipping-taxable","15":"purchasable","16":"product-type-variable"},"acf":[],"brands":[{"id":515,"name":"Adidas","slug":"adidas"}],"_links":{"self":[{"href":"https:\/\/primosportmaroc.com\/index.php?rest_route=\/wp\/v2\/product\/9055","targetHints":{"allow":["GET"]}}],"collection":[{"href":"https:\/\/primosportmaroc.com\/index.php?rest_route=\/wp\/v2\/product"}],"about":[{"href":"https:\/\/primosportmaroc.com\/index.php?rest_route=\/wp\/v2\/types\/product"}],"wp:featuredmedia":[{"embeddable":true,"href":"https:\/\/primosportmaroc.com\/index.php?rest_route=\/wp\/v2\/media\/9057"}],"wp:attachment":[{"href":"https:\/\/primosportmaroc.com\/index.php?rest_route=%2Fwp%2Fv2%2Fmedia&parent=9055"}],"wp:term":[{"taxonomy":"pwb-brand","embeddable":true,"href":"https:\/\/primosportmaroc.com\/index.php?rest_route=%2Fwp%2Fv2%2Fpwb-brand&post=9055"},{"taxonomy":"product_brand","embeddable":true,"href":"https:\/\/primosportmaroc.com\/index.php?rest_route=%2Fwp%2Fv2%2Fproduct_brand&post=9055"},{"taxonomy":"product_cat","embeddable":true,"href":"https:\/\/primosportmaroc.com\/index.php?rest_route=%2Fwp%2Fv2%2Fproduct_cat&post=9055"},{"taxonomy":"product_tag","embeddable":true,"href":"https:\/\/primosportmaroc.com\/index.php?rest_route=%2Fwp%2Fv2%2Fproduct_tag&post=9055"}],"curies":[{"name":"wp","href":"https:\/\/api.w.org\/{rel}","templated":true}]}}