{"id":9063,"date":"2025-08-15T12:37:49","date_gmt":"2025-08-15T11:37:49","guid":{"rendered":"https:\/\/primosportmaroc.com\/?post_type=product&#038;p=9063"},"modified":"2025-08-15T12:37:50","modified_gmt":"2025-08-15T11:37:50","slug":"adidas-x-peedportal-4-turf-solar-gw8506","status":"publish","type":"product","link":"https:\/\/primosportmaroc.com\/?product=adidas-x-peedportal-4-turf-solar-gw8506","title":{"rendered":"Adidas X peedportal 4 Turf Solar GW8506"},"content":{"rendered":"<div class=\"accordion__header-text___2o9Im\">\n<p><strong>Adidas X peedportal 4 Turf Solar GW8506<\/strong><\/p>\n<p class=\"accordion-title___2sTgR\"><strong>Description<\/strong><\/p>\n<\/div>\n<div class=\"accordion__content___29x9h\">\n<div class=\"content-padding___2kVWQ\">\n<div class=\"description___29WFI\">\n<div class=\"text-content___13aRm\">\n<p class=\"subtitle___9ljbp\"><strong>TROUVEZ VOTRE \u00c9QUIPEMENT HAUT DE GAMME DANS DES CHAUSSURES FABRIQU\u00c9ES EN PARTIE AVEC DES MAT\u00c9RIAUX RECYCL\u00c9S.<\/strong><\/p>\n<p class=\"gl-vspace\">Temps et espace. Tout est relatif quand on joue dans une autre dimension. Ouvrez la porte \u00e0 la vitesse multidimensionnelle dans adidas X Speedportal. Ces chaussures de football ont \u00e9t\u00e9 cr\u00e9\u00e9es pour des coupes rapides et une vitesse r\u00e9volutionnaire sur les surfaces en gazon artificiel. Douce et r\u00e9sistante, leur tige en textile enduit vous aide \u00e0 garder le ballon sous votre charme lorsque l&rsquo;action sur le terrain s&rsquo;intensifie. EVA amortit chaque pas. Fabriqu\u00e9e avec une s\u00e9rie de mat\u00e9riaux recycl\u00e9s, cette tige contient au moins 50 % de contenu recycl\u00e9. Ce produit ne repr\u00e9sente qu&rsquo;une de nos solutions pour contribuer \u00e0 mettre fin aux d\u00e9chets plastiques.<\/p>\n<\/div>\n<div class=\"media___3wT7q\"><img fetchpriority=\"high\" decoding=\"async\" class=\"\" src=\"https:\/\/assets.adidas.com\/images\/w_600,f_auto,q_auto\/2442e37309e94ee3a12fae7400faccbb_9366\/X_Speedportal.4_Turf_Shoes_Black_GW8506.jpg\" sizes=\"(max-width: 320px) 320px, (max-width: 420px) 420px, (max-width: 600px) 600px, (max-width: 640px) 640px, (max-width: 840px) 840px\" srcset=\"https:\/\/assets.adidas.com\/images\/h_320,f_auto,q_auto,fl_lossy,c_fill,g_auto\/2442e37309e94ee3a12fae7400faccbb_9366\/X_Speedportal.4_Turf_Shoes_Black_GW8506.jpg 320w, https:\/\/assets.adidas.com\/images\/h_420,f_auto,q_auto,fl_lossy,c_fill,g_auto\/2442e37309e94ee3a12fae7400faccbb_9366\/X_Speedportal.4_Turf_Shoes_Black_GW8506.jpg 420w, https:\/\/assets.adidas.com\/images\/h_600,f_auto,q_auto,fl_lossy,c_fill,g_auto\/2442e37309e94ee3a12fae7400faccbb_9366\/X_Speedportal.4_Turf_Shoes_Black_GW8506.jpg 600w, https:\/\/assets.adidas.com\/images\/h_640,f_auto,q_auto,fl_lossy,c_fill,g_auto\/2442e37309e94ee3a12fae7400faccbb_9366\/X_Speedportal.4_Turf_Shoes_Black_GW8506.jpg 640w, https:\/\/assets.adidas.com\/images\/h_840,f_auto,q_auto,fl_lossy,c_fill,g_auto\/2442e37309e94ee3a12fae7400faccbb_9366\/X_Speedportal.4_Turf_Shoes_Black_GW8506.jpg 840w\" alt=\"\" width=\"409\" height=\"409\" \/><\/div>\n<div>\n<div class=\"accordion__header-text___2o9Im\">\n<h2><\/h2>\n<p class=\"accordion-title___2sTgR\"><strong>D\u00e9tails<\/strong><\/p>\n<\/div>\n<div class=\"accordion__header-icon___2FuRa\"><\/div>\n<div class=\"accordion__content___29x9h\">\n<div class=\"content-padding___2kVWQ\">\n<div class=\"bullets___3bsSs\" data-auto-id=\"specifications-section\">\n<ul class=\"gl-list\">\n<li class=\"gl-vspace-bpall-small\">Coupe r\u00e9guli\u00e8re<\/li>\n<li class=\"gl-vspace-bpall-small\">Fermeture en dentelle<\/li>\n<li class=\"gl-vspace-bpall-small\">Tige en textile enduit<\/li>\n<li class=\"gl-vspace-bpall-small\">Semelle interm\u00e9diaire en EVA<\/li>\n<li class=\"gl-vspace-bpall-small\">Semelle ext\u00e9rieure en caoutchouc pour gazon artificiel<\/li>\n<\/ul>\n<ul class=\"gl-list\">\n<li class=\"gl-vspace-bpall-small\">La tige contient un minimum de 50\u00a0% de contenu recycl\u00e9<\/li>\n<li class=\"gl-vspace-bpall-small\">Import\u00e9<\/li>\n<li class=\"gl-vspace-bpall-small\">Couleur du produit : Core Black \/ Solar Red \/ Solar Green<\/li>\n<li class=\"gl-vspace-bpall-small\">Code produit : GW8506<\/li>\n<\/ul>\n<p>Les chaussures de football Adidas X peedportal 4 Turf Solar GW8506 sont le choix id\u00e9al pour les joueurs en qu\u00eate de performance et de style sur le terrain. Leur design est sp\u00e9cialement con\u00e7u pour am\u00e9liorer votre agilit\u00e9 et votre vitesse.<\/p>\n<\/div>\n<\/div>\n<\/div>\n<\/div>\n<\/div>\n<\/div>\n<\/div>\n","protected":false},"excerpt":{"rendered":"<p>Adidas X peedportal 4 Turf Solar GW8506 Description TROUVEZ VOTRE \u00c9QUIPEMENT HAUT DE GAMME DANS DES CHAUSSURES FABRIQU\u00c9ES EN PARTIE AVEC DES MAT\u00c9RIAUX RECYCL\u00c9S. Temps et espace. Tout est relatif quand on joue dans une autre dimension. Ouvrez la porte \u00e0 la vitesse multidimensionnelle dans adidas X Speedportal. Ces chaussures de football ont \u00e9t\u00e9 cr\u00e9\u00e9es [&hellip;]<\/p>\n","protected":false},"featured_media":9069,"template":"","meta":{"_acf_changed":false,"content-type":""},"pwb-brand":[515],"product_brand":[],"product_cat":[481,478,491],"product_tag":[],"class_list":{"0":"post-9063","1":"product","2":"type-product","3":"status-publish","4":"has-post-thumbnail","6":"pwb-brand-adidas","7":"product_cat-baskets-hommes","8":"product_cat-chaussureshommes","9":"product_cat-hommes","11":"first","12":"instock","13":"taxable","14":"shipping-taxable","15":"purchasable","16":"product-type-variable"},"acf":[],"brands":[{"id":515,"name":"Adidas","slug":"adidas"}],"_links":{"self":[{"href":"https:\/\/primosportmaroc.com\/index.php?rest_route=\/wp\/v2\/product\/9063","targetHints":{"allow":["GET"]}}],"collection":[{"href":"https:\/\/primosportmaroc.com\/index.php?rest_route=\/wp\/v2\/product"}],"about":[{"href":"https:\/\/primosportmaroc.com\/index.php?rest_route=\/wp\/v2\/types\/product"}],"wp:featuredmedia":[{"embeddable":true,"href":"https:\/\/primosportmaroc.com\/index.php?rest_route=\/wp\/v2\/media\/9069"}],"wp:attachment":[{"href":"https:\/\/primosportmaroc.com\/index.php?rest_route=%2Fwp%2Fv2%2Fmedia&parent=9063"}],"wp:term":[{"taxonomy":"pwb-brand","embeddable":true,"href":"https:\/\/primosportmaroc.com\/index.php?rest_route=%2Fwp%2Fv2%2Fpwb-brand&post=9063"},{"taxonomy":"product_brand","embeddable":true,"href":"https:\/\/primosportmaroc.com\/index.php?rest_route=%2Fwp%2Fv2%2Fproduct_brand&post=9063"},{"taxonomy":"product_cat","embeddable":true,"href":"https:\/\/primosportmaroc.com\/index.php?rest_route=%2Fwp%2Fv2%2Fproduct_cat&post=9063"},{"taxonomy":"product_tag","embeddable":true,"href":"https:\/\/primosportmaroc.com\/index.php?rest_route=%2Fwp%2Fv2%2Fproduct_tag&post=9063"}],"curies":[{"name":"wp","href":"https:\/\/api.w.org\/{rel}","templated":true}]}}