{"id":9071,"date":"2025-08-15T12:47:23","date_gmt":"2025-08-15T11:47:23","guid":{"rendered":"https:\/\/primosportmaroc.com\/?post_type=product&#038;p=9071"},"modified":"2025-08-15T12:47:23","modified_gmt":"2025-08-15T11:47:23","slug":"adidas-x-speedportal-3-tf-m-gw8487","status":"publish","type":"product","link":"https:\/\/primosportmaroc.com\/?product=adidas-x-speedportal-3-tf-m-gw8487","title":{"rendered":"Adidas X Speedportal.3 Tf M Gw8487"},"content":{"rendered":"<div class=\"text-content___13aRm\">\n<p><strong>Baskets Adidas X Speedportal.3 Tf M Gw8487<\/strong><\/p>\n<p class=\"subtitle___9ljbp\"><strong>UNE CHAUSSURE OFFRANT UNE STABILIT\u00c9 SUP\u00c9RIEURE \u00c0 GRANDE VITESSE, CON\u00c7UE EN PARTIE \u00c0 BASE DE MAT\u00c9RIAUX RECYCL\u00c9S.<\/strong><\/p>\n<p class=\"gl-vspace\">Le temps et l&rsquo;espace. Tout est relatif quand tu joues dans une autre dimension. Explore la vitesse multidimensionnelle avec la chaussure adidas X Speedportal. La semelle ext\u00e9rieure en caoutchouc \u00e0 crampons de cette chaussure de football te permet d&rsquo;\u00eatre rapide sur terrain turf, tandis que la semelle interm\u00e9diaire en EVA offre un excellent amorti. La tige en textile enduit doux inclut un col en maille plate et un renfort de talon externe en TPU rigide pour plus de stabilit\u00e9 et de maintien lors des acc\u00e9l\u00e9rations fulgurantes. La tige est confectionn\u00e9e en mat\u00e9riaux recycl\u00e9s \u00e0 hauteur de 50 % minimum. Ce produit ne constitue qu&rsquo;une de nos solutions pour lutter contre les d\u00e9chets plastiques.<\/p>\n<\/div>\n<div>\n<div class=\"accordion__header-text___2o9Im\">\n<p>&nbsp;<\/p>\n<p class=\"accordion-title___2sTgR\"><strong>D\u00e9tails<\/strong><\/p>\n<\/div>\n<div class=\"accordion__content___29x9h\">\n<div class=\"content-padding___2kVWQ\">\n<div class=\"bullets___3bsSs\" data-auto-id=\"specifications-section\">\n<ul class=\"gl-list\">\n<li class=\"gl-vspace-bpall-small\">Chaussant standard.<\/li>\n<li class=\"gl-vspace-bpall-small\">Fermeture \u00e0 lacets.<\/li>\n<li class=\"gl-vspace-bpall-small\">Tige en textile enduit.<\/li>\n<li class=\"gl-vspace-bpall-small\">Semelle interm\u00e9diaire en EVA.<\/li>\n<li class=\"gl-vspace-bpall-small\">Renfort de talon externe.<\/li>\n<\/ul>\n<ul class=\"gl-list\">\n<li class=\"gl-vspace-bpall-small\">Semelle ext\u00e9rieure en caoutchouc pour terrain turf.<\/li>\n<li class=\"gl-vspace-bpall-small\">La tige contient 50\u00a0% minimum de mati\u00e8res recycl\u00e9es.<\/li>\n<li class=\"gl-vspace-bpall-small\">Couleur du produit : Core Black \/ Solar Red \/ Team Solar Green<\/li>\n<li class=\"gl-vspace-bpall-small\">Code du produit : GW8487<\/li>\n<\/ul>\n<p>Baskets Adidas X Speedportal.3 Tf M Gw8487 : Style sportif et performances optimales. Choisissez ces baskets de qualit\u00e9 pour la vitesse et le confort sur le terrain.<\/p>\n<\/div>\n<\/div>\n<\/div>\n<\/div>\n","protected":false},"excerpt":{"rendered":"<p>Baskets Adidas X Speedportal.3 Tf M Gw8487 UNE CHAUSSURE OFFRANT UNE STABILIT\u00c9 SUP\u00c9RIEURE \u00c0 GRANDE VITESSE, CON\u00c7UE EN PARTIE \u00c0 BASE DE MAT\u00c9RIAUX RECYCL\u00c9S. Le temps et l&rsquo;espace. Tout est relatif quand tu joues dans une autre dimension. Explore la vitesse multidimensionnelle avec la chaussure adidas X Speedportal. La semelle ext\u00e9rieure en caoutchouc \u00e0 crampons [&hellip;]<\/p>\n","protected":false},"featured_media":9073,"template":"","meta":{"_acf_changed":false,"content-type":""},"pwb-brand":[515],"product_brand":[],"product_cat":[481,478,491],"product_tag":[],"class_list":{"0":"post-9071","1":"product","2":"type-product","3":"status-publish","4":"has-post-thumbnail","6":"pwb-brand-adidas","7":"product_cat-baskets-hommes","8":"product_cat-chaussureshommes","9":"product_cat-hommes","11":"first","12":"instock","13":"taxable","14":"shipping-taxable","15":"purchasable","16":"product-type-variable"},"acf":[],"brands":[{"id":515,"name":"Adidas","slug":"adidas"}],"_links":{"self":[{"href":"https:\/\/primosportmaroc.com\/index.php?rest_route=\/wp\/v2\/product\/9071","targetHints":{"allow":["GET"]}}],"collection":[{"href":"https:\/\/primosportmaroc.com\/index.php?rest_route=\/wp\/v2\/product"}],"about":[{"href":"https:\/\/primosportmaroc.com\/index.php?rest_route=\/wp\/v2\/types\/product"}],"wp:featuredmedia":[{"embeddable":true,"href":"https:\/\/primosportmaroc.com\/index.php?rest_route=\/wp\/v2\/media\/9073"}],"wp:attachment":[{"href":"https:\/\/primosportmaroc.com\/index.php?rest_route=%2Fwp%2Fv2%2Fmedia&parent=9071"}],"wp:term":[{"taxonomy":"pwb-brand","embeddable":true,"href":"https:\/\/primosportmaroc.com\/index.php?rest_route=%2Fwp%2Fv2%2Fpwb-brand&post=9071"},{"taxonomy":"product_brand","embeddable":true,"href":"https:\/\/primosportmaroc.com\/index.php?rest_route=%2Fwp%2Fv2%2Fproduct_brand&post=9071"},{"taxonomy":"product_cat","embeddable":true,"href":"https:\/\/primosportmaroc.com\/index.php?rest_route=%2Fwp%2Fv2%2Fproduct_cat&post=9071"},{"taxonomy":"product_tag","embeddable":true,"href":"https:\/\/primosportmaroc.com\/index.php?rest_route=%2Fwp%2Fv2%2Fproduct_tag&post=9071"}],"curies":[{"name":"wp","href":"https:\/\/api.w.org\/{rel}","templated":true}]}}