{"id":9091,"date":"2025-08-15T13:06:39","date_gmt":"2025-08-15T12:06:39","guid":{"rendered":"https:\/\/primosportmaroc.com\/?post_type=product&#038;p=9091"},"modified":"2025-08-15T13:06:40","modified_gmt":"2025-08-15T12:06:40","slug":"jordan-stay-loyal-2-black-white-dq8401-107","status":"publish","type":"product","link":"https:\/\/primosportmaroc.com\/?product=jordan-stay-loyal-2-black-white-dq8401-107","title":{"rendered":"Jordan Stay Loyal 2 Black\/White &#8211; DQ8401-107"},"content":{"rendered":"<p class=\"m-accordion_title s-accordion_desktopTitle\">DESCRIPTION DU PRODUIT<\/p>\n<div class=\"m-accordion_content\">\n<div class=\"column\" data-configwidth=\"\">\n<div id=\"row80148\" class=\"row clearfix2 temp_bg layer_element\" data-height=\"auto:auto:auto:auto\" data-view=\"lg:1, md:1, sm:1, xs:1\" data-currentview=\"1\">\n<div class=\"cells_holder clearfix2\">\n<div class=\"js-widget_holder layer_element\" data-view=\"lg:1, md:1, sm:1, xs:1\" data-height=\"auto:auto:auto:auto\" data-width=\"100%:100%:100%:100%\" data-left-percent=\"0%:0%:0%:0%\" data-top-percent=\"0%:0%:0%:0%\" data-left=\"0%:0%:0%:0%\" data-top=\"0%:0%:0%:0%\" data-currentview=\"1\" data-ratio=\"false\" data-index=\"1\">\n<div class=\"widget text_editor\">\n<p>Un m\u00e9lange d&rsquo;inspirations, un collage de motifs et ce design !\u00a0Les baskets Jordan Stay Loyal 2 faisant r\u00e9f\u00e9rence \u00e0 la l\u00e9gende de Michael Jordan et aux c\u00e9l\u00e8bres mod\u00e8les vintage, attirent le regard au premier regard.\u00a0La tige est faite de cuir naturel durable en noir et blanc et de mati\u00e8re textile.\u00a0Il est orn\u00e9 de d\u00e9tails li\u00e9s \u00e0 la carri\u00e8re du c\u00e9l\u00e8bre basketteur (comme le num\u00e9ro 23) et du branding sur le talon, le col, la languette et la semelle de propret\u00e9.\u00a0Un design brillant n&rsquo;est pas tout !\u00a0Le tissu en maille facilite la circulation de l&rsquo;air et le transport de l&rsquo;humidit\u00e9 vers l&rsquo;ext\u00e9rieur.\u00a0Le mod\u00e8le a des perforations sur le panneau lat\u00e9ral et la languette, ce qui augmente en outre sa respirabilit\u00e9.\u00a0Une unit\u00e9 Nike Air au talon rend chaque pas plus l\u00e9ger.\u00a0Choisissez des chaussures Jordan et ressentez le pouvoir de la l\u00e9gende !<\/p>\n<ul>\n<li>Dessus : cuir naturel, mati\u00e8re textile<\/li>\n<li>Doublure : mati\u00e8re textile<\/li>\n<li>Semelle : mati\u00e8re synth\u00e9tique, syst\u00e8me d&rsquo;amorti Nike Air<\/li>\n<\/ul>\n<p>Code fabricant : DQ8401-107<\/p>\n<p>&nbsp;<\/p>\n<\/div>\n<\/div>\n<\/div>\n<\/div>\n<\/div>\n<\/div>\n","protected":false},"excerpt":{"rendered":"<p>DESCRIPTION DU PRODUIT Un m\u00e9lange d&rsquo;inspirations, un collage de motifs et ce design !\u00a0Les baskets Jordan Stay Loyal 2 faisant r\u00e9f\u00e9rence \u00e0 la l\u00e9gende de Michael Jordan et aux c\u00e9l\u00e8bres mod\u00e8les vintage, attirent le regard au premier regard.\u00a0La tige est faite de cuir naturel durable en noir et blanc et de mati\u00e8re textile.\u00a0Il est orn\u00e9 [&hellip;]<\/p>\n","protected":false},"featured_media":9097,"template":"","meta":{"_acf_changed":false,"content-type":""},"pwb-brand":[514],"product_brand":[],"product_cat":[481,478,491],"product_tag":[],"class_list":{"0":"post-9091","1":"product","2":"type-product","3":"status-publish","4":"has-post-thumbnail","6":"pwb-brand-nike","7":"product_cat-baskets-hommes","8":"product_cat-chaussureshommes","9":"product_cat-hommes","11":"first","12":"instock","13":"taxable","14":"shipping-taxable","15":"purchasable","16":"product-type-variable"},"acf":[],"brands":[{"id":514,"name":"Nike","slug":"nike"}],"_links":{"self":[{"href":"https:\/\/primosportmaroc.com\/index.php?rest_route=\/wp\/v2\/product\/9091","targetHints":{"allow":["GET"]}}],"collection":[{"href":"https:\/\/primosportmaroc.com\/index.php?rest_route=\/wp\/v2\/product"}],"about":[{"href":"https:\/\/primosportmaroc.com\/index.php?rest_route=\/wp\/v2\/types\/product"}],"wp:featuredmedia":[{"embeddable":true,"href":"https:\/\/primosportmaroc.com\/index.php?rest_route=\/wp\/v2\/media\/9097"}],"wp:attachment":[{"href":"https:\/\/primosportmaroc.com\/index.php?rest_route=%2Fwp%2Fv2%2Fmedia&parent=9091"}],"wp:term":[{"taxonomy":"pwb-brand","embeddable":true,"href":"https:\/\/primosportmaroc.com\/index.php?rest_route=%2Fwp%2Fv2%2Fpwb-brand&post=9091"},{"taxonomy":"product_brand","embeddable":true,"href":"https:\/\/primosportmaroc.com\/index.php?rest_route=%2Fwp%2Fv2%2Fproduct_brand&post=9091"},{"taxonomy":"product_cat","embeddable":true,"href":"https:\/\/primosportmaroc.com\/index.php?rest_route=%2Fwp%2Fv2%2Fproduct_cat&post=9091"},{"taxonomy":"product_tag","embeddable":true,"href":"https:\/\/primosportmaroc.com\/index.php?rest_route=%2Fwp%2Fv2%2Fproduct_tag&post=9091"}],"curies":[{"name":"wp","href":"https:\/\/api.w.org\/{rel}","templated":true}]}}