{"id":9098,"date":"2025-08-15T13:11:17","date_gmt":"2025-08-15T12:11:17","guid":{"rendered":"https:\/\/primosportmaroc.com\/?post_type=product&#038;p=9098"},"modified":"2025-08-15T13:11:17","modified_gmt":"2025-08-15T12:11:17","slug":"nike-dunk-low-halloween-dh9765-003","status":"publish","type":"product","link":"https:\/\/primosportmaroc.com\/?product=nike-dunk-low-halloween-dh9765-003","title":{"rendered":"Nike Dunk Low Halloween \u2013 DH9765-003"},"content":{"rendered":"<p>La\u00a0<strong>marque au Swoosh<\/strong>\u00a0profite de la f\u00eate d\u2019<strong>Halloween<\/strong>\u00a0pour d\u00e9cliner sa sublime et tendance\u00a0<strong>Dunk Low<\/strong>\u00a0pour une it\u00e9ration qui respecte le th\u00e8me \u00e0 la lettre\u00a0!<\/p>\n<p>La\u00a0<strong>Nike Dunk Low Halloween (2022)\u00a0<\/strong>est constitu\u00e9e d\u2019une base en\u00a0<strong>cuir blanc<\/strong>\u00a0qui est rehauss\u00e9e par des superpositions en\u00a0<strong>cuir orange<\/strong>\u00a0sur le mudguard, les \u0153illets et le quarter panel. Ces derniers s\u2019accordent aux lacets tandis que l\u2019on retrouve le branding de la marque en\u00a0<strong>noir<\/strong>\u00a0sur la languette et le heel tab. Ce m\u00eame noir appara\u00eet sur le\u00a0<strong>Swoosh lat\u00e9ral<\/strong>\u00a0qui vient apporter \u00e0 l\u2019upper un beau contraste. Le tout est soutenu par une midsole\u00a0<strong>blanche<\/strong>\u00a0coupl\u00e9e \u00e0 une outsole\u00a0<strong>noire<\/strong>.<\/p>\n<p>Cette\u00a0<strong>Dunk\u00a0orange<\/strong>\u00a0et noire promet de satisfaire les amateurs de sneakers qui souhaitent \u00eatre \u00e0 la page le 31 octobre au soir\u00a0!<\/p>\n<p>Marque :\u00a0<strong>Nike<\/strong><br \/>\nMod\u00e8le :\u00a0<strong>Dunk Low<\/strong><\/p>\n<p>SKU :\u00a0<strong>DH9765-003<\/strong><br \/>\nDate de sortie :\u00a0 Octobre 2022<br \/>\nColoris\u00a0:\u00a0<strong>PHANTOM\/BLACK-SAFETY ORANGE<\/strong><\/p>\n","protected":false},"excerpt":{"rendered":"<p>La\u00a0marque au Swoosh\u00a0profite de la f\u00eate d\u2019Halloween\u00a0pour d\u00e9cliner sa sublime et tendance\u00a0Dunk Low\u00a0pour une it\u00e9ration qui respecte le th\u00e8me \u00e0 la lettre\u00a0! La\u00a0Nike Dunk Low Halloween (2022)\u00a0est constitu\u00e9e d\u2019une base en\u00a0cuir blanc\u00a0qui est rehauss\u00e9e par des superpositions en\u00a0cuir orange\u00a0sur le mudguard, les \u0153illets et le quarter panel. Ces derniers s\u2019accordent aux lacets tandis que l\u2019on [&hellip;]<\/p>\n","protected":false},"featured_media":9102,"template":"","meta":{"_acf_changed":false,"content-type":""},"pwb-brand":[514],"product_brand":[],"product_cat":[481,478,491],"product_tag":[],"class_list":{"0":"post-9098","1":"product","2":"type-product","3":"status-publish","4":"has-post-thumbnail","6":"pwb-brand-nike","7":"product_cat-baskets-hommes","8":"product_cat-chaussureshommes","9":"product_cat-hommes","11":"first","12":"instock","13":"taxable","14":"shipping-taxable","15":"purchasable","16":"product-type-variable"},"acf":[],"brands":[{"id":514,"name":"Nike","slug":"nike"}],"_links":{"self":[{"href":"https:\/\/primosportmaroc.com\/index.php?rest_route=\/wp\/v2\/product\/9098","targetHints":{"allow":["GET"]}}],"collection":[{"href":"https:\/\/primosportmaroc.com\/index.php?rest_route=\/wp\/v2\/product"}],"about":[{"href":"https:\/\/primosportmaroc.com\/index.php?rest_route=\/wp\/v2\/types\/product"}],"wp:featuredmedia":[{"embeddable":true,"href":"https:\/\/primosportmaroc.com\/index.php?rest_route=\/wp\/v2\/media\/9102"}],"wp:attachment":[{"href":"https:\/\/primosportmaroc.com\/index.php?rest_route=%2Fwp%2Fv2%2Fmedia&parent=9098"}],"wp:term":[{"taxonomy":"pwb-brand","embeddable":true,"href":"https:\/\/primosportmaroc.com\/index.php?rest_route=%2Fwp%2Fv2%2Fpwb-brand&post=9098"},{"taxonomy":"product_brand","embeddable":true,"href":"https:\/\/primosportmaroc.com\/index.php?rest_route=%2Fwp%2Fv2%2Fproduct_brand&post=9098"},{"taxonomy":"product_cat","embeddable":true,"href":"https:\/\/primosportmaroc.com\/index.php?rest_route=%2Fwp%2Fv2%2Fproduct_cat&post=9098"},{"taxonomy":"product_tag","embeddable":true,"href":"https:\/\/primosportmaroc.com\/index.php?rest_route=%2Fwp%2Fv2%2Fproduct_tag&post=9098"}],"curies":[{"name":"wp","href":"https:\/\/api.w.org\/{rel}","templated":true}]}}