{"id":9105,"date":"2025-08-15T13:18:20","date_gmt":"2025-08-15T12:18:20","guid":{"rendered":"https:\/\/primosportmaroc.com\/?post_type=product&#038;p=9105"},"modified":"2025-08-15T13:18:20","modified_gmt":"2025-08-15T12:18:20","slug":"nike-air-jordan-jumpman-ck6707-010","status":"publish","type":"product","link":"https:\/\/primosportmaroc.com\/?product=nike-air-jordan-jumpman-ck6707-010","title":{"rendered":"Nike Air Jordan Jumpman CK6707-010"},"content":{"rendered":"<p><strong>Nike\u00a0Air Jordan Jumpman CK6707-010 Short<\/strong><\/p>\n<p>Le short Nike Air Jordan Jumpman est un incontournable pour les amateurs de style athl\u00e9tique et streetwear. Inspir\u00e9 par l\u2019h\u00e9ritage l\u00e9gendaire de Michael Jordan, ce short incarne la fusion parfaite entre performance et mode. Fabriqu\u00e9 avec des mat\u00e9riaux de haute qualit\u00e9, il offre une sensation de confort et de libert\u00e9 de mouvement optimale, id\u00e9al pour le sport ou les journ\u00e9es d\u00e9contract\u00e9es.<\/p>\n<p>Le logo Jumpman embl\u00e9matique orne fi\u00e8rement le short, symbolisant l\u2019excellence, la d\u00e9termination et l\u2019esprit de comp\u00e9tition. Cela conf\u00e8re au v\u00eatement une touche d\u2019authenticit\u00e9 et de puissance. Sa coupe moderne et ajust\u00e9e met en valeur votre silhouette tout en vous permettant de vous sentir \u00e0 l\u2019aise dans toutes vos activit\u00e9s.<\/p>\n<p>Que vous jouiez au basketball sur le terrain ou que vous vous baladiez en ville, le short Nike Air Jordan Jumpman est le choix parfait pour afficher votre passion pour le sport et votre sens du style. Disponible dans une vari\u00e9t\u00e9 de couleurs et de designs, il vous permet de cr\u00e9er des tenues uniques qui refl\u00e8tent votre personnalit\u00e9 et votre amour pour la l\u00e9gende du basketball. Faites une d\u00e9claration de mode audacieuse et sportive avec le short Nike Air Jordan Jumpman.<\/p>\n<p class=\"header _heading-h5\"><strong>D\u00e9tails<\/strong><\/p>\n<div class=\"product-qualities is-expanded\" data-v-f012bc88=\"\" data-v-325ad9cf=\"\" data-v-360b751c=\"\">\n<div class=\"quality\" data-v-f012bc88=\"\">\n<div class=\"quality-label-value\" data-v-f012bc88=\"\"><span class=\"quality-label\" data-v-f012bc88=\"\">Marque:\u00a0<\/span><span class=\"quality-value is-list\" data-v-f012bc88=\"\">Nike,\u00a0Jordan<\/span><\/div>\n<\/div>\n<div class=\"quality\" data-v-f012bc88=\"\">\n<div class=\"quality-label-value\" data-v-f012bc88=\"\"><span class=\"quality-label\" data-v-f012bc88=\"\">Couleur:\u00a0<\/span><span class=\"quality-value\" data-v-f012bc88=\"\"><span data-v-f012bc88=\"\">Noir<\/span><\/span><\/div>\n<\/div>\n<div class=\"quality\" data-v-f012bc88=\"\">\n<div class=\"quality-label-value\" data-v-f012bc88=\"\"><span class=\"quality-label\" data-v-f012bc88=\"\">Couleur indiqu\u00e9e par le fabricant:\u00a0<\/span><span class=\"quality-value\" data-v-f012bc88=\"\"><span data-v-f012bc88=\"\">010<\/span><\/span><\/div>\n<\/div>\n<div class=\"quality\" data-v-f012bc88=\"\">\n<div class=\"quality-label-value\" data-v-f012bc88=\"\"><span class=\"quality-label\" data-v-f012bc88=\"\">Motif:\u00a0<\/span><span class=\"quality-value\" data-v-f012bc88=\"\"><span data-v-f012bc88=\"\">Uni<\/span><\/span><\/div>\n<\/div>\n<div class=\"quality\" data-v-f012bc88=\"\">\n<div class=\"quality-label-value\" data-v-f012bc88=\"\"><span class=\"quality-label\" data-v-f012bc88=\"\">Fermeture:\u00a0<\/span><span class=\"quality-value\" data-v-f012bc88=\"\"><span data-v-f012bc88=\"\">\u00c9lastique<\/span><\/span><\/div>\n<\/div>\n<div class=\"quality\" data-v-f012bc88=\"\">\n<div class=\"quality-label-value\" data-v-f012bc88=\"\"><span class=\"quality-label\" data-v-f012bc88=\"\">Mod\u00e8le:\u00a0<\/span><span class=\"quality-value\" data-v-f012bc88=\"\"><span data-v-f012bc88=\"\">Jordan Jumpman Air CK6707<\/span><\/span><\/div>\n<\/div>\n<div class=\"quality\" data-v-f012bc88=\"\">\n<div class=\"quality-label-value\" data-v-f012bc88=\"\"><span class=\"quality-label\" data-v-f012bc88=\"\">Gamme:\u00a0<\/span><span class=\"quality-value\" data-v-f012bc88=\"\"><span data-v-f012bc88=\"\">Nike Spring\/Summer 2021\/Q1<\/span><\/span><\/div>\n<\/div>\n<div class=\"quality\" data-v-f012bc88=\"\">\n<div class=\"quality-label-value\" data-v-f012bc88=\"\"><span class=\"quality-label\" data-v-f012bc88=\"\">Collection:\u00a0<\/span><span class=\"quality-value is-list\" data-v-f012bc88=\"\">Nike Air,\u00a0Nike Jordan<\/span><\/div>\n<\/div>\n<div class=\"quality\" data-v-f012bc88=\"\">\n<div class=\"quality-label-value\" data-v-f012bc88=\"\"><span class=\"quality-label\" data-v-f012bc88=\"\">Index:\u00a0<\/span><span class=\"quality-value\" data-v-f012bc88=\"\"><span data-v-f012bc88=\"\">0000208531917<\/span><\/span><\/div>\n<div data-v-f012bc88=\"\">\n<p class=\"header _heading-h5\"><strong>Composition et entretien<\/strong><\/p>\n<div class=\"product-qualities is-expanded\" data-v-f012bc88=\"\" data-v-325ad9cf=\"\" data-v-360b751c=\"\">\n<div class=\"quality\" data-v-f012bc88=\"\">\n<div class=\"quality-label-value\" data-v-f012bc88=\"\"><span class=\"quality-label\" data-v-f012bc88=\"\">Composition:\u00a0<\/span><span class=\"quality-value\" data-v-f012bc88=\"\"><span data-v-f012bc88=\"\">80% coton 20% polyester<\/span><\/span><\/div>\n<div data-v-f012bc88=\"\">\n<p class=\"header _heading-strong\"><strong>CONSEILS D\u2019ENTRETIEN:<\/strong><\/p>\n<ul class=\"list\" data-v-ac5dfcb4=\"\">\n<li class=\"item\" data-v-ac5dfcb4=\"\"><picture class=\"base-picture icon\" data-v-2633578f=\"\" data-v-ac5dfcb4=\"\"><img decoding=\"async\" class=\"image loaded lazyloaded\" src=\"https:\/\/img.modivo.cloud\/svg(b\/1\/1\/7\/b11705030730d2e316f3b3413b5f258b7b9e5508_mo__na_czy__ci___chemicznie_4)\/mozna_czyscic_chemicznie_4.svg\" alt=\"mozna_czyscic_chemicznie_4\" width=\"24\" height=\"24\" data-v-2633578f=\"\" data-ll-status=\"loaded\" \/><\/picture>nettoyage \u00e0 sec autoris\u00e9<\/li>\n<li class=\"item\" data-v-ac5dfcb4=\"\"><picture class=\"base-picture icon\" data-v-2633578f=\"\" data-v-ac5dfcb4=\"\"><img decoding=\"async\" class=\"image loaded lazyloaded\" src=\"https:\/\/img.modivo.cloud\/svg(7\/3\/b\/c\/73bcec91ef29acc6f1c70a1aade3a8c3fb61cb8c_nie_wybiela__)\/nie_wybielac.svg\" alt=\"nie_wybielac\" width=\"24\" height=\"24\" data-v-2633578f=\"\" data-ll-status=\"loaded\" \/><\/picture>blanchiment exclu<\/li>\n<li class=\"item\" data-v-ac5dfcb4=\"\"><picture class=\"base-picture icon\" data-v-2633578f=\"\" data-v-ac5dfcb4=\"\"><img decoding=\"async\" class=\"image loaded lazyloaded\" src=\"https:\/\/img.modivo.cloud\/svg(3\/7\/7\/a\/377ab7988da17967bc428a8a2c61150434867e67_pra___w_pralce_w_temp._30__C_na_zwyk__ym_programie_lub_r__cznie)\/prac_30_zwykly_recznie.svg\" alt=\"prac_30_zwykly_recznie\" width=\"24\" height=\"24\" data-v-2633578f=\"\" data-ll-status=\"loaded\" \/><\/picture>lavage en machine \u00e0 30\u00b0C programme normal ou lavage \u00e0 la main<\/li>\n<li class=\"item\" data-v-ac5dfcb4=\"\"><picture class=\"base-picture icon\" data-v-2633578f=\"\" data-v-ac5dfcb4=\"\"><img loading=\"lazy\" decoding=\"async\" class=\"image loaded lazyloaded\" src=\"https:\/\/img.modivo.cloud\/svg(4\/9\/d\/1\/49d1cfb45082cd70b0635a6a91aaf3545c33ded1_prasowa___w_temp._max_110__C)\/prasowac_110.svg\" alt=\"prasowac_110\" width=\"24\" height=\"24\" data-v-2633578f=\"\" data-ll-status=\"loaded\" \/><\/picture>repassage \u00e0 temp\u00e9rature faible max.110\u00b0C<\/li>\n<li class=\"item\" data-v-ac5dfcb4=\"\"><picture class=\"base-picture icon\" data-v-2633578f=\"\" data-v-ac5dfcb4=\"\"><img loading=\"lazy\" decoding=\"async\" class=\"image loaded lazyloaded\" src=\"https:\/\/img.modivo.cloud\/svg(9\/2\/8\/e\/928e3510a2dd3b79cf8603c7448de1c3d9a5c540_suszy___b__bnowo_na_niskich_obrotach)\/suszyc_bebnowo_niskie_obroty.svg\" alt=\"suszyc_bebnowo_niskie_obroty\" width=\"24\" height=\"24\" data-v-2633578f=\"\" data-ll-status=\"loaded\" \/><\/picture>s\u00e9chage en machine \u00e0 basse vitesse<\/li>\n<\/ul>\n<p><strong>Nike Air Jordan Jumpman CK6707-010 Short<\/strong><\/p>\n<\/div>\n<\/div>\n<\/div>\n<\/div>\n<\/div>\n<\/div>\n","protected":false},"excerpt":{"rendered":"<p>Nike\u00a0Air Jordan Jumpman CK6707-010 Short Le short Nike Air Jordan Jumpman est un incontournable pour les amateurs de style athl\u00e9tique et streetwear. Inspir\u00e9 par l\u2019h\u00e9ritage l\u00e9gendaire de Michael Jordan, ce short incarne la fusion parfaite entre performance et mode. Fabriqu\u00e9 avec des mat\u00e9riaux de haute qualit\u00e9, il offre une sensation de confort et de libert\u00e9 [&hellip;]<\/p>\n","protected":false},"featured_media":9108,"template":"","meta":{"_acf_changed":false,"content-type":""},"pwb-brand":[514],"product_brand":[],"product_cat":[491,487,479],"product_tag":[],"class_list":{"0":"post-9105","1":"product","2":"type-product","3":"status-publish","4":"has-post-thumbnail","6":"pwb-brand-nike","7":"product_cat-hommes","8":"product_cat-short-bermuda-hommes","9":"product_cat-vetementshommes","11":"first","12":"instock","13":"taxable","14":"shipping-taxable","15":"purchasable","16":"product-type-variable"},"acf":[],"brands":[{"id":514,"name":"Nike","slug":"nike"}],"_links":{"self":[{"href":"https:\/\/primosportmaroc.com\/index.php?rest_route=\/wp\/v2\/product\/9105","targetHints":{"allow":["GET"]}}],"collection":[{"href":"https:\/\/primosportmaroc.com\/index.php?rest_route=\/wp\/v2\/product"}],"about":[{"href":"https:\/\/primosportmaroc.com\/index.php?rest_route=\/wp\/v2\/types\/product"}],"wp:featuredmedia":[{"embeddable":true,"href":"https:\/\/primosportmaroc.com\/index.php?rest_route=\/wp\/v2\/media\/9108"}],"wp:attachment":[{"href":"https:\/\/primosportmaroc.com\/index.php?rest_route=%2Fwp%2Fv2%2Fmedia&parent=9105"}],"wp:term":[{"taxonomy":"pwb-brand","embeddable":true,"href":"https:\/\/primosportmaroc.com\/index.php?rest_route=%2Fwp%2Fv2%2Fpwb-brand&post=9105"},{"taxonomy":"product_brand","embeddable":true,"href":"https:\/\/primosportmaroc.com\/index.php?rest_route=%2Fwp%2Fv2%2Fproduct_brand&post=9105"},{"taxonomy":"product_cat","embeddable":true,"href":"https:\/\/primosportmaroc.com\/index.php?rest_route=%2Fwp%2Fv2%2Fproduct_cat&post=9105"},{"taxonomy":"product_tag","embeddable":true,"href":"https:\/\/primosportmaroc.com\/index.php?rest_route=%2Fwp%2Fv2%2Fproduct_tag&post=9105"}],"curies":[{"name":"wp","href":"https:\/\/api.w.org\/{rel}","templated":true}]}}