{"id":9112,"date":"2025-08-15T18:29:32","date_gmt":"2025-08-15T17:29:32","guid":{"rendered":"https:\/\/primosportmaroc.com\/?post_type=product&#038;p=9112"},"modified":"2025-08-15T18:29:32","modified_gmt":"2025-08-15T17:29:32","slug":"nike-jordan-jumpman-cj0921-011","status":"publish","type":"product","link":"https:\/\/primosportmaroc.com\/?product=nike-jordan-jumpman-cj0921-011","title":{"rendered":"NIKE Jordan Jumpman CJ0921-011"},"content":{"rendered":"<p><strong>NIKE Jordan Jumpman CJ0921-011 T-SHIRTS<\/strong><\/p>\n<p>Les T-shirts Nike Jordan Jumpman incarnent l&rsquo;h\u00e9ritage l\u00e9gendaire de Michael Jordan, l&rsquo;un des plus grands joueurs de basketball de tous les temps. Ces T-shirts embl\u00e9matiques combinent parfaitement le style sportif et la mode urbaine, faisant d&rsquo;eux une pi\u00e8ce essentielle pour les passionn\u00e9s de sport et les adeptes de streetwear. Fabriqu\u00e9s avec des mat\u00e9riaux de haute qualit\u00e9, ils offrent un confort sup\u00e9rieur et une coupe ajust\u00e9e qui flatte la silhouette.<\/p>\n<p>Le logo Jumpman, reconnaissable entre mille, tr\u00f4ne fi\u00e8rement sur le devant du T-shirt, symbole intemporel de l&rsquo;excellence et de l&rsquo;audace. Il incarne l&rsquo;esprit de la comp\u00e9tition, de la d\u00e9termination et de la r\u00e9ussite, tout en ajoutant une touche d&rsquo;authenticit\u00e9 \u00e0 votre style. Que vous souhaitiez porter ces T-shirts lors de vos s\u00e9ances d&rsquo;entra\u00eenement intenses, lors de vos sorties d\u00e9contract\u00e9es avec des amis, ou simplement pour exprimer votre passion pour le basketball, les T-shirts Nike Jordan Jumpman r\u00e9pondent \u00e0 toutes vos attentes.<\/p>\n<p><b class=\"headline-5\">Avantages<\/b><\/p>\n<ul>\n<li>Le tissu de tous les jours est doux et confortable.<\/li>\n<li>La coupe est d\u00e9contract\u00e9e et facile \u00e0 porter.<\/li>\n<\/ul>\n<p>&nbsp;<\/p>\n<p><b class=\"headline-5\">d\u00e9tails du produit<\/b><\/p>\n<ul>\n<li>Jordan Coupe standard<\/li>\n<li>Col c\u00f4tel\u00e9<\/li>\n<li>Graphique imprim\u00e9<\/li>\n<li>50-100 % coton\/0-50 % polyester<\/li>\n<li>Les pourcentages de mat\u00e9riaux peuvent varier.\u00a0V\u00e9rifiez l&rsquo;\u00e9tiquette pour le contenu r\u00e9el.<\/li>\n<li>Lavage en machine<\/li>\n<li>Import\u00e9<\/li>\n<li>Couleur affich\u00e9e : Noir\/Blanc<\/li>\n<li>Mod\u00e8le : CJ0921-011<\/li>\n<\/ul>\n<p><strong>NIKE Jordan Jumpman CJ0921-011 T-SHIRTS<\/strong><\/p>\n","protected":false},"excerpt":{"rendered":"<p>NIKE Jordan Jumpman CJ0921-011 T-SHIRTS Les T-shirts Nike Jordan Jumpman incarnent l&rsquo;h\u00e9ritage l\u00e9gendaire de Michael Jordan, l&rsquo;un des plus grands joueurs de basketball de tous les temps. Ces T-shirts embl\u00e9matiques combinent parfaitement le style sportif et la mode urbaine, faisant d&rsquo;eux une pi\u00e8ce essentielle pour les passionn\u00e9s de sport et les adeptes de streetwear. Fabriqu\u00e9s [&hellip;]<\/p>\n","protected":false},"featured_media":9117,"template":"","meta":{"_acf_changed":false,"content-type":""},"pwb-brand":[514],"product_brand":[],"product_cat":[491,486,479],"product_tag":[],"class_list":{"0":"post-9112","1":"product","2":"type-product","3":"status-publish","4":"has-post-thumbnail","6":"pwb-brand-nike","7":"product_cat-hommes","8":"product_cat-t-shirt-polo-hommes","9":"product_cat-vetementshommes","11":"first","12":"instock","13":"taxable","14":"shipping-taxable","15":"purchasable","16":"product-type-variable"},"acf":[],"brands":[{"id":514,"name":"Nike","slug":"nike"}],"_links":{"self":[{"href":"https:\/\/primosportmaroc.com\/index.php?rest_route=\/wp\/v2\/product\/9112","targetHints":{"allow":["GET"]}}],"collection":[{"href":"https:\/\/primosportmaroc.com\/index.php?rest_route=\/wp\/v2\/product"}],"about":[{"href":"https:\/\/primosportmaroc.com\/index.php?rest_route=\/wp\/v2\/types\/product"}],"wp:featuredmedia":[{"embeddable":true,"href":"https:\/\/primosportmaroc.com\/index.php?rest_route=\/wp\/v2\/media\/9117"}],"wp:attachment":[{"href":"https:\/\/primosportmaroc.com\/index.php?rest_route=%2Fwp%2Fv2%2Fmedia&parent=9112"}],"wp:term":[{"taxonomy":"pwb-brand","embeddable":true,"href":"https:\/\/primosportmaroc.com\/index.php?rest_route=%2Fwp%2Fv2%2Fpwb-brand&post=9112"},{"taxonomy":"product_brand","embeddable":true,"href":"https:\/\/primosportmaroc.com\/index.php?rest_route=%2Fwp%2Fv2%2Fproduct_brand&post=9112"},{"taxonomy":"product_cat","embeddable":true,"href":"https:\/\/primosportmaroc.com\/index.php?rest_route=%2Fwp%2Fv2%2Fproduct_cat&post=9112"},{"taxonomy":"product_tag","embeddable":true,"href":"https:\/\/primosportmaroc.com\/index.php?rest_route=%2Fwp%2Fv2%2Fproduct_tag&post=9112"}],"curies":[{"name":"wp","href":"https:\/\/api.w.org\/{rel}","templated":true}]}}