{"id":9118,"date":"2025-08-15T18:42:55","date_gmt":"2025-08-15T17:42:55","guid":{"rendered":"https:\/\/primosportmaroc.com\/?post_type=product&#038;p=9118"},"modified":"2025-08-15T19:04:11","modified_gmt":"2025-08-15T18:04:11","slug":"chaussures-nike-pico-5-ar4161-600","status":"publish","type":"product","link":"https:\/\/primosportmaroc.com\/?product=chaussures-nike-pico-5-ar4161-600","title":{"rendered":"Chaussures Nike Pico 5 AR4161 600"},"content":{"rendered":"<div><strong>Chaussures Nike Pico 5 pour Jeune Enfant (AR4161 600)<\/strong><\/div>\n<div><\/div>\n<div class=\"b-fullpdpdetails__heading\">UN CONFORT FACILE \u00c0 ENFILER ET \u00c0 RETIRER.<\/div>\n<div class=\"b-fullpdpdetails__item\" data-prop-name=\"productDescription\">\n<p>Les chaussures Nike Pico 5 pour Jeunes Enfants sont un choix populaire pour les chaussures pour enfants. Ces chaussures sont con\u00e7ues pour les jeunes enfants et les tout-petits et sont connues pour leur durabilit\u00e9, leur confort et leur style. Voici quelques caract\u00e9ristiques et informations cl\u00e9s sur les chaussures Nike Pico 5 pour Jeunes Enfants\u00a0:<\/p>\n<ol>\n<li><strong>Design<\/strong> : Ces chaussures ont g\u00e9n\u00e9ralement un design simple et \u00e9pur\u00e9, ce qui les rend adapt\u00e9es \u00e0 diverses occasions, y compris le quotidien et les activit\u00e9s sportives.<\/li>\n<li><strong>Mat\u00e9riaux<\/strong> : Nike utilise souvent une combinaison de cuir synth\u00e9tique et de maille respirante dans la construction de ces chaussures. Cette combinaison offre \u00e0 la fois confort et soutien.<\/li>\n<li><strong>Fermeture<\/strong> : Elles sont g\u00e9n\u00e9ralement \u00e9quip\u00e9es d&rsquo;une sangle auto-agrippante ou d&rsquo;une fermeture Velcro, ce qui permet aux enfants d&rsquo;enfiler et d&rsquo;enlever facilement les chaussures eux-m\u00eames.<\/li>\n<li><strong>Amorti<\/strong> : Les chaussures comportent souvent un amorti dans la semelle pour plus de confort, ce qui est particuli\u00e8rement important pour les enfants actifs.<\/li>\n<li><strong>Traction<\/strong> : La semelle ext\u00e9rieure est con\u00e7ue pour offrir une bonne traction, aidant ainsi \u00e0 pr\u00e9venir les glissades et les chutes.<\/li>\n<\/ol>\n<\/div>\n<div class=\"b-fullpdpdetails__attribute\" data-id=\"gmg_productSpecifications\">\n<div class=\"b-fullpdpdetails__section\">\n<div class=\"b-fullpdpdetails__title\"><strong>d\u00e9tails du produit<\/strong><\/div>\n<div class=\"b-productdata__content\">\n<ul class=\"b-list--dots\">\n<li>Couleur affich\u00e9e : Rose perle\/Fuchsia cosmique\/Sarcelle min\u00e9rale\/Blanc<\/li>\n<li>Mod\u00e8le\u00a0: AR4161-600<\/li>\n<\/ul>\n<p>Lors de l&rsquo;achat de chaussures Nike Pico 5 pour Jeune Enfant, il est essentiel de vous assurer que vous choisissez la bonne taille pour votre enfant, ainsi que de prendre en compte ses besoins et pr\u00e9f\u00e9rences sp\u00e9cifiques. De plus, gardez \u00e0 l\u2019esprit que les offres et fonctionnalit\u00e9s de produits peuvent changer avec le temps, c\u2019est donc une bonne id\u00e9e de v\u00e9rifier les derni\u00e8res informations et avis lors d\u2019un achat.<\/p>\n<p>&nbsp;<\/p>\n<\/div>\n<\/div>\n<\/div>\n","protected":false},"excerpt":{"rendered":"<p>Chaussures Nike Pico 5 pour Jeune Enfant (AR4161 600) UN CONFORT FACILE \u00c0 ENFILER ET \u00c0 RETIRER. Les chaussures Nike Pico 5 pour Jeunes Enfants sont un choix populaire pour les chaussures pour enfants. Ces chaussures sont con\u00e7ues pour les jeunes enfants et les tout-petits et sont connues pour leur durabilit\u00e9, leur confort et leur [&hellip;]<\/p>\n","protected":false},"featured_media":9119,"template":"","meta":{"_acf_changed":false,"content-type":""},"pwb-brand":[514],"product_brand":[],"product_cat":[503,501,500,477],"product_tag":[],"class_list":{"0":"post-9118","1":"product","2":"type-product","3":"status-publish","4":"has-post-thumbnail","6":"pwb-brand-nike","7":"product_cat-baskets-enfants","8":"product_cat-chaussures-enfants","9":"product_cat-enfants","10":"product_cat-soldes","12":"first","13":"instock","14":"sale","15":"taxable","16":"shipping-taxable","17":"purchasable","18":"product-type-variable"},"acf":[],"brands":[{"id":514,"name":"Nike","slug":"nike"}],"_links":{"self":[{"href":"https:\/\/primosportmaroc.com\/index.php?rest_route=\/wp\/v2\/product\/9118","targetHints":{"allow":["GET"]}}],"collection":[{"href":"https:\/\/primosportmaroc.com\/index.php?rest_route=\/wp\/v2\/product"}],"about":[{"href":"https:\/\/primosportmaroc.com\/index.php?rest_route=\/wp\/v2\/types\/product"}],"wp:featuredmedia":[{"embeddable":true,"href":"https:\/\/primosportmaroc.com\/index.php?rest_route=\/wp\/v2\/media\/9119"}],"wp:attachment":[{"href":"https:\/\/primosportmaroc.com\/index.php?rest_route=%2Fwp%2Fv2%2Fmedia&parent=9118"}],"wp:term":[{"taxonomy":"pwb-brand","embeddable":true,"href":"https:\/\/primosportmaroc.com\/index.php?rest_route=%2Fwp%2Fv2%2Fpwb-brand&post=9118"},{"taxonomy":"product_brand","embeddable":true,"href":"https:\/\/primosportmaroc.com\/index.php?rest_route=%2Fwp%2Fv2%2Fproduct_brand&post=9118"},{"taxonomy":"product_cat","embeddable":true,"href":"https:\/\/primosportmaroc.com\/index.php?rest_route=%2Fwp%2Fv2%2Fproduct_cat&post=9118"},{"taxonomy":"product_tag","embeddable":true,"href":"https:\/\/primosportmaroc.com\/index.php?rest_route=%2Fwp%2Fv2%2Fproduct_tag&post=9118"}],"curies":[{"name":"wp","href":"https:\/\/api.w.org\/{rel}","templated":true}]}}