{"id":9139,"date":"2025-08-15T20:14:46","date_gmt":"2025-08-15T19:14:46","guid":{"rendered":"https:\/\/primosportmaroc.com\/?post_type=product&#038;p=9139"},"modified":"2025-08-15T20:14:46","modified_gmt":"2025-08-15T19:14:46","slug":"nike-court-vision-mid-next-nature","status":"publish","type":"product","link":"https:\/\/primosportmaroc.com\/?product=nike-court-vision-mid-next-nature","title":{"rendered":"Nike Court Vision Mid Next Nature"},"content":{"rendered":"<div>\n<div class=\"pt2-sm pl3-sm pr7-sm d-sm-ib css-1ripog4\" data-test=\"product-detail-title\">\n<p><strong>Nike Court Vision Mid Next Nature<\/strong><\/p>\n<div class=\"product-price__wrapper css-13hq5b3\">\n<div class=\"product-price css-11s12ax is--current-price css-tpaepq\" data-test=\"product-price\"><\/div>\n<\/div>\n<\/div>\n<\/div>\n<div class=\"pt5-sm pr5-sm css-15fheo5\" data-test=\"inline-product-description\">\n<div class=\"pi-tier3\">\n<div class=\"pi-pdpmainbody\">\n<p><b class=\"headline-5\">FRAIS HORS DU TERRAIN.<\/b><\/p>\n<p>Vous \u00eates amoureux du look classique du basket-ball des ann\u00e9es 80, mais vous avez un faible pour la culture tr\u00e9pidante du jeu d&rsquo;aujourd&rsquo;hui\u00a0?\u00a0D\u00e9couvrez la Nike Court Vision Mid.\u00a0Un classique remix\u00e9 avec au moins 20 % de mat\u00e9riaux recycl\u00e9s en poids.\u00a0Nous avons remplac\u00e9 le cuir par des mati\u00e8res recycl\u00e9es et synth\u00e9tiques qui gardent l&rsquo;\u00e2me du style original.\u00a0Sa tige impeccable et ses empi\u00e8cements cousus restent fid\u00e8les \u00e0 ses origines.\u00a0Le col moelleux le rend \u00e9l\u00e9gant et confortable pour votre monde.<\/p>\n<p><b class=\"headline-5\">Avantages<\/b><\/p>\n<ul>\n<li>Fabriqu\u00e9 avec au moins 20 % de mat\u00e9riaux recycl\u00e9s en poids.<\/li>\n<li>Utilisant des mat\u00e9riaux synth\u00e9tiques, le design pr\u00e9sente des mat\u00e9riaux qui font \u00e9cho aux chaussures de basket-ball du milieu des ann\u00e9es 1980.<\/li>\n<li>Le col rembourr\u00e9 est \u00e9l\u00e9gant et agr\u00e9able au toucher tandis que les perforations sur la pointe et les c\u00f4t\u00e9s ajoutent confort et respirabilit\u00e9.<\/li>\n<li>Couleur affich\u00e9e : Blanc\/Blanc\/Blanc<\/li>\n<li>Mod\u00e8le\u00a0: DN3577-100<\/li>\n<\/ul>\n<\/div>\n<\/div>\n<\/div>\n","protected":false},"excerpt":{"rendered":"<p>Nike Court Vision Mid Next Nature FRAIS HORS DU TERRAIN. Vous \u00eates amoureux du look classique du basket-ball des ann\u00e9es 80, mais vous avez un faible pour la culture tr\u00e9pidante du jeu d&rsquo;aujourd&rsquo;hui\u00a0?\u00a0D\u00e9couvrez la Nike Court Vision Mid.\u00a0Un classique remix\u00e9 avec au moins 20 % de mat\u00e9riaux recycl\u00e9s en poids.\u00a0Nous avons remplac\u00e9 le cuir par [&hellip;]<\/p>\n","protected":false},"featured_media":9140,"template":"","meta":{"_acf_changed":false,"content-type":""},"pwb-brand":[514],"product_brand":[],"product_cat":[481,478,491,477],"product_tag":[],"class_list":{"0":"post-9139","1":"product","2":"type-product","3":"status-publish","4":"has-post-thumbnail","6":"pwb-brand-nike","7":"product_cat-baskets-hommes","8":"product_cat-chaussureshommes","9":"product_cat-hommes","10":"product_cat-soldes","12":"first","13":"instock","14":"sale","15":"taxable","16":"shipping-taxable","17":"purchasable","18":"product-type-variable"},"acf":[],"brands":[{"id":514,"name":"Nike","slug":"nike"}],"_links":{"self":[{"href":"https:\/\/primosportmaroc.com\/index.php?rest_route=\/wp\/v2\/product\/9139","targetHints":{"allow":["GET"]}}],"collection":[{"href":"https:\/\/primosportmaroc.com\/index.php?rest_route=\/wp\/v2\/product"}],"about":[{"href":"https:\/\/primosportmaroc.com\/index.php?rest_route=\/wp\/v2\/types\/product"}],"wp:featuredmedia":[{"embeddable":true,"href":"https:\/\/primosportmaroc.com\/index.php?rest_route=\/wp\/v2\/media\/9140"}],"wp:attachment":[{"href":"https:\/\/primosportmaroc.com\/index.php?rest_route=%2Fwp%2Fv2%2Fmedia&parent=9139"}],"wp:term":[{"taxonomy":"pwb-brand","embeddable":true,"href":"https:\/\/primosportmaroc.com\/index.php?rest_route=%2Fwp%2Fv2%2Fpwb-brand&post=9139"},{"taxonomy":"product_brand","embeddable":true,"href":"https:\/\/primosportmaroc.com\/index.php?rest_route=%2Fwp%2Fv2%2Fproduct_brand&post=9139"},{"taxonomy":"product_cat","embeddable":true,"href":"https:\/\/primosportmaroc.com\/index.php?rest_route=%2Fwp%2Fv2%2Fproduct_cat&post=9139"},{"taxonomy":"product_tag","embeddable":true,"href":"https:\/\/primosportmaroc.com\/index.php?rest_route=%2Fwp%2Fv2%2Fproduct_tag&post=9139"}],"curies":[{"name":"wp","href":"https:\/\/api.w.org\/{rel}","templated":true}]}}