{"id":9148,"date":"2025-08-15T20:52:40","date_gmt":"2025-08-15T19:52:40","guid":{"rendered":"https:\/\/primosportmaroc.com\/?post_type=product&#038;p=9148"},"modified":"2025-08-15T20:52:40","modified_gmt":"2025-08-15T19:52:40","slug":"chaussures-nike-air-max-invigor-749572-002","status":"publish","type":"product","link":"https:\/\/primosportmaroc.com\/?product=chaussures-nike-air-max-invigor-749572-002","title":{"rendered":"Chaussures Nike Air Max Invigor 749572-002"},"content":{"rendered":"<div class=\"section\" data-v-360b751c=\"\" data-v-d86c7b46=\"\">\n<p>Chaussures Nike Air Max Invigor (GS) 749572 002 Noir<\/p>\n<p>Il b\u00e9n\u00e9ficiera d&rsquo;un confort revigorant pour ses activit\u00e9s pr\u00e9f\u00e9r\u00e9es avec les chaussures de course Nike Air Max Invigor. Ce mod\u00e8le ax\u00e9 sur la performance est dot\u00e9 d&rsquo;une tige en mesh respirant avec des superpositions sans couture et d&rsquo;une unit\u00e9 de talon Max Air absorbant les chocs. De plus, avec des \u00e9l\u00e9ments de design emprunt\u00e9s \u00e0 la Nike Air Max 95 classique, ces baskets deviendront certainement l&rsquo;une de ses paires pr\u00e9f\u00e9r\u00e9es.<\/p>\n<p class=\"header _heading-h5\"><strong>D\u00e9tails<\/strong><\/p>\n<div class=\"product-qualities is-expanded\" data-v-f012bc88=\"\" data-v-d86c7b46=\"\" data-v-360b751c=\"\">\n<div class=\"quality\" data-v-f012bc88=\"\">\n<ul>\n<li class=\"quality-label-value\"><span class=\"quality-label\" data-v-f012bc88=\"\">Marque: <\/span><span class=\"quality-value is-list\" data-v-f012bc88=\"\">Nike<\/span><\/li>\n<li class=\"quality-label-value\">Chaussures de sport: <span class=\"quality-value\" data-v-f012bc88=\"\"><span data-v-f012bc88=\"\">Lifestyle<\/span><\/span><\/li>\n<li class=\"quality-label-value\">Couleur: <span class=\"quality-value\" data-v-f012bc88=\"\"><span data-v-f012bc88=\"\">Noir<\/span><\/span><\/li>\n<li class=\"quality-label-value\">Couleur indiqu\u00e9e par le fabricant: <span class=\"quality-value\" data-v-f012bc88=\"\"><span data-v-f012bc88=\"\">Wolf Grey\/Volt\/Black<\/span><\/span><\/li>\n<li class=\"quality-label-value\">Type de fermeture: <span class=\"quality-value\" data-v-f012bc88=\"\"><span data-v-f012bc88=\"\">Lacets<\/span><\/span><\/li>\n<li class=\"quality-label-value\">Type de bout: <span class=\"quality-value\" data-v-f012bc88=\"\"><span data-v-f012bc88=\"\">Rond<\/span><\/span><\/li>\n<li class=\"quality-label-value\">Type de semelle: <span class=\"quality-value\" data-v-f012bc88=\"\"><span data-v-f012bc88=\"\">Plat<\/span><\/span><\/li>\n<li class=\"quality-label-value\">Autres: <span class=\"quality-value\" data-v-f012bc88=\"\"><span data-v-f012bc88=\"\">Lacets en tissu<\/span><\/span><\/li>\n<li class=\"quality-label-value\">Mod\u00e8le: <span class=\"quality-value\" data-v-f012bc88=\"\"><span data-v-f012bc88=\"\">Air Max Invigor (GS) 749572 002<\/span><\/span><\/li>\n<li class=\"quality-label-value\">Gamme: <span class=\"quality-value\" data-v-f012bc88=\"\"><span data-v-f012bc88=\"\">Nike Spring\/Summer 2021\/Q1<\/span><\/span><\/li>\n<li class=\"quality-label-value\">Collection: <span class=\"quality-value is-list\" data-v-f012bc88=\"\">Nike Air Max<\/span><\/li>\n<li class=\"quality-label-value\">Index: <span class=\"quality-value\" data-v-f012bc88=\"\"><span data-v-f012bc88=\"\">0000209785395<\/span><\/span><\/li>\n<\/ul>\n<\/div>\n<\/div>\n<\/div>\n<div class=\"section\" data-v-360b751c=\"\" data-v-d86c7b46=\"\">\n<p class=\"header _heading-h5\"><strong>Taille et ajustement<\/strong><\/p>\n<div class=\"product-qualities is-expanded\" data-v-f012bc88=\"\" data-v-d86c7b46=\"\" data-v-360b751c=\"\">\n<div class=\"quality\" data-v-f012bc88=\"\">\n<ul>\n<li class=\"quality-label-value\"><span class=\"quality-label\" data-v-f012bc88=\"\">\u00c9paisseur de semelle: <\/span><span class=\"quality-value\" data-v-f012bc88=\"\"><span data-v-f012bc88=\"\">3 cm<\/span><\/span><\/li>\n<li class=\"quality-label-value\">Hauteur totale de la chaussure: <span class=\"quality-value\" data-v-f012bc88=\"\"><span data-v-f012bc88=\"\">10 cm<\/span><\/span><\/li>\n<li class=\"quality-label-value\">Poids de chaussure (pointure la plus petite): <span class=\"quality-value\" data-v-f012bc88=\"\"><span data-v-f012bc88=\"\">206 g<\/span><\/span><\/li>\n<\/ul>\n<\/div>\n<\/div>\n<\/div>\n<div class=\"section\" data-v-360b751c=\"\" data-v-d86c7b46=\"\">\n<p class=\"header _heading-h5\"><strong>Composition et entretien<\/strong><\/p>\n<div class=\"product-qualities is-expanded\" data-v-f012bc88=\"\" data-v-d86c7b46=\"\" data-v-360b751c=\"\">\n<div class=\"quality\" data-v-f012bc88=\"\">\n<ul>\n<li class=\"quality-label-value\"><span class=\"quality-label\" data-v-f012bc88=\"\">Semelle de propret\u00e9: <\/span><span class=\"quality-value\" data-v-f012bc88=\"\"><span data-v-f012bc88=\"\">Tissu<\/span><\/span><\/li>\n<li class=\"quality-label-value\">Int\u00e9rieur: <span class=\"quality-value\" data-v-f012bc88=\"\"><span data-v-f012bc88=\"\">Tissu<\/span><\/span><\/li>\n<li class=\"quality-label-value\">Tige: <span class=\"quality-value\" data-v-f012bc88=\"\"><span data-v-f012bc88=\"\">Mati\u00e8re\/-Synth\u00e9tique haute qualit\u00e9, Textile\/-Tissu<\/span><\/span><\/li>\n<li class=\"quality-label-value\">Rembourrage: <span class=\"quality-value\" data-v-f012bc88=\"\"><span data-v-f012bc88=\"\">Rigide<\/span><\/span><\/li>\n<li class=\"quality-label-value\">Semelle d&rsquo;usure: <span class=\"quality-value\" data-v-f012bc88=\"\"><span data-v-f012bc88=\"\">Mati\u00e8re synth\u00e9tique de haute qualit\u00e9<\/span><\/span><\/li>\n<li class=\"quality-label-value\">Contient des parties non textiles d&rsquo;origine animale: <span class=\"quality-value\" data-v-f012bc88=\"\"><span data-v-f012bc88=\"\">Non<\/span><\/span><\/li>\n<\/ul>\n<\/div>\n<\/div>\n<\/div>\n<div class=\"section\" data-v-360b751c=\"\" data-v-d86c7b46=\"\">\n<p class=\"header _heading-h5\"><strong>Technologies appliqu\u00e9es<\/strong><\/p>\n<ul class=\"product-technologies\" data-v-55121d3b=\"\" data-v-d86c7b46=\"\" data-v-360b751c=\"\">\n<li class=\"technology\" data-v-55121d3b=\"\">Air Max<\/li>\n<li class=\"technology\" data-v-55121d3b=\"\">Nike Air<\/li>\n<li class=\"technology\" data-v-55121d3b=\"\">Air Sole<\/li>\n<li class=\"technology\" data-v-55121d3b=\"\">Max Air<\/li>\n<\/ul>\n<p>Trouvez de nombreuses nouveaut\u00e9s g\u00e9niales et obtenez les meilleures offres pour Chaussures Nike Air Max Invigor (GS) 749572 002 aux meilleurs prix en ligne sur bestbrandmaroc !<\/p>\n<\/div>\n","protected":false},"excerpt":{"rendered":"<p>Chaussures Nike Air Max Invigor (GS) 749572 002 Noir Il b\u00e9n\u00e9ficiera d&rsquo;un confort revigorant pour ses activit\u00e9s pr\u00e9f\u00e9r\u00e9es avec les chaussures de course Nike Air Max Invigor. Ce mod\u00e8le ax\u00e9 sur la performance est dot\u00e9 d&rsquo;une tige en mesh respirant avec des superpositions sans couture et d&rsquo;une unit\u00e9 de talon Max Air absorbant les chocs. [&hellip;]<\/p>\n","protected":false},"featured_media":9154,"template":"","meta":{"_acf_changed":false,"content-type":""},"pwb-brand":[514],"product_brand":[],"product_cat":[503,501,500,477],"product_tag":[],"class_list":{"0":"post-9148","1":"product","2":"type-product","3":"status-publish","4":"has-post-thumbnail","6":"pwb-brand-nike","7":"product_cat-baskets-enfants","8":"product_cat-chaussures-enfants","9":"product_cat-enfants","10":"product_cat-soldes","12":"first","13":"instock","14":"sale","15":"taxable","16":"shipping-taxable","17":"purchasable","18":"product-type-variable"},"acf":[],"brands":[{"id":514,"name":"Nike","slug":"nike"}],"_links":{"self":[{"href":"https:\/\/primosportmaroc.com\/index.php?rest_route=\/wp\/v2\/product\/9148","targetHints":{"allow":["GET"]}}],"collection":[{"href":"https:\/\/primosportmaroc.com\/index.php?rest_route=\/wp\/v2\/product"}],"about":[{"href":"https:\/\/primosportmaroc.com\/index.php?rest_route=\/wp\/v2\/types\/product"}],"wp:featuredmedia":[{"embeddable":true,"href":"https:\/\/primosportmaroc.com\/index.php?rest_route=\/wp\/v2\/media\/9154"}],"wp:attachment":[{"href":"https:\/\/primosportmaroc.com\/index.php?rest_route=%2Fwp%2Fv2%2Fmedia&parent=9148"}],"wp:term":[{"taxonomy":"pwb-brand","embeddable":true,"href":"https:\/\/primosportmaroc.com\/index.php?rest_route=%2Fwp%2Fv2%2Fpwb-brand&post=9148"},{"taxonomy":"product_brand","embeddable":true,"href":"https:\/\/primosportmaroc.com\/index.php?rest_route=%2Fwp%2Fv2%2Fproduct_brand&post=9148"},{"taxonomy":"product_cat","embeddable":true,"href":"https:\/\/primosportmaroc.com\/index.php?rest_route=%2Fwp%2Fv2%2Fproduct_cat&post=9148"},{"taxonomy":"product_tag","embeddable":true,"href":"https:\/\/primosportmaroc.com\/index.php?rest_route=%2Fwp%2Fv2%2Fproduct_tag&post=9148"}],"curies":[{"name":"wp","href":"https:\/\/api.w.org\/{rel}","templated":true}]}}