{"id":9157,"date":"2025-08-15T22:06:58","date_gmt":"2025-08-15T21:06:58","guid":{"rendered":"https:\/\/primosportmaroc.com\/?post_type=product&#038;p=9157"},"modified":"2025-08-15T22:06:58","modified_gmt":"2025-08-15T21:06:58","slug":"nike-court-borough-low-2-bq5451-002","status":"publish","type":"product","link":"https:\/\/primosportmaroc.com\/?product=nike-court-borough-low-2-bq5451-002","title":{"rendered":"Nike Court Borough Low 2 BQ5451-002"},"content":{"rendered":"<div class=\"section\" data-v-360b751c=\"\" data-v-d86c7b46=\"\">\n<p data-sourcepos=\"3:1-3:89\"><strong>Chaussures Nike\u00a0Court Borough Low 2 BQ5451 002 : Confort et style pour tous les jours<\/strong><\/p>\n<p data-sourcepos=\"5:1-5:305\">Les chaussures Nike Court Borough Low 2 BQ5451 002 sont une chaussure de sport classique pour enfants, id\u00e9ale pour une utilisation quotidienne. Elles sont dot\u00e9es d\u2019une tige en cuir synth\u00e9tique durable et d\u2019une semelle ext\u00e9rieure en caoutchouc antid\u00e9rapante, ce qui les rend confortables et s\u00fbres \u00e0 porter.<\/p>\n<p class=\"header _heading-h5\">D\u00e9tails<\/p>\n<div class=\"product-qualities is-expanded\" data-v-f012bc88=\"\" data-v-d86c7b46=\"\" data-v-360b751c=\"\">\n<div class=\"quality\" data-v-f012bc88=\"\">\n<ul>\n<li class=\"quality-label-value\"><span class=\"quality-label\" data-v-f012bc88=\"\">Marque:\u00a0<\/span><span class=\"quality-value is-list\" data-v-f012bc88=\"\">Nike<\/span><\/li>\n<li class=\"quality-label-value\">Chaussures de sport:\u00a0<span class=\"quality-value\" data-v-f012bc88=\"\"><span data-v-f012bc88=\"\">Lifestyle<\/span><\/span><\/li>\n<li class=\"quality-label-value\">Couleur:\u00a0<span class=\"quality-value\" data-v-f012bc88=\"\"><span data-v-f012bc88=\"\">Noir<\/span><\/span><\/li>\n<li class=\"quality-label-value\">Couleur indiqu\u00e9e par le fabricant:\u00a0<span class=\"quality-value\" data-v-f012bc88=\"\"><span data-v-f012bc88=\"\">Black\/White<\/span><\/span><\/li>\n<li class=\"quality-label-value\">Type de fermeture:\u00a0<span class=\"quality-value\" data-v-f012bc88=\"\"><span data-v-f012bc88=\"\">Scratch<\/span><\/span><\/li>\n<li class=\"quality-label-value\">Type de bout:\u00a0<span class=\"quality-value\" data-v-f012bc88=\"\"><span data-v-f012bc88=\"\">Rond<\/span><\/span><\/li>\n<li class=\"quality-label-value\">Type de semelle:\u00a0<span class=\"quality-value\" data-v-f012bc88=\"\"><span data-v-f012bc88=\"\">Plat<\/span><\/span><\/li>\n<li class=\"quality-label-value\">Autres:\u00a0<span class=\"quality-value\" data-v-f012bc88=\"\"><span data-v-f012bc88=\"\">Soufflet \u00e9lastique<\/span><\/span><\/li>\n<li class=\"quality-label-value\">Mod\u00e8le:\u00a0<span class=\"quality-value\" data-v-f012bc88=\"\"><span data-v-f012bc88=\"\">Court Borough Low 2 (PSV) BQ5451 002<\/span><\/span><\/li>\n<li class=\"quality-label-value\">Gamme:\u00a0<span class=\"quality-value\" data-v-f012bc88=\"\"><span data-v-f012bc88=\"\">Nike Fall\/Winter 2023<\/span><\/span><\/li>\n<li class=\"quality-label-value\">Collection:\u00a0<span class=\"quality-value is-list\" data-v-f012bc88=\"\">Nike Court<\/span><\/li>\n<li class=\"quality-label-value\">Index:\u00a0<span class=\"quality-value\" data-v-f012bc88=\"\"><span data-v-f012bc88=\"\">0000300702581<\/span><\/span><\/li>\n<\/ul>\n<p>Taille et ajustement<\/p>\n<\/div>\n<\/div>\n<\/div>\n<div class=\"section\" data-v-360b751c=\"\" data-v-d86c7b46=\"\">\n<div class=\"product-qualities is-expanded\" data-v-f012bc88=\"\" data-v-d86c7b46=\"\" data-v-360b751c=\"\">\n<div class=\"quality\" data-v-f012bc88=\"\">\n<ul>\n<li class=\"quality-label-value\"><span class=\"quality-label\" data-v-f012bc88=\"\">\u00c9paisseur de semelle:\u00a0<\/span><span class=\"quality-value\" data-v-f012bc88=\"\"><span data-v-f012bc88=\"\">1.5 cm<\/span><\/span><\/li>\n<li class=\"quality-label-value\">Hauteur totale de la chaussure:\u00a0<span class=\"quality-value\" data-v-f012bc88=\"\"><span data-v-f012bc88=\"\">8.5 cm<\/span><\/span><\/li>\n<li class=\"quality-label-value\">Poids de chaussure (pointure la plus petite):\u00a0<span class=\"quality-value\" data-v-f012bc88=\"\"><span data-v-f012bc88=\"\">162 g<\/span><\/span><\/li>\n<\/ul>\n<\/div>\n<div class=\"quality\" data-v-f012bc88=\"\">\n<div data-v-f012bc88=\"\"><\/div>\n<\/div>\n<\/div>\n<\/div>\n<div class=\"section\" data-v-360b751c=\"\" data-v-d86c7b46=\"\">\n<p class=\"header _heading-h5\">Composition et entretien<\/p>\n<div class=\"product-qualities is-expanded\" data-v-f012bc88=\"\" data-v-d86c7b46=\"\" data-v-360b751c=\"\">\n<div class=\"quality\" data-v-f012bc88=\"\">\n<ul>\n<li class=\"quality-label-value\"><span class=\"quality-label\" data-v-f012bc88=\"\">Semelle de propret\u00e9:\u00a0<\/span><span class=\"quality-value\" data-v-f012bc88=\"\"><span data-v-f012bc88=\"\">Tissu<\/span><\/span><\/li>\n<li class=\"quality-label-value\">Int\u00e9rieur:\u00a0<span class=\"quality-value\" data-v-f012bc88=\"\"><span data-v-f012bc88=\"\">Tissu<\/span><\/span><\/li>\n<li class=\"quality-label-value\">Tige:\u00a0<span class=\"quality-value\" data-v-f012bc88=\"\"><span data-v-f012bc88=\"\">Simili cuir\/-Simili cuir, Cuir \u2013 Cuir pleine fleur<\/span><\/span><\/li>\n<li class=\"quality-label-value\">Rembourrage:\u00a0<span class=\"quality-value\" data-v-f012bc88=\"\"><span data-v-f012bc88=\"\">Rigide<\/span><\/span><\/li>\n<li class=\"quality-label-value\">Semelle d\u2019usure:\u00a0<span class=\"quality-value\" data-v-f012bc88=\"\"><span data-v-f012bc88=\"\">Mati\u00e8re synth\u00e9tique de haute qualit\u00e9<\/span><\/span><\/li>\n<\/ul>\n<p>Les chaussures Nike Court Borough Low 2 sont une excellente option pour les parents qui recherchent une chaussure de sport confortable et s\u00fbre pour leurs enfants.<\/p>\n<p>\u00ab\u00a0Chaussures Nike, Chaussures pour enfants, Chaussures de sport, Chaussures en cuir, Chaussures \u00e0 lacets, Chaussures antid\u00e9rapantes, Chaussures de basket-ball pour enfants, Chaussures de running pour enfants\u00a0\u00bb<\/p>\n<\/div>\n<\/div>\n<\/div>\n","protected":false},"excerpt":{"rendered":"<p>Chaussures Nike\u00a0Court Borough Low 2 BQ5451 002 : Confort et style pour tous les jours Les chaussures Nike Court Borough Low 2 BQ5451 002 sont une chaussure de sport classique pour enfants, id\u00e9ale pour une utilisation quotidienne. Elles sont dot\u00e9es d\u2019une tige en cuir synth\u00e9tique durable et d\u2019une semelle ext\u00e9rieure en caoutchouc antid\u00e9rapante, ce qui [&hellip;]<\/p>\n","protected":false},"featured_media":9166,"template":"","meta":{"_acf_changed":false,"content-type":""},"pwb-brand":[514],"product_brand":[],"product_cat":[503,501,500,477],"product_tag":[],"class_list":{"0":"post-9157","1":"product","2":"type-product","3":"status-publish","4":"has-post-thumbnail","6":"pwb-brand-nike","7":"product_cat-baskets-enfants","8":"product_cat-chaussures-enfants","9":"product_cat-enfants","10":"product_cat-soldes","12":"first","13":"instock","14":"sale","15":"taxable","16":"shipping-taxable","17":"purchasable","18":"product-type-variable"},"acf":[],"brands":[{"id":514,"name":"Nike","slug":"nike"}],"_links":{"self":[{"href":"https:\/\/primosportmaroc.com\/index.php?rest_route=\/wp\/v2\/product\/9157","targetHints":{"allow":["GET"]}}],"collection":[{"href":"https:\/\/primosportmaroc.com\/index.php?rest_route=\/wp\/v2\/product"}],"about":[{"href":"https:\/\/primosportmaroc.com\/index.php?rest_route=\/wp\/v2\/types\/product"}],"wp:featuredmedia":[{"embeddable":true,"href":"https:\/\/primosportmaroc.com\/index.php?rest_route=\/wp\/v2\/media\/9166"}],"wp:attachment":[{"href":"https:\/\/primosportmaroc.com\/index.php?rest_route=%2Fwp%2Fv2%2Fmedia&parent=9157"}],"wp:term":[{"taxonomy":"pwb-brand","embeddable":true,"href":"https:\/\/primosportmaroc.com\/index.php?rest_route=%2Fwp%2Fv2%2Fpwb-brand&post=9157"},{"taxonomy":"product_brand","embeddable":true,"href":"https:\/\/primosportmaroc.com\/index.php?rest_route=%2Fwp%2Fv2%2Fproduct_brand&post=9157"},{"taxonomy":"product_cat","embeddable":true,"href":"https:\/\/primosportmaroc.com\/index.php?rest_route=%2Fwp%2Fv2%2Fproduct_cat&post=9157"},{"taxonomy":"product_tag","embeddable":true,"href":"https:\/\/primosportmaroc.com\/index.php?rest_route=%2Fwp%2Fv2%2Fproduct_tag&post=9157"}],"curies":[{"name":"wp","href":"https:\/\/api.w.org\/{rel}","templated":true}]}}