{"id":9213,"date":"2025-08-21T12:14:06","date_gmt":"2025-08-21T11:14:06","guid":{"rendered":"https:\/\/primosportmaroc.com\/?post_type=product&#038;p=9213"},"modified":"2025-09-01T15:01:52","modified_gmt":"2025-09-01T14:01:52","slug":"chaussures-nike-court-borough-mid-2-cd7782-110","status":"publish","type":"product","link":"https:\/\/primosportmaroc.com\/?product=chaussures-nike-court-borough-mid-2-cd7782-110","title":{"rendered":"Chaussures Nike Court Borough Mid 2 CD7782-110"},"content":{"rendered":"<p><strong>Chaussures Nike\u00a0Court Borough Mid 2 \u2013 CD7782-110 : Confort et style pour les adolescents<\/strong><\/p>\n<p>Ressemblez \u00e0 une star en dehors du terrain avec la Nike Court Borough Mid 2. Le design mi-haut classique est dot\u00e9 d\u2019un cuir durable pour un look et une sensation haut de gamme.\u00a0Le rembourrage autour de la languette et de la cheville offre un confort suppl\u00e9mentaire.<\/p>\n<p data-sourcepos=\"5:1-5:298\">Les chaussures Nike Court Borough Mid 2 sont une chaussure de sport classique , id\u00e9ale pour une utilisation quotidienne. Elles sont dot\u00e9es d\u2019une tige en cuir synth\u00e9tique durable et d\u2019une semelle ext\u00e9rieure en caoutchouc antid\u00e9rapante, ce qui les rend confortables et s\u00fbres \u00e0 porter.<\/p>\n<p data-sourcepos=\"7:1-7:302\">La tige en cuir synth\u00e9tique est r\u00e9sistante \u00e0 l\u2019usure et aux d\u00e9chirures, ce qui garantit que les chaussures dureront longtemps. La semelle ext\u00e9rieure en caoutchouc antid\u00e9rapante offre une bonne adh\u00e9rence sur une vari\u00e9t\u00e9 de surfaces.<\/p>\n<p><b class=\"headline-5\">Avantages<\/b><\/p>\n<ul>\n<li>Le cuir est durable et facile \u00e0 nettoyer.<\/li>\n<li>Les lacets traditionnels offrent un ajustement s\u00fbr.<\/li>\n<li>Les rainures dans la semelle la rendent flexible.<\/li>\n<li>Le rembourrage autour de la languette et de la cheville vous offre un confort suppl\u00e9mentaire.<\/li>\n<\/ul>\n<p><b class=\"headline-5\">d\u00e9tails du produit<\/b><\/p>\n<ul>\n<li><span class=\"quality-label\" data-v-f012bc88=\"\">Marque:\u00a0<\/span><span class=\"quality-value is-list\" data-v-f012bc88=\"\">Nike<\/span><\/li>\n<li>Type de semelle:\u00a0<span class=\"quality-value\" data-v-f012bc88=\"\"><span data-v-f012bc88=\"\">Plat<\/span><\/span><\/li>\n<li>Type de bout:\u00a0<span class=\"quality-value\" data-v-f012bc88=\"\"><span data-v-f012bc88=\"\">Rond<\/span><\/span><\/li>\n<li>Construction Cupsole pour un look et une sensation classiques<\/li>\n<li>Couleur affich\u00e9e : Blanc\/Noir\/Rouge universit\u00e9<\/li>\n<li>Mod\u00e8le\u00a0:\u00a0CD7782-110<\/li>\n<\/ul>\n<p><strong>Chaussures Nike Court Borough Mid 2 \u2013 CD7782-110<\/strong><\/p>\n","protected":false},"excerpt":{"rendered":"<p>Chaussures Nike\u00a0Court Borough Mid 2 \u2013 CD7782-110 : Confort et style pour les adolescents Ressemblez \u00e0 une star en dehors du terrain avec la Nike Court Borough Mid 2. Le design mi-haut classique est dot\u00e9 d\u2019un cuir durable pour un look et une sensation haut de gamme.\u00a0Le rembourrage autour de la languette et de la [&hellip;]<\/p>\n","protected":false},"featured_media":9216,"template":"","meta":{"_acf_changed":false,"content-type":""},"pwb-brand":[514],"product_brand":[],"product_cat":[498,497,492,477],"product_tag":[],"class_list":{"0":"post-9213","1":"product","2":"type-product","3":"status-publish","4":"has-post-thumbnail","6":"pwb-brand-nike","7":"product_cat-baskets-femmes","8":"product_cat-chaussures-femmes","9":"product_cat-femmes","10":"product_cat-soldes","12":"first","13":"instock","14":"sale","15":"taxable","16":"shipping-taxable","17":"purchasable","18":"product-type-variable"},"acf":[],"brands":[{"id":514,"name":"Nike","slug":"nike"}],"_links":{"self":[{"href":"https:\/\/primosportmaroc.com\/index.php?rest_route=\/wp\/v2\/product\/9213","targetHints":{"allow":["GET"]}}],"collection":[{"href":"https:\/\/primosportmaroc.com\/index.php?rest_route=\/wp\/v2\/product"}],"about":[{"href":"https:\/\/primosportmaroc.com\/index.php?rest_route=\/wp\/v2\/types\/product"}],"wp:featuredmedia":[{"embeddable":true,"href":"https:\/\/primosportmaroc.com\/index.php?rest_route=\/wp\/v2\/media\/9216"}],"wp:attachment":[{"href":"https:\/\/primosportmaroc.com\/index.php?rest_route=%2Fwp%2Fv2%2Fmedia&parent=9213"}],"wp:term":[{"taxonomy":"pwb-brand","embeddable":true,"href":"https:\/\/primosportmaroc.com\/index.php?rest_route=%2Fwp%2Fv2%2Fpwb-brand&post=9213"},{"taxonomy":"product_brand","embeddable":true,"href":"https:\/\/primosportmaroc.com\/index.php?rest_route=%2Fwp%2Fv2%2Fproduct_brand&post=9213"},{"taxonomy":"product_cat","embeddable":true,"href":"https:\/\/primosportmaroc.com\/index.php?rest_route=%2Fwp%2Fv2%2Fproduct_cat&post=9213"},{"taxonomy":"product_tag","embeddable":true,"href":"https:\/\/primosportmaroc.com\/index.php?rest_route=%2Fwp%2Fv2%2Fproduct_tag&post=9213"}],"curies":[{"name":"wp","href":"https:\/\/api.w.org\/{rel}","templated":true}]}}