{"id":9222,"date":"2025-09-01T14:18:09","date_gmt":"2025-09-01T13:18:09","guid":{"rendered":"https:\/\/primosportmaroc.com\/?post_type=product&#038;p=9222"},"modified":"2025-09-01T15:01:34","modified_gmt":"2025-09-01T14:01:34","slug":"chaussures-nike-court-borough-low-2-bq5448-110","status":"publish","type":"product","link":"https:\/\/primosportmaroc.com\/?product=chaussures-nike-court-borough-low-2-bq5448-110","title":{"rendered":"Chaussures Nike Court Borough Low 2 BQ5448-110"},"content":{"rendered":"<p><strong>Chaussures Nike Court Borough Low 2 BQ5448 110<\/strong><\/p>\n<ul>\n<li>Nike Court Borough Low 2<br \/>\nLOOK ALL-STAR. CONFORT OPTIMAL TOUT AU LONG DE LA JOURN\u00c9E.La Nike Court Borough Low 2 est une chaussure de style r\u00e9tro. Elle est dot\u00e9e d&rsquo;une tige en cuir blanc avec des d\u00e9tails noirs, notamment le c\u00e9l\u00e8bre logo Swoosh de Nike. La semelle ext\u00e9rieure en caoutchouc est durable et offre une bonne traction sur une vari\u00e9t\u00e9 de surfaces.La Court Borough Low 2 est une chaussure confortable et polyvalente qui peut \u00eatre port\u00e9e pour toutes sortes d&rsquo;activit\u00e9s. Elle est \u00e9galement id\u00e9ale pour les occasions d\u00e9contract\u00e9es.Voici quelques-unes des caract\u00e9ristiques principales de la Nike Court Borough Low 2 :<\/p>\n<ul>\n<li>Tige en cuir blanc avec des d\u00e9tails noirs<\/li>\n<li>Semelle ext\u00e9rieure en caoutchouc durable<\/li>\n<li>Fermeture \u00e0 lacets<\/li>\n<li>Logo Swoosh de Nike sur les c\u00f4t\u00e9s et la languette<\/li>\n<li>Col et languette rembourr\u00e9s pour un confort optimal<\/li>\n<li>Semelle int\u00e9rieure amovible<\/li>\n<\/ul>\n<table class=\"datasheet-list expanded\">\n<tbody>\n<tr class=\"datasheet-listItem datasheet-listItem--properties \">\n<td class=\"datasheet-listItemKey small-6 larger-4 columns\">Type de produit<\/td>\n<td class=\"datasheet-listItemValue small-6 larger-8 columns\">Baskets<\/td>\n<\/tr>\n<\/tbody>\n<tbody>\n<tr class=\"datasheet-listItem datasheet-listItem--group \">\n<th>Informations g\u00e9n\u00e9rales<\/th>\n<\/tr>\n<tr class=\"datasheet-listItem datasheet-listItem--properties \">\n<td class=\"datasheet-listItemKey small-6 larger-4 columns\">Veuillez noter<\/td>\n<td class=\"datasheet-listItemValue small-6 larger-8 columns\">Les offres peuvent \u00eatre de tailles diff\u00e9rentes<\/td>\n<\/tr>\n<\/tbody>\n<tbody>\n<tr class=\"datasheet-listItem datasheet-listItem--group \">\n<th>Design<\/th>\n<\/tr>\n<tr class=\"datasheet-listItem datasheet-listItem--properties \">\n<td class=\"datasheet-listItemKey small-6 larger-4 columns\">Couleur<\/td>\n<td class=\"datasheet-listItemValue small-6 larger-8 columns\">Blanc<\/td>\n<\/tr>\n<tr class=\"datasheet-listItem datasheet-listItem--properties \">\n<td class=\"datasheet-listItemKey small-6 larger-4 columns\">Style<\/td>\n<td class=\"datasheet-listItemValue small-6 larger-8 columns\">Streetwear<\/td>\n<\/tr>\n<\/tbody>\n<tbody>\n<tr class=\"datasheet-listItem datasheet-listItem--group \">\n<th>Mati\u00e8re<\/th>\n<\/tr>\n<tr class=\"datasheet-listItem datasheet-listItem--properties \">\n<td class=\"datasheet-listItemKey small-6 larger-4 columns\">Tige<\/td>\n<td class=\"datasheet-listItemValue small-6 larger-8 columns\">Cuir<\/td>\n<\/tr>\n<tr class=\"datasheet-listItem datasheet-listItem--properties \">\n<td class=\"datasheet-listItemKey small-6 larger-4 columns\">Mati\u00e8re int\u00e9rieure<\/td>\n<td class=\"datasheet-listItemValue small-6 larger-8 columns\">Textile<\/td>\n<\/tr>\n<tr class=\"datasheet-listItem datasheet-listItem--properties \">\n<td class=\"datasheet-listItemKey small-6 larger-4 columns\">Semelle<\/td>\n<td class=\"datasheet-listItemValue small-6 larger-8 columns\">Gomme<\/td>\n<\/tr>\n<\/tbody>\n<tbody>\n<tr class=\"datasheet-listItem datasheet-listItem--group \">\n<th>\u00c9quipement<\/th>\n<\/tr>\n<tr class=\"datasheet-listItem datasheet-listItem--properties \">\n<td class=\"datasheet-listItemKey small-6 larger-4 columns\">Fermeture<\/td>\n<td class=\"datasheet-listItemValue small-6 larger-8 columns\">\u00c0 lacets<\/td>\n<\/tr>\n<tr class=\"datasheet-listItem datasheet-listItem--properties \">\n<td class=\"datasheet-listItemKey small-6 larger-4 columns\">Caract\u00e9ristiques de la semelle<\/td>\n<td class=\"datasheet-listItemValue small-6 larger-8 columns\">Antid\u00e9rapante<\/td>\n<\/tr>\n<\/tbody>\n<tbody>\n<tr class=\"datasheet-listItem datasheet-listItem--group \">\n<th>Mesures<\/th>\n<\/tr>\n<tr class=\"datasheet-listItem datasheet-listItem--properties \">\n<td class=\"datasheet-listItemKey small-6 larger-4 columns\">Hauteur de la tige<\/td>\n<td class=\"datasheet-listItemValue small-6 larger-8 columns\">Basses<\/td>\n<\/tr>\n<\/tbody>\n<\/table>\n<\/li>\n<\/ul>\n<p>Si vous recherchez une chaussure confortable, durable et \u00e9l\u00e9gante, la Nike Court Borough Low 2 BQ5448-110 est un excellent choix.<\/p>\n","protected":false},"excerpt":{"rendered":"<p>Chaussures Nike Court Borough Low 2 BQ5448 110 Nike Court Borough Low 2 LOOK ALL-STAR. CONFORT OPTIMAL TOUT AU LONG DE LA JOURN\u00c9E.La Nike Court Borough Low 2 est une chaussure de style r\u00e9tro. Elle est dot\u00e9e d&rsquo;une tige en cuir blanc avec des d\u00e9tails noirs, notamment le c\u00e9l\u00e8bre logo Swoosh de Nike. La semelle [&hellip;]<\/p>\n","protected":false},"featured_media":9225,"template":"","meta":{"_acf_changed":false,"content-type":""},"pwb-brand":[514],"product_brand":[],"product_cat":[498,497,492,477],"product_tag":[],"class_list":{"0":"post-9222","1":"product","2":"type-product","3":"status-publish","4":"has-post-thumbnail","6":"pwb-brand-nike","7":"product_cat-baskets-femmes","8":"product_cat-chaussures-femmes","9":"product_cat-femmes","10":"product_cat-soldes","12":"first","13":"instock","14":"sale","15":"taxable","16":"shipping-taxable","17":"purchasable","18":"product-type-variable"},"acf":[],"brands":[{"id":514,"name":"Nike","slug":"nike"}],"_links":{"self":[{"href":"https:\/\/primosportmaroc.com\/index.php?rest_route=\/wp\/v2\/product\/9222","targetHints":{"allow":["GET"]}}],"collection":[{"href":"https:\/\/primosportmaroc.com\/index.php?rest_route=\/wp\/v2\/product"}],"about":[{"href":"https:\/\/primosportmaroc.com\/index.php?rest_route=\/wp\/v2\/types\/product"}],"wp:featuredmedia":[{"embeddable":true,"href":"https:\/\/primosportmaroc.com\/index.php?rest_route=\/wp\/v2\/media\/9225"}],"wp:attachment":[{"href":"https:\/\/primosportmaroc.com\/index.php?rest_route=%2Fwp%2Fv2%2Fmedia&parent=9222"}],"wp:term":[{"taxonomy":"pwb-brand","embeddable":true,"href":"https:\/\/primosportmaroc.com\/index.php?rest_route=%2Fwp%2Fv2%2Fpwb-brand&post=9222"},{"taxonomy":"product_brand","embeddable":true,"href":"https:\/\/primosportmaroc.com\/index.php?rest_route=%2Fwp%2Fv2%2Fproduct_brand&post=9222"},{"taxonomy":"product_cat","embeddable":true,"href":"https:\/\/primosportmaroc.com\/index.php?rest_route=%2Fwp%2Fv2%2Fproduct_cat&post=9222"},{"taxonomy":"product_tag","embeddable":true,"href":"https:\/\/primosportmaroc.com\/index.php?rest_route=%2Fwp%2Fv2%2Fproduct_tag&post=9222"}],"curies":[{"name":"wp","href":"https:\/\/api.w.org\/{rel}","templated":true}]}}