{"id":9242,"date":"2025-09-01T14:55:14","date_gmt":"2025-09-01T13:55:14","guid":{"rendered":"https:\/\/primosportmaroc.com\/?post_type=product&#038;p=9242"},"modified":"2025-09-01T15:01:11","modified_gmt":"2025-09-01T14:01:11","slug":"sac-nike-brasilia-dr6110-410","status":"publish","type":"product","link":"https:\/\/primosportmaroc.com\/?product=sac-nike-brasilia-dr6110-410","title":{"rendered":"Sac Nike Brasilia DR6110-410"},"content":{"rendered":"<p><strong>Sac Nike\u00a0Brasilia DR6110-410 \u2013 (Medium, 24L)<\/strong><\/p>\n<p>Gardez votre \u00e9quipement \u00e0 port\u00e9e de main et organis\u00e9.\u00a0Ce sac comporte de nombreux compartiments et poches pour transporter votre \u00e9quipement du travail, de la salle de sport ou de l\u2019\u00e9cole.<\/p>\n<p>Le sac Nike Brasilia DR6110-410 est un sac polyvalent de taille moyenne d\u2019une capacit\u00e9 de 24 litres.\u00a0Ce sac est con\u00e7u pour r\u00e9pondre \u00e0 vos besoins de transport avec style et fonctionnalit\u00e9s.<\/p>\n<p><b class=\"headline-5\">Avantages<\/b><\/p>\n<ul>\n<li>Le grand compartiment facilite l\u2019emballage du mat\u00e9riel.<\/li>\n<li>La pochette interne permet de ranger un ordinateur portable jusqu\u2019\u00e0 15\u2033.<\/li>\n<li>La poche avant permet de garder les petites affaires organis\u00e9es.<\/li>\n<li>Les poches lat\u00e9rales contiennent une bouteille d\u2019eau ou d\u2019autres petits objets essentiels.<\/li>\n<li>La boucle de transport vous offre une option de transport alternative.<\/li>\n<li>Les bretelles rembourr\u00e9es sont r\u00e9glables pour un ajustement confortable.<\/li>\n<\/ul>\n<p><b class=\"headline-5\">d\u00e9tails du produit<\/b><\/p>\n<ul>\n<li>46 cm H x 30 cm L x 18 cm P (environ)<\/li>\n<li>100% Polyester<\/li>\n<li>Nettoyer les taches<\/li>\n<li>Import\u00e9<\/li>\n<li>Couleur affich\u00e9e : Bleu marine minuit\/Bleu marine minuit\/Vanille p\u00e2le<\/li>\n<li>Mod\u00e8le\u00a0: DR6110-410<\/li>\n<li>Pays\/r\u00e9gion d\u2019origine\u00a0: Indon\u00e9sie<\/li>\n<\/ul>\n<p>En r\u00e9sum\u00e9, le sac Nike Brasilia DR6110-410 est un choix id\u00e9al pour ceux qui recherchent un sac de taille moyenne robuste, \u00e9l\u00e9gant et fonctionnel.\u00a0Que ce soit pour aller \u00e0 la salle de sport, pour voyager ou pour une utilisation quotidienne, ce sac vous accompagnera avec style et praticit\u00e9.<\/p>\n","protected":false},"excerpt":{"rendered":"<p>Sac Nike\u00a0Brasilia DR6110-410 \u2013 (Medium, 24L) Gardez votre \u00e9quipement \u00e0 port\u00e9e de main et organis\u00e9.\u00a0Ce sac comporte de nombreux compartiments et poches pour transporter votre \u00e9quipement du travail, de la salle de sport ou de l\u2019\u00e9cole. Le sac Nike Brasilia DR6110-410 est un sac polyvalent de taille moyenne d\u2019une capacit\u00e9 de 24 litres.\u00a0Ce sac est [&hellip;]<\/p>\n","protected":false},"featured_media":9247,"template":"","meta":{"_acf_changed":false,"content-type":""},"pwb-brand":[514],"product_brand":[],"product_cat":[493,480,492,491,496,484],"product_tag":[],"class_list":{"0":"post-9242","1":"product","2":"type-product","3":"status-publish","4":"has-post-thumbnail","6":"pwb-brand-nike","7":"product_cat-accessoires-femmes","8":"product_cat-accessoires-hommes","9":"product_cat-femmes","10":"product_cat-hommes","11":"product_cat-sacs-et-sacs-a-dos-femmes","12":"product_cat-sacs-et-sacs-a-dos-hommes","14":"first","15":"instock","16":"taxable","17":"shipping-taxable","18":"purchasable","19":"product-type-simple"},"acf":[],"brands":[{"id":514,"name":"Nike","slug":"nike"}],"_links":{"self":[{"href":"https:\/\/primosportmaroc.com\/index.php?rest_route=\/wp\/v2\/product\/9242","targetHints":{"allow":["GET"]}}],"collection":[{"href":"https:\/\/primosportmaroc.com\/index.php?rest_route=\/wp\/v2\/product"}],"about":[{"href":"https:\/\/primosportmaroc.com\/index.php?rest_route=\/wp\/v2\/types\/product"}],"wp:featuredmedia":[{"embeddable":true,"href":"https:\/\/primosportmaroc.com\/index.php?rest_route=\/wp\/v2\/media\/9247"}],"wp:attachment":[{"href":"https:\/\/primosportmaroc.com\/index.php?rest_route=%2Fwp%2Fv2%2Fmedia&parent=9242"}],"wp:term":[{"taxonomy":"pwb-brand","embeddable":true,"href":"https:\/\/primosportmaroc.com\/index.php?rest_route=%2Fwp%2Fv2%2Fpwb-brand&post=9242"},{"taxonomy":"product_brand","embeddable":true,"href":"https:\/\/primosportmaroc.com\/index.php?rest_route=%2Fwp%2Fv2%2Fproduct_brand&post=9242"},{"taxonomy":"product_cat","embeddable":true,"href":"https:\/\/primosportmaroc.com\/index.php?rest_route=%2Fwp%2Fv2%2Fproduct_cat&post=9242"},{"taxonomy":"product_tag","embeddable":true,"href":"https:\/\/primosportmaroc.com\/index.php?rest_route=%2Fwp%2Fv2%2Fproduct_tag&post=9242"}],"curies":[{"name":"wp","href":"https:\/\/api.w.org\/{rel}","templated":true}]}}