{"id":9248,"date":"2025-09-01T15:00:21","date_gmt":"2025-09-01T14:00:21","guid":{"rendered":"https:\/\/primosportmaroc.com\/?post_type=product&#038;p=9248"},"modified":"2025-09-01T15:00:34","modified_gmt":"2025-09-01T14:00:34","slug":"sac-nike-brasilia-dr6120-410","status":"publish","type":"product","link":"https:\/\/primosportmaroc.com\/?product=sac-nike-brasilia-dr6120-410","title":{"rendered":"Sac NIKE BRASILIA DR6120-410"},"content":{"rendered":"<p><strong>Sac NIKE BRASILIA DR6120-410 41L<\/strong><\/p>\n<p>Le sac de sport Nike Brasilia vous permet d\u2019acc\u00e9der rapidement \u00e0 votre \u00e9quipement d\u2019entra\u00eenement.\u00a0La poche lat\u00e9rale est id\u00e9ale pour ranger les chaussures s\u00e9par\u00e9ment, et les poches int\u00e9rieures et ext\u00e9rieures permettent d\u2019organiser votre \u00e9quipement.\u00a0Ce produit est compos\u00e9 d\u2019au moins 65 % de polyester recycl\u00e9.<\/p>\n<p>Le sac Nike Brasilia DR6120-410, d\u2019une impressionnante capacit\u00e9 de 41 litres, incarne la fusion parfaite de la fonctionnalit\u00e9 et du style. Con\u00e7u pour exceller dans toutes les situations, ce sac est votre partenaire id\u00e9al, que vous faites la f\u00eate en voyage, que vous vous rendez \u00e0 la salle de sport ou que vous ayez simplement besoin de transporter vos affaires du quotidien.<\/p>\n<p><b>CARACT\u00c9RISTIQUES:<\/b><\/p>\n<p>Compartiment principal zipp\u00e9 pour ranger en toute s\u00e9curit\u00e9 vos articles d\u2019entra\u00eenement.<br \/>\nUn compartiment interne zipp\u00e9 permet de s\u00e9parer les chaussures sales et les v\u00eatements en sueur du reste de votre \u00e9quipement.<br \/>\nLe fond enduit prot\u00e8ge vos affaires des chocs, des rayures et de l\u2019humidit\u00e9.<br \/>\nLes poches ext\u00e9rieures gardent vos essentiels \u00e0 port\u00e9e de main.<br \/>\nBandouli\u00e8re r\u00e9glable.<br \/>\nVolume : 41 litres.<\/p>\n<table class=\"table table-striped\">\n<tbody>\n<tr>\n<td>EAN<\/td>\n<td>196154136051<\/td>\n<\/tr>\n<tr>\n<td>Marque<\/td>\n<td>NIKE<\/td>\n<\/tr>\n<tr>\n<td>Type de produit<\/td>\n<td>Sac de sport<\/td>\n<\/tr>\n<tr>\n<td>Mod\u00e8le<\/td>\n<td>DR6120-410<\/td>\n<\/tr>\n<tr>\n<td>Mat\u00e9riel<\/td>\n<td>Polyester<\/td>\n<\/tr>\n<\/tbody>\n<\/table>\n<p>Le sac Nike Brasilia DR6120-410 de 41 litres est bien plus qu\u2019un simple sac ; c\u2019est un compagnon fiable, une d\u00e9claration de mode et un gardien de vos articles pr\u00e9cieux, o\u00f9 que la vie vous m\u00e8ne. Vous pouvez compter sur sa robustesse, son organisation et son style pour vous accompagner dans toutes vos aventures.<\/p>\n","protected":false},"excerpt":{"rendered":"<p>Sac NIKE BRASILIA DR6120-410 41L Le sac de sport Nike Brasilia vous permet d\u2019acc\u00e9der rapidement \u00e0 votre \u00e9quipement d\u2019entra\u00eenement.\u00a0La poche lat\u00e9rale est id\u00e9ale pour ranger les chaussures s\u00e9par\u00e9ment, et les poches int\u00e9rieures et ext\u00e9rieures permettent d\u2019organiser votre \u00e9quipement.\u00a0Ce produit est compos\u00e9 d\u2019au moins 65 % de polyester recycl\u00e9. Le sac Nike Brasilia DR6120-410, d\u2019une impressionnante [&hellip;]<\/p>\n","protected":false},"featured_media":9253,"template":"","meta":{"_acf_changed":false,"content-type":""},"pwb-brand":[514],"product_brand":[],"product_cat":[493,480,492,491,496,484],"product_tag":[],"class_list":{"0":"post-9248","1":"product","2":"type-product","3":"status-publish","4":"has-post-thumbnail","6":"pwb-brand-nike","7":"product_cat-accessoires-femmes","8":"product_cat-accessoires-hommes","9":"product_cat-femmes","10":"product_cat-hommes","11":"product_cat-sacs-et-sacs-a-dos-femmes","12":"product_cat-sacs-et-sacs-a-dos-hommes","14":"first","15":"instock","16":"taxable","17":"shipping-taxable","18":"purchasable","19":"product-type-simple"},"acf":[],"brands":[{"id":514,"name":"Nike","slug":"nike"}],"_links":{"self":[{"href":"https:\/\/primosportmaroc.com\/index.php?rest_route=\/wp\/v2\/product\/9248","targetHints":{"allow":["GET"]}}],"collection":[{"href":"https:\/\/primosportmaroc.com\/index.php?rest_route=\/wp\/v2\/product"}],"about":[{"href":"https:\/\/primosportmaroc.com\/index.php?rest_route=\/wp\/v2\/types\/product"}],"wp:featuredmedia":[{"embeddable":true,"href":"https:\/\/primosportmaroc.com\/index.php?rest_route=\/wp\/v2\/media\/9253"}],"wp:attachment":[{"href":"https:\/\/primosportmaroc.com\/index.php?rest_route=%2Fwp%2Fv2%2Fmedia&parent=9248"}],"wp:term":[{"taxonomy":"pwb-brand","embeddable":true,"href":"https:\/\/primosportmaroc.com\/index.php?rest_route=%2Fwp%2Fv2%2Fpwb-brand&post=9248"},{"taxonomy":"product_brand","embeddable":true,"href":"https:\/\/primosportmaroc.com\/index.php?rest_route=%2Fwp%2Fv2%2Fproduct_brand&post=9248"},{"taxonomy":"product_cat","embeddable":true,"href":"https:\/\/primosportmaroc.com\/index.php?rest_route=%2Fwp%2Fv2%2Fproduct_cat&post=9248"},{"taxonomy":"product_tag","embeddable":true,"href":"https:\/\/primosportmaroc.com\/index.php?rest_route=%2Fwp%2Fv2%2Fproduct_tag&post=9248"}],"curies":[{"name":"wp","href":"https:\/\/api.w.org\/{rel}","templated":true}]}}