{"id":9286,"date":"2025-09-01T16:19:57","date_gmt":"2025-09-01T15:19:57","guid":{"rendered":"https:\/\/primosportmaroc.com\/?post_type=product&#038;p=9286"},"modified":"2025-09-01T16:19:57","modified_gmt":"2025-09-01T15:19:57","slug":"puma-pantalon-de-survetement-puma-evostripe-589426-01","status":"publish","type":"product","link":"https:\/\/primosportmaroc.com\/?product=puma-pantalon-de-survetement-puma-evostripe-589426-01","title":{"rendered":"PUMA Pantalon de surv\u00eatement Puma Evostripe \u2013 589426-01"},"content":{"rendered":"<div class=\"c-info-block__subtitle\">Description<\/div>\n<p class=\"c-info-block__text\">Pantalon de surv\u00eatement puma evostripe. Coloris : noir. R\u00e9f\u00e9rence : 589426-01. Le pantalon de surv\u00eatement puma evostripe\u00a0met en avant l\u2019\u00e9volution des v\u00eatements de sport.<\/p>\n<div class=\"c-info-block__subtitle\">Le + produit :<\/div>\n<p>Pantalon de surv\u00eatement Puma Evostripe.<\/p>\n<p>Coloris : Noir.<br \/>\nR\u00e9f\u00e9rence : 589426-01.<\/p>\n<p>Le pantalon de surv\u00eatement Puma Evostripe\u00a0met en avant l\u2019\u00e9volution des v\u00eatements de sport. La technologie dryCELL int\u00e9gr\u00e9e et\u00a0sa\u00a0coupe ergonomique\u00a0sont con\u00e7ues pour r\u00e9pondre aux attentes des athl\u00e8tes.<\/p>\n<p>D\u00e9tails.<br \/>\n\u2013 Taille \u00e9lastique avec cordon de serrage interne.<br \/>\n\u2013 Deux poches lat\u00e9rales zipp\u00e9es.<br \/>\n\u2013\u00a0Coupe slim Evostripe avec articulations.<br \/>\n\u2013 Logo Puma Cat r\u00e9fl\u00e9chissant sur la cuisse gauche.<\/p>\n<p>Mati\u00e8re : 66% coton, 34% polyester.<\/p>\n","protected":false},"excerpt":{"rendered":"<p>Description Pantalon de surv\u00eatement puma evostripe. Coloris : noir. R\u00e9f\u00e9rence : 589426-01. Le pantalon de surv\u00eatement puma evostripe\u00a0met en avant l\u2019\u00e9volution des v\u00eatements de sport. Le + produit : Pantalon de surv\u00eatement Puma Evostripe. Coloris : Noir. R\u00e9f\u00e9rence : 589426-01. Le pantalon de surv\u00eatement Puma Evostripe\u00a0met en avant l\u2019\u00e9volution des v\u00eatements de sport. La technologie [&hellip;]<\/p>\n","protected":false},"featured_media":9288,"template":"","meta":{"_acf_changed":false,"content-type":""},"pwb-brand":[517],"product_brand":[],"product_cat":[491,489,477,479],"product_tag":[],"class_list":{"0":"post-9286","1":"product","2":"type-product","3":"status-publish","4":"has-post-thumbnail","6":"pwb-brand-puma","7":"product_cat-hommes","8":"product_cat-jean-pantalon-hommes","9":"product_cat-soldes","10":"product_cat-vetementshommes","12":"first","13":"instock","14":"sale","15":"taxable","16":"shipping-taxable","17":"purchasable","18":"product-type-variable"},"acf":[],"brands":[{"id":517,"name":"Puma","slug":"puma"}],"_links":{"self":[{"href":"https:\/\/primosportmaroc.com\/index.php?rest_route=\/wp\/v2\/product\/9286","targetHints":{"allow":["GET"]}}],"collection":[{"href":"https:\/\/primosportmaroc.com\/index.php?rest_route=\/wp\/v2\/product"}],"about":[{"href":"https:\/\/primosportmaroc.com\/index.php?rest_route=\/wp\/v2\/types\/product"}],"wp:featuredmedia":[{"embeddable":true,"href":"https:\/\/primosportmaroc.com\/index.php?rest_route=\/wp\/v2\/media\/9288"}],"wp:attachment":[{"href":"https:\/\/primosportmaroc.com\/index.php?rest_route=%2Fwp%2Fv2%2Fmedia&parent=9286"}],"wp:term":[{"taxonomy":"pwb-brand","embeddable":true,"href":"https:\/\/primosportmaroc.com\/index.php?rest_route=%2Fwp%2Fv2%2Fpwb-brand&post=9286"},{"taxonomy":"product_brand","embeddable":true,"href":"https:\/\/primosportmaroc.com\/index.php?rest_route=%2Fwp%2Fv2%2Fproduct_brand&post=9286"},{"taxonomy":"product_cat","embeddable":true,"href":"https:\/\/primosportmaroc.com\/index.php?rest_route=%2Fwp%2Fv2%2Fproduct_cat&post=9286"},{"taxonomy":"product_tag","embeddable":true,"href":"https:\/\/primosportmaroc.com\/index.php?rest_route=%2Fwp%2Fv2%2Fproduct_tag&post=9286"}],"curies":[{"name":"wp","href":"https:\/\/api.w.org\/{rel}","templated":true}]}}