{"id":9329,"date":"2025-09-01T17:27:20","date_gmt":"2025-09-01T16:27:20","guid":{"rendered":"https:\/\/primosportmaroc.com\/?post_type=product&#038;p=9329"},"modified":"2025-09-01T17:27:21","modified_gmt":"2025-09-01T16:27:21","slug":"puma-mirage-sport-tech-384955-01","status":"publish","type":"product","link":"https:\/\/primosportmaroc.com\/?product=puma-mirage-sport-tech-384955-01","title":{"rendered":"Puma Mirage Sport Tech 384955-01"},"content":{"rendered":"<p><strong>Puma\u00a0Mirage Sport Tech 384955-01<\/strong><\/p>\n<p><strong>HISTOIRE DU PRODUIT<\/strong><br \/>\nC\u00e9l\u00e9br\u00e9es depuis longtemps pour leur l\u00e9g\u00e8ret\u00e9, leur stabilit\u00e9 et leur confort, les baskets Mirage Sport Tech s\u2019inspirant des ann\u00e9es 1990 sont repens\u00e9es pour aujourd\u2019hui. Inspir\u00e9e de la culture des DJ, avec un design futuriste qui explore des lignes progressistes et un style urbain supr\u00eame, cette version attrayante comporte une tige en mesh avec des renforts synth\u00e9tiques et thermocoll\u00e9s, des coutures remarquables, des \u00e9l\u00e9ments audacieux de la marque et une forme \u00e9l\u00e9gante. \u00c0 la fois classiques et sportives, ces baskets tendance feront parler d\u2019elles.<\/p>\n<p id=\"title-description\" class=\"product-detailed__title description-title\" aria-labeledby=\"title-description-title\" data-role=\"collapsible\"><strong>\u00c0 PROPOS DU PRODUIT<\/strong><\/p>\n<div id=\"description\" class=\"container product-detailed__content-w description-w\" data-role=\"content\">\n<div class=\"product-detailed__content product-detailed-content\">\n<div class=\"product-attribute product-attribute-description\">\n<div class=\"product-attribute__value\">\n<p>Notre Mirage Sport est l\u2019incarnation de la lumi\u00e8re et du son : une chaussure embl\u00e9matique inspir\u00e9e de la culture DJ qui va au-del\u00e0 du style urbain.\u00a0Les baskets Mirage Sport Tech B+W adoptent un look futuriste en jouant avec les superpositions et les textures.\u00a0Vous deviendrez le centre d\u2019attention.\u00a0Convient aux hommes et aux femmes.<\/p>\n<\/div>\n<\/div>\n<\/div>\n<\/div>\n<p><strong>Caract\u00e9ristiques<\/strong><\/p>\n<ul>\n<li><strong>Mat\u00e9riau sup\u00e9rieur :<\/strong>\u00a057 % textile (maille technique), 28 % polyur\u00e9thane, 15 % cuir artificiel<\/li>\n<li><strong>Mat\u00e9riau de la semelle ext\u00e9rieure\u00a0:<\/strong>\u00a078\u00a0%<span class=\"product-attribute__technology\" data-type=\"technology\" data-technology-description=\"EVA \u2013 \u044d\u0442\u043e \u044d\u0442\u0438\u043b\u0435\u043d\u0432\u0438\u043d\u0438\u043b\u043e\u0432\u044b\u0439 \u0430\u0446\u0435\u0442\u0430\u0442, \u0438\u043d\u043e\u0433\u0434\u0430 \u0443\u043f\u043e\u043c\u0438\u043d\u0430\u0435\u0442\u0441\u044f \u043a\u0430\u043a \u043f\u0440\u043e\u0441\u0442\u043e &quot;\u0430\u0446\u0435\u0442\u0430\u0442&quot;. \u042f\u0432\u043b\u044f\u0435\u0442\u0441\u044f \u043e\u0434\u043d\u0438\u043c \u0438\u0437 \u043c\u0430\u0442\u0435\u0440\u0438\u0430\u043b\u043e\u0432, \u0448\u0438\u0440\u043e\u043a\u043e \u0438\u0437\u0432\u0435\u0441\u0442\u043d\u044b\u0445 \u043a\u0430\u043a \u043f\u0435\u043d\u043e\u0440\u0435\u0437\u0438\u043d\u0430, \u043a\u043e\u0442\u043e\u0440\u044b\u0439 \u043e\u0431\u0435\u0441\u043f\u0435\u0447\u0438\u0432\u0430\u0435\u0442 \u043f\u043e\u0433\u043b\u043e\u0449\u0435\u043d\u0438\u0435 \u0443\u0434\u0430\u0440\u0430 (\u0430\u043c\u043e\u0440\u0442\u0438\u0437\u0430\u0446\u0438\u044e).\" data-technology-cms-page=\"eva.html\"><span class=\"product-attribute__technology-name js-technology-name\">EVA<\/span><\/span>\n<div class=\"technology-info\"><\/div>\n<p>, 15 % caoutchouc, 7 % TPU ;\u00a0semelle interm\u00e9diaire en<span class=\"product-attribute__technology\" data-type=\"technology\" data-technology-description=\"IMEVA \u0434\u0435\u043b\u0430\u0435\u0442 \u043e\u0431\u0443\u0432\u044c \u0447\u0440\u0435\u0437\u0432\u044b\u0447\u0430\u0439\u043d\u043e \u043b\u0435\u0433\u043a\u043e\u0439 \u0438 \u043c\u044f\u0433\u043a\u043e\u0439, \u0441\u043e\u0445\u0440\u0430\u043d\u044f\u044f \u0441\u0432\u043e\u044e \u0447\u0443\u0432\u0441\u0442\u0432\u0438\u0442\u0435\u043b\u044c\u043d\u043e\u0441\u0442\u044c, \u043d\u043e \u043f\u0440\u0438 \u044d\u0442\u043e\u043c \u044d\u0442\u043e \u0434\u043e\u0441\u0442\u0430\u0442\u043e\u0447\u043d\u043e \u043f\u0440\u043e\u0447\u043d\u044b\u0439 \u043c\u0430\u0442\u0435\u0440\u0438\u0430\u043b. \" data-technology-cms-page=\"imeva.html\"><span class=\"product-attribute__technology-name js-technology-name\">IMEVA<\/span><\/span><\/p>\n<div class=\"technology-info\"><\/div>\n<p>\u2013 pour la facilit\u00e9 et le confort<\/li>\n<li><strong>Genre:<\/strong>\u00a0unisexe<\/li>\n<li>Silhouette basse<\/li>\n<li>Lacer<\/li>\n<li>Languette en mesh avec badge en caoutchouc et \u00e9tiquette tiss\u00e9e<\/li>\n<li>Bout \u2013 tampon adh\u00e9sif thermofusible<\/li>\n<li>Talon \u2013 rev\u00eatement en simili cuir<\/li>\n<li>Bande de forme PUMA signature (TPU)<\/li>\n<li><strong>Pays d\u2019origine :<\/strong>\u00a0Vietnam<\/li>\n<\/ul>\n<p>Puma Mirage Sport Tech 384955-01<\/p>\n","protected":false},"excerpt":{"rendered":"<p>Puma\u00a0Mirage Sport Tech 384955-01 HISTOIRE DU PRODUIT C\u00e9l\u00e9br\u00e9es depuis longtemps pour leur l\u00e9g\u00e8ret\u00e9, leur stabilit\u00e9 et leur confort, les baskets Mirage Sport Tech s\u2019inspirant des ann\u00e9es 1990 sont repens\u00e9es pour aujourd\u2019hui. Inspir\u00e9e de la culture des DJ, avec un design futuriste qui explore des lignes progressistes et un style urbain supr\u00eame, cette version attrayante comporte [&hellip;]<\/p>\n","protected":false},"featured_media":9332,"template":"","meta":{"_acf_changed":false,"content-type":""},"pwb-brand":[517],"product_brand":[],"product_cat":[481,478,491,477],"product_tag":[],"class_list":{"0":"post-9329","1":"product","2":"type-product","3":"status-publish","4":"has-post-thumbnail","6":"pwb-brand-puma","7":"product_cat-baskets-hommes","8":"product_cat-chaussureshommes","9":"product_cat-hommes","10":"product_cat-soldes","12":"first","13":"instock","14":"sale","15":"taxable","16":"shipping-taxable","17":"purchasable","18":"product-type-variable"},"acf":[],"brands":[{"id":517,"name":"Puma","slug":"puma"}],"_links":{"self":[{"href":"https:\/\/primosportmaroc.com\/index.php?rest_route=\/wp\/v2\/product\/9329","targetHints":{"allow":["GET"]}}],"collection":[{"href":"https:\/\/primosportmaroc.com\/index.php?rest_route=\/wp\/v2\/product"}],"about":[{"href":"https:\/\/primosportmaroc.com\/index.php?rest_route=\/wp\/v2\/types\/product"}],"wp:featuredmedia":[{"embeddable":true,"href":"https:\/\/primosportmaroc.com\/index.php?rest_route=\/wp\/v2\/media\/9332"}],"wp:attachment":[{"href":"https:\/\/primosportmaroc.com\/index.php?rest_route=%2Fwp%2Fv2%2Fmedia&parent=9329"}],"wp:term":[{"taxonomy":"pwb-brand","embeddable":true,"href":"https:\/\/primosportmaroc.com\/index.php?rest_route=%2Fwp%2Fv2%2Fpwb-brand&post=9329"},{"taxonomy":"product_brand","embeddable":true,"href":"https:\/\/primosportmaroc.com\/index.php?rest_route=%2Fwp%2Fv2%2Fproduct_brand&post=9329"},{"taxonomy":"product_cat","embeddable":true,"href":"https:\/\/primosportmaroc.com\/index.php?rest_route=%2Fwp%2Fv2%2Fproduct_cat&post=9329"},{"taxonomy":"product_tag","embeddable":true,"href":"https:\/\/primosportmaroc.com\/index.php?rest_route=%2Fwp%2Fv2%2Fproduct_tag&post=9329"}],"curies":[{"name":"wp","href":"https:\/\/api.w.org\/{rel}","templated":true}]}}