{"id":9340,"date":"2025-09-02T11:17:57","date_gmt":"2025-09-02T10:17:57","guid":{"rendered":"https:\/\/primosportmaroc.com\/?post_type=product&#038;p=9340"},"modified":"2025-09-02T11:17:57","modified_gmt":"2025-09-02T10:17:57","slug":"puma-mercedes-mapf1-electron-307297-02","status":"publish","type":"product","link":"https:\/\/primosportmaroc.com\/?product=puma-mercedes-mapf1-electron-307297-02","title":{"rendered":"PUMA Mercedes Mapf1 Electron 307297-02"},"content":{"rendered":"<div><strong>PUMA Mercedes Mapf1 Electron 307297-02 \u2013 Chaussures<\/strong><\/div>\n<div class=\"productDescriptionTitle\">DESCRIPTION<\/div>\n<div><span id=\"products_description\">Craquez pour les baskets homme de la marque PUMA ! Coloris : Noir Tige en maille Semelle ext\u00e9rieure en caoutchouc Logo PUMA Cat sur la languette Badge Mercedes-AMG Petronas sur le talon<\/span><\/div>\n<div>\n<div id=\"product-description\" class=\"accordion-header border-0 lh-1\">\n<div class=\"d-flex flex-column align-items-start\"><span class=\"mt-2 text-2\">R\u00e9f\u00e9rence 307297-02<\/span><\/div>\n<\/div>\n<div id=\"collapseDescription\" class=\"accordion-collapse collapse show\" aria-labelledby=\"product-description\" data-bs-parent=\"#more-information\">\n<div class=\"accordion-body\">\n<p>Craquez pour les baskets homme de la marque\u00a0<strong>PUMA<\/strong>\u00a0!<\/p>\n<ul>\n<li>Coloris : Noir<\/li>\n<li>Tige en maille<\/li>\n<li>Semelle ext\u00e9rieure en caoutchouc<\/li>\n<li>Logo PUMA Cat sur la languette<\/li>\n<li>Badge Mercedes-AMG Petronas sur le talon<\/li>\n<\/ul>\n<\/div>\n<\/div>\n<\/div>\n","protected":false},"excerpt":{"rendered":"<p>PUMA Mercedes Mapf1 Electron 307297-02 \u2013 Chaussures DESCRIPTION Craquez pour les baskets homme de la marque PUMA ! Coloris : Noir Tige en maille Semelle ext\u00e9rieure en caoutchouc Logo PUMA Cat sur la languette Badge Mercedes-AMG Petronas sur le talon R\u00e9f\u00e9rence 307297-02 Craquez pour les baskets homme de la marque\u00a0PUMA\u00a0! Coloris : Noir Tige en [&hellip;]<\/p>\n","protected":false},"featured_media":9341,"template":"","meta":{"_acf_changed":false,"content-type":""},"pwb-brand":[517],"product_brand":[],"product_cat":[481,478,491],"product_tag":[],"class_list":{"0":"post-9340","1":"product","2":"type-product","3":"status-publish","4":"has-post-thumbnail","6":"pwb-brand-puma","7":"product_cat-baskets-hommes","8":"product_cat-chaussureshommes","9":"product_cat-hommes","11":"first","12":"instock","13":"taxable","14":"shipping-taxable","15":"purchasable","16":"product-type-variable"},"acf":[],"brands":[{"id":517,"name":"Puma","slug":"puma"}],"_links":{"self":[{"href":"https:\/\/primosportmaroc.com\/index.php?rest_route=\/wp\/v2\/product\/9340","targetHints":{"allow":["GET"]}}],"collection":[{"href":"https:\/\/primosportmaroc.com\/index.php?rest_route=\/wp\/v2\/product"}],"about":[{"href":"https:\/\/primosportmaroc.com\/index.php?rest_route=\/wp\/v2\/types\/product"}],"wp:featuredmedia":[{"embeddable":true,"href":"https:\/\/primosportmaroc.com\/index.php?rest_route=\/wp\/v2\/media\/9341"}],"wp:attachment":[{"href":"https:\/\/primosportmaroc.com\/index.php?rest_route=%2Fwp%2Fv2%2Fmedia&parent=9340"}],"wp:term":[{"taxonomy":"pwb-brand","embeddable":true,"href":"https:\/\/primosportmaroc.com\/index.php?rest_route=%2Fwp%2Fv2%2Fpwb-brand&post=9340"},{"taxonomy":"product_brand","embeddable":true,"href":"https:\/\/primosportmaroc.com\/index.php?rest_route=%2Fwp%2Fv2%2Fproduct_brand&post=9340"},{"taxonomy":"product_cat","embeddable":true,"href":"https:\/\/primosportmaroc.com\/index.php?rest_route=%2Fwp%2Fv2%2Fproduct_cat&post=9340"},{"taxonomy":"product_tag","embeddable":true,"href":"https:\/\/primosportmaroc.com\/index.php?rest_route=%2Fwp%2Fv2%2Fproduct_tag&post=9340"}],"curies":[{"name":"wp","href":"https:\/\/api.w.org\/{rel}","templated":true}]}}