{"id":9349,"date":"2025-09-02T11:23:19","date_gmt":"2025-09-02T10:23:19","guid":{"rendered":"https:\/\/primosportmaroc.com\/?post_type=product&#038;p=9349"},"modified":"2025-09-02T11:23:19","modified_gmt":"2025-09-02T10:23:19","slug":"puma-flyer-runner-192257-23","status":"publish","type":"product","link":"https:\/\/primosportmaroc.com\/?product=puma-flyer-runner-192257-23","title":{"rendered":"Puma Flyer Runner 192257-23"},"content":{"rendered":"<div class=\"section\" data-v-fa33e774=\"\" data-v-0296581f=\"\">\n<p><strong>Puma Flyer Runner 192257-23 \u2013 Chaussures<\/strong><\/p>\n<p class=\"header _heading-h5\"><strong>D\u00e9tails<\/strong><\/p>\n<div class=\"product-qualities is-expanded\" data-v-0118d9ef=\"\" data-v-0296581f=\"\" data-v-fa33e774=\"\">\n<div class=\"quality\" data-v-0118d9ef=\"\">\n<ul>\n<li class=\"quality-label-value\"><span class=\"quality-label\" data-v-0118d9ef=\"\">Marque:\u00a0<\/span><span class=\"quality-value is-list\" data-v-0118d9ef=\"\">Puma<\/span><\/li>\n<li class=\"quality-label-value\">Chaussures de sport:\u00a0<span class=\"quality-value\" data-v-0118d9ef=\"\"><span data-v-0118d9ef=\"\">Running<\/span><\/span><\/li>\n<li class=\"quality-label-value\">Couleur:\u00a0<span class=\"quality-value\" data-v-0118d9ef=\"\"><span data-v-0118d9ef=\"\">Noir<\/span><\/span><\/li>\n<li class=\"quality-label-value\">Couleur indiqu\u00e9e par le fabricant:\u00a0<span class=\"quality-value\" data-v-0118d9ef=\"\"><span data-v-0118d9ef=\"\">Puma Black\/High Risk Red<\/span><\/span><\/li>\n<li class=\"quality-label-value\">Type de fermeture:\u00a0<span class=\"quality-value\" data-v-0118d9ef=\"\"><span data-v-0118d9ef=\"\">Lacets<\/span><\/span><\/li>\n<li class=\"quality-label-value\">Type de bout:\u00a0<span class=\"quality-value\" data-v-0118d9ef=\"\"><span data-v-0118d9ef=\"\">Rond<\/span><\/span><\/li>\n<li class=\"quality-label-value\">Type de semelle:\u00a0<span class=\"quality-value\" data-v-0118d9ef=\"\"><span data-v-0118d9ef=\"\">Plat<\/span><\/span><\/li>\n<li class=\"quality-label-value\">Type d\u2019usage:\u00a0<span class=\"quality-value\" data-v-0118d9ef=\"\"><span data-v-0118d9ef=\"\">Casual<\/span><\/span><\/li>\n<li class=\"quality-label-value\">Autres:\u00a0<span class=\"quality-value\" data-v-0118d9ef=\"\"><span data-v-0118d9ef=\"\">Lacets en tissu<\/span><\/span><\/li>\n<li class=\"quality-label-value\">Mod\u00e8le:\u00a0<span class=\"quality-value\" data-v-0118d9ef=\"\"><span data-v-0118d9ef=\"\">Flyer Runner 192257 23<\/span><\/span><\/li>\n<li class=\"quality-label-value\">Collection:\u00a0<span class=\"quality-value is-list\" data-v-0118d9ef=\"\">Puma Performance<\/span><\/li>\n<li class=\"quality-label-value\">Index:\u00a0<span class=\"quality-value\" data-v-0118d9ef=\"\"><span data-v-0118d9ef=\"\">0000207353619<\/span><\/span><\/li>\n<\/ul>\n<\/div>\n<div class=\"quality\" data-v-0118d9ef=\"\">\n<div data-v-0118d9ef=\"\"><\/div>\n<\/div>\n<\/div>\n<\/div>\n<div class=\"section\" data-v-fa33e774=\"\" data-v-0296581f=\"\">\n<p class=\"header _heading-h5\"><strong>Taille et ajustement<\/strong><\/p>\n<div class=\"product-qualities is-expanded\" data-v-0118d9ef=\"\" data-v-0296581f=\"\" data-v-fa33e774=\"\">\n<div class=\"quality\" data-v-0118d9ef=\"\">\n<ul>\n<li class=\"quality-label-value\"><span class=\"quality-label\" data-v-0118d9ef=\"\">Largeur de la chaussure:\u00a0<\/span><span class=\"quality-value\" data-v-0118d9ef=\"\"><span data-v-0118d9ef=\"\">\u00c9troite<\/span><\/span><\/li>\n<li class=\"quality-label-value\">\u00c9paisseur de semelle:\u00a0<span class=\"quality-value\" data-v-0118d9ef=\"\"><span data-v-0118d9ef=\"\">3 cm<\/span><\/span><\/li>\n<li class=\"quality-label-value\">Hauteur totale de la chaussure:\u00a0<span class=\"quality-value\" data-v-0118d9ef=\"\"><span data-v-0118d9ef=\"\">11.5 cm<\/span><\/span><\/li>\n<li class=\"quality-label-value\">Poids de chaussure (pointure la plus petite):\u00a0<span class=\"quality-value\" data-v-0118d9ef=\"\"><span data-v-0118d9ef=\"\">220 g<\/span><\/span><\/li>\n<\/ul>\n<\/div>\n<div class=\"quality\" data-v-0118d9ef=\"\">\n<div data-v-0118d9ef=\"\"><\/div>\n<\/div>\n<\/div>\n<\/div>\n<div class=\"section\" data-v-fa33e774=\"\" data-v-0296581f=\"\">\n<p class=\"header _heading-h5\"><strong>Composition et entretien<\/strong><\/p>\n<div class=\"product-qualities is-expanded\" data-v-0118d9ef=\"\" data-v-0296581f=\"\" data-v-fa33e774=\"\">\n<div class=\"quality\" data-v-0118d9ef=\"\">\n<ul>\n<li class=\"quality-label-value\"><span class=\"quality-label\" data-v-0118d9ef=\"\">Semelle de propret\u00e9:\u00a0<\/span><span class=\"quality-value\" data-v-0118d9ef=\"\"><span data-v-0118d9ef=\"\">Tissu<\/span><\/span><\/li>\n<li class=\"quality-label-value\">Int\u00e9rieur:\u00a0<span class=\"quality-value\" data-v-0118d9ef=\"\"><span data-v-0118d9ef=\"\">Tissu<\/span><\/span><\/li>\n<li class=\"quality-label-value\">Tige:\u00a0<span class=\"quality-value\" data-v-0118d9ef=\"\"><span data-v-0118d9ef=\"\">Simili cuir\/-Simili cuir, Textile\/-Tissu<\/span><\/span><\/li>\n<li class=\"quality-label-value\">Semelle d\u2019usure:\u00a0<span class=\"quality-value\" data-v-0118d9ef=\"\"><span data-v-0118d9ef=\"\">Mati\u00e8re synth\u00e9tique de haute qualit\u00e9<\/span><\/span><\/li>\n<\/ul>\n<\/div>\n<\/div>\n<\/div>\n<div class=\"section\" data-v-fa33e774=\"\" data-v-0296581f=\"\">\n<p class=\"header _heading-h5\"><strong>Technologies appliqu\u00e9es<\/strong><\/p>\n<ul class=\"product-technologies\" data-v-41b66a68=\"\" data-v-0296581f=\"\" data-v-fa33e774=\"\">\n<li class=\"technology\" data-v-41b66a68=\"\">EVA<\/li>\n<li class=\"technology\" data-v-41b66a68=\"\">SoftFoam<\/li>\n<\/ul>\n<\/div>\n","protected":false},"excerpt":{"rendered":"<p>Puma Flyer Runner 192257-23 \u2013 Chaussures D\u00e9tails Marque:\u00a0Puma Chaussures de sport:\u00a0Running Couleur:\u00a0Noir Couleur indiqu\u00e9e par le fabricant:\u00a0Puma Black\/High Risk Red Type de fermeture:\u00a0Lacets Type de bout:\u00a0Rond Type de semelle:\u00a0Plat Type d\u2019usage:\u00a0Casual Autres:\u00a0Lacets en tissu Mod\u00e8le:\u00a0Flyer Runner 192257 23 Collection:\u00a0Puma Performance Index:\u00a00000207353619 Taille et ajustement Largeur de la chaussure:\u00a0\u00c9troite \u00c9paisseur de semelle:\u00a03 cm Hauteur totale de [&hellip;]<\/p>\n","protected":false},"featured_media":9352,"template":"","meta":{"_acf_changed":false,"content-type":""},"pwb-brand":[517],"product_brand":[],"product_cat":[481,478,491],"product_tag":[],"class_list":{"0":"post-9349","1":"product","2":"type-product","3":"status-publish","4":"has-post-thumbnail","6":"pwb-brand-puma","7":"product_cat-baskets-hommes","8":"product_cat-chaussureshommes","9":"product_cat-hommes","11":"first","12":"instock","13":"taxable","14":"shipping-taxable","15":"purchasable","16":"product-type-variable"},"acf":[],"brands":[{"id":517,"name":"Puma","slug":"puma"}],"_links":{"self":[{"href":"https:\/\/primosportmaroc.com\/index.php?rest_route=\/wp\/v2\/product\/9349","targetHints":{"allow":["GET"]}}],"collection":[{"href":"https:\/\/primosportmaroc.com\/index.php?rest_route=\/wp\/v2\/product"}],"about":[{"href":"https:\/\/primosportmaroc.com\/index.php?rest_route=\/wp\/v2\/types\/product"}],"wp:featuredmedia":[{"embeddable":true,"href":"https:\/\/primosportmaroc.com\/index.php?rest_route=\/wp\/v2\/media\/9352"}],"wp:attachment":[{"href":"https:\/\/primosportmaroc.com\/index.php?rest_route=%2Fwp%2Fv2%2Fmedia&parent=9349"}],"wp:term":[{"taxonomy":"pwb-brand","embeddable":true,"href":"https:\/\/primosportmaroc.com\/index.php?rest_route=%2Fwp%2Fv2%2Fpwb-brand&post=9349"},{"taxonomy":"product_brand","embeddable":true,"href":"https:\/\/primosportmaroc.com\/index.php?rest_route=%2Fwp%2Fv2%2Fproduct_brand&post=9349"},{"taxonomy":"product_cat","embeddable":true,"href":"https:\/\/primosportmaroc.com\/index.php?rest_route=%2Fwp%2Fv2%2Fproduct_cat&post=9349"},{"taxonomy":"product_tag","embeddable":true,"href":"https:\/\/primosportmaroc.com\/index.php?rest_route=%2Fwp%2Fv2%2Fproduct_tag&post=9349"}],"curies":[{"name":"wp","href":"https:\/\/api.w.org\/{rel}","templated":true}]}}