{"id":9363,"date":"2025-09-02T11:34:34","date_gmt":"2025-09-02T10:34:34","guid":{"rendered":"https:\/\/primosportmaroc.com\/?post_type=product&#038;p=9363"},"modified":"2025-09-02T11:34:35","modified_gmt":"2025-09-02T10:34:35","slug":"under-armour-t-shirt-sportstyle-1326799-100","status":"publish","type":"product","link":"https:\/\/primosportmaroc.com\/?product=under-armour-t-shirt-sportstyle-1326799-100","title":{"rendered":"Under Armour T-Shirt Sportstyle 1326799-100"},"content":{"rendered":"<p><strong>Under Armour\u00a0T-Shirt Sportstyle 1326799-100 \u2013 Blanc<\/strong><\/p>\n<p class=\"b-product_name-wording\">Haut \u00e0 manches courtes\u00a0UA\u00a0Sportstyle Left Chest pour homme<\/p>\n<div class=\"b-product_description-title\">A quoi \u00e7a sert ?<\/div>\n<div class=\"b-product_description-content\">Les chemises graphiques sont \u00e0 la pelle, mais les meilleures viennent d\u2019Under Armour.\u00a0Notre tissu est l\u00e9ger, doux et s\u00e8che rapidement.<\/div>\n<div><\/div>\n<div>\n<h4>ADN<\/h4>\n<ul class=\"t-tabs_data\">\n<li class=\"t-tabs_list\">Le m\u00e9lange de coton super doux offre un confort tout au long de la journ\u00e9e<\/li>\n<\/ul>\n<h4>Sp\u00e9cifications techniques<\/h4>\n<ul class=\"t-tabs_data\">\n<li class=\"t-tabs_list\">Num\u00e9ro d\u2019article : 1326799<\/li>\n<li class=\"t-tabs_list\">60 % coton\/40 % polyester<\/li>\n<li class=\"t-tabs_list\">Import\u00e9<\/li>\n<\/ul>\n<h4>ajustement et soin<\/h4>\n<ul class=\"t-tabs_data\">\n<li class=\"t-tabs_list\"><span class=\"t-bold_font\">Ample :\u00a0<\/span>\u00a0coupe ample pour un confort total.<\/li>\n<\/ul>\n<\/div>\n","protected":false},"excerpt":{"rendered":"<p>Under Armour\u00a0T-Shirt Sportstyle 1326799-100 \u2013 Blanc Haut \u00e0 manches courtes\u00a0UA\u00a0Sportstyle Left Chest pour homme A quoi \u00e7a sert ? Les chemises graphiques sont \u00e0 la pelle, mais les meilleures viennent d\u2019Under Armour.\u00a0Notre tissu est l\u00e9ger, doux et s\u00e8che rapidement. ADN Le m\u00e9lange de coton super doux offre un confort tout au long de la journ\u00e9e [&hellip;]<\/p>\n","protected":false},"featured_media":9365,"template":"","meta":{"_acf_changed":false,"content-type":""},"pwb-brand":[516],"product_brand":[],"product_cat":[491,486,479],"product_tag":[],"class_list":{"0":"post-9363","1":"product","2":"type-product","3":"status-publish","4":"has-post-thumbnail","6":"pwb-brand-under-armour","7":"product_cat-hommes","8":"product_cat-t-shirt-polo-hommes","9":"product_cat-vetementshommes","11":"first","12":"instock","13":"taxable","14":"shipping-taxable","15":"purchasable","16":"product-type-variable"},"acf":[],"brands":[{"id":516,"name":"Under Armour","slug":"under-armour"}],"_links":{"self":[{"href":"https:\/\/primosportmaroc.com\/index.php?rest_route=\/wp\/v2\/product\/9363","targetHints":{"allow":["GET"]}}],"collection":[{"href":"https:\/\/primosportmaroc.com\/index.php?rest_route=\/wp\/v2\/product"}],"about":[{"href":"https:\/\/primosportmaroc.com\/index.php?rest_route=\/wp\/v2\/types\/product"}],"wp:featuredmedia":[{"embeddable":true,"href":"https:\/\/primosportmaroc.com\/index.php?rest_route=\/wp\/v2\/media\/9365"}],"wp:attachment":[{"href":"https:\/\/primosportmaroc.com\/index.php?rest_route=%2Fwp%2Fv2%2Fmedia&parent=9363"}],"wp:term":[{"taxonomy":"pwb-brand","embeddable":true,"href":"https:\/\/primosportmaroc.com\/index.php?rest_route=%2Fwp%2Fv2%2Fpwb-brand&post=9363"},{"taxonomy":"product_brand","embeddable":true,"href":"https:\/\/primosportmaroc.com\/index.php?rest_route=%2Fwp%2Fv2%2Fproduct_brand&post=9363"},{"taxonomy":"product_cat","embeddable":true,"href":"https:\/\/primosportmaroc.com\/index.php?rest_route=%2Fwp%2Fv2%2Fproduct_cat&post=9363"},{"taxonomy":"product_tag","embeddable":true,"href":"https:\/\/primosportmaroc.com\/index.php?rest_route=%2Fwp%2Fv2%2Fproduct_tag&post=9363"}],"curies":[{"name":"wp","href":"https:\/\/api.w.org\/{rel}","templated":true}]}}