{"id":9369,"date":"2025-09-02T12:39:46","date_gmt":"2025-09-02T11:39:46","guid":{"rendered":"https:\/\/primosportmaroc.com\/?post_type=product&#038;p=9369"},"modified":"2025-09-02T12:39:46","modified_gmt":"2025-09-02T11:39:46","slug":"under-armour-unstoppable-1370494-001","status":"publish","type":"product","link":"https:\/\/primosportmaroc.com\/?product=under-armour-unstoppable-1370494-001","title":{"rendered":"Under Armour Unstoppable 1370494 -001"},"content":{"rendered":"<div><strong>Under Armour\u00a0Unstoppable 1370494 -001 \u2013 Veste \u00e0 capuche pour homme<\/strong><\/div>\n<div class=\"b-product_description-title\">Qu\u2019est-ce que \u00e7a fait ?<\/div>\n<div class=\"b-product_description-content\">Si vous recherchez une veste avec laquelle vous pouvez r\u00e9ellement vous entra\u00eener par temps froid et humide, vous l\u2019avez trouv\u00e9e.\u00a0Super l\u00e9ger et extensible, la pluie roule imm\u00e9diatement et vous garde au chaud mais pas au chaud.<\/div>\n<div><\/div>\n<div>\n<p><strong>ADN<\/strong><\/p>\n<ul class=\"t-tabs_data\">\n<li class=\"t-tabs_list\">Le tissu extensible est l\u00e9ger, durable et bouge avec vous<\/li>\n<li class=\"t-tabs_list\">Le mat\u00e9riau extensible dans 4 directions se d\u00e9place mieux dans toutes les directions<\/li>\n<li class=\"t-tabs_list\">L\u2019\u00e9lastique s\u2019ajuste \u00e0 l\u2019ouverture de la capuche et \u00e0 l\u2019ourlet inf\u00e9rieur pour un ajustement facile et un ajustement s\u00e9curis\u00e9<\/li>\n<li class=\"t-tabs_list\">Poches pour les mains s\u00e9curis\u00e9es et zipp\u00e9es<\/li>\n<li class=\"t-tabs_list\">Ourlet et poignets fa\u00e7onn\u00e9s<\/li>\n<li class=\"t-tabs_list\">Utilise un traitement hydrofuge sans fluor<\/li>\n<\/ul>\n<p><strong>Sp\u00e9cifications<\/strong><\/p>\n<ul class=\"t-tabs_data\">\n<li class=\"t-tabs_list\">Num\u00e9ro de mod\u00e8le\u00a0: 1370494<\/li>\n<li class=\"t-tabs_list\">90 % polyester\/10 % \u00e9lasthanne<\/li>\n<li class=\"t-tabs_list\">Import\u00e9<\/li>\n<\/ul>\n<p><strong>Ajustement et entretien<\/strong><\/p>\n<ul class=\"t-tabs_data\">\n<li class=\"t-tabs_list\"><span class=\"t-bold_font\">Loose :\u00a0<\/span>\u00a0Coupe plus ample pour un confort complet.<\/li>\n<li class=\"t-tabs_list\">Le v\u00eatement doit \u00eatre lav\u00e9 et s\u00e9ch\u00e9 avec une fermeture \u00e9clair<\/li>\n<li class=\"t-tabs_list\">Laver le v\u00eatement \u00e0 l\u2019envers<\/li>\n<li class=\"t-tabs_list\">Lavage en machine \u00e0 froid avec des couleurs semblables<\/li>\n<li class=\"t-tabs_list\">Utilisez uniquement un agent de blanchiment sans chlore si n\u00e9cessaire<\/li>\n<li class=\"t-tabs_list\">S\u00e9cher \u00e0 basse temp\u00e9rature<\/li>\n<li class=\"t-tabs_list\">Ne pas repasser<\/li>\n<li class=\"t-tabs_list\">Ne pas utiliser d\u2019adoucissant<\/li>\n<li class=\"t-tabs_list\">Ne pas nettoyer \u00e0 sec<\/li>\n<\/ul>\n<p>Le surv\u00eatement Puma Baseball est un ensemble polyvalent qui vous permettra de rester \u00e0 l\u2019aise et styl\u00e9 tout au long de la journ\u00e9e.<\/p>\n<p>Under Armour Unstoppable 1370494 -001 \u2013 Veste \u00e0 capuche pour homme<\/p>\n<\/div>\n","protected":false},"excerpt":{"rendered":"<p>Under Armour\u00a0Unstoppable 1370494 -001 \u2013 Veste \u00e0 capuche pour homme Qu\u2019est-ce que \u00e7a fait ? Si vous recherchez une veste avec laquelle vous pouvez r\u00e9ellement vous entra\u00eener par temps froid et humide, vous l\u2019avez trouv\u00e9e.\u00a0Super l\u00e9ger et extensible, la pluie roule imm\u00e9diatement et vous garde au chaud mais pas au chaud. ADN Le tissu extensible [&hellip;]<\/p>\n","protected":false},"featured_media":9371,"template":"","meta":{"_acf_changed":false,"content-type":""},"pwb-brand":[516],"product_brand":[],"product_cat":[491,488,479],"product_tag":[],"class_list":{"0":"post-9369","1":"product","2":"type-product","3":"status-publish","4":"has-post-thumbnail","6":"pwb-brand-under-armour","7":"product_cat-hommes","8":"product_cat-pull-sweat-hommes","9":"product_cat-vetementshommes","11":"first","12":"instock","13":"taxable","14":"shipping-taxable","15":"purchasable","16":"product-type-variable"},"acf":[],"brands":[{"id":516,"name":"Under Armour","slug":"under-armour"}],"_links":{"self":[{"href":"https:\/\/primosportmaroc.com\/index.php?rest_route=\/wp\/v2\/product\/9369","targetHints":{"allow":["GET"]}}],"collection":[{"href":"https:\/\/primosportmaroc.com\/index.php?rest_route=\/wp\/v2\/product"}],"about":[{"href":"https:\/\/primosportmaroc.com\/index.php?rest_route=\/wp\/v2\/types\/product"}],"wp:featuredmedia":[{"embeddable":true,"href":"https:\/\/primosportmaroc.com\/index.php?rest_route=\/wp\/v2\/media\/9371"}],"wp:attachment":[{"href":"https:\/\/primosportmaroc.com\/index.php?rest_route=%2Fwp%2Fv2%2Fmedia&parent=9369"}],"wp:term":[{"taxonomy":"pwb-brand","embeddable":true,"href":"https:\/\/primosportmaroc.com\/index.php?rest_route=%2Fwp%2Fv2%2Fpwb-brand&post=9369"},{"taxonomy":"product_brand","embeddable":true,"href":"https:\/\/primosportmaroc.com\/index.php?rest_route=%2Fwp%2Fv2%2Fproduct_brand&post=9369"},{"taxonomy":"product_cat","embeddable":true,"href":"https:\/\/primosportmaroc.com\/index.php?rest_route=%2Fwp%2Fv2%2Fproduct_cat&post=9369"},{"taxonomy":"product_tag","embeddable":true,"href":"https:\/\/primosportmaroc.com\/index.php?rest_route=%2Fwp%2Fv2%2Fproduct_tag&post=9369"}],"curies":[{"name":"wp","href":"https:\/\/api.w.org\/{rel}","templated":true}]}}