{"id":9384,"date":"2025-09-02T13:56:45","date_gmt":"2025-09-02T12:56:45","guid":{"rendered":"https:\/\/primosportmaroc.com\/?post_type=product&#038;p=9384"},"modified":"2025-09-02T13:56:45","modified_gmt":"2025-09-02T12:56:45","slug":"under-armour-charged-revitalize-3026679-001","status":"publish","type":"product","link":"https:\/\/primosportmaroc.com\/?product=under-armour-charged-revitalize-3026679-001","title":{"rendered":"Under Armour Charged Revitalize 3026679-001"},"content":{"rendered":"<p><strong>Under Armour\u00a0Charged Revitalize 3026679-001 Gris<\/strong><\/p>\n<div class=\"b-product_description-title\">Quelle est sa fonction ?<br \/>\nLe Charged Cushioning\u00ae a \u00e9t\u00e9 con\u00e7u pour prot\u00e9ger contre les impacts, offrir une sensation de douceur et rester r\u00e9actif.<\/div>\n<div><\/div>\n<div>\n<p><strong>ADN<\/strong><\/p>\n<\/div>\n<div>\n<div class=\"flex flex-grow flex-col max-w-full\">\n<div class=\"min-h-[20px] text-message flex flex-col items-start whitespace-pre-wrap break-words [.text-message+&amp;]:mt-5 juice:w-full juice:items-end overflow-x-auto gap-2\" dir=\"auto\" data-message-author-role=\"assistant\" data-message-id=\"66a64bf0-7e18-4753-b0d3-587714460f0b\">\n<div class=\"flex w-full flex-col gap-1 juice:empty:hidden juice:first:pt-[3px]\">\n<div class=\"markdown prose w-full break-words dark:prose-invert light\"><\/div>\n<\/div>\n<\/div>\n<\/div>\n<div class=\"mt-1 flex gap-3 empty:hidden juice:-ml-3\">\n<div class=\"items-center justify-start rounded-xl p-1 flex\">\n<div class=\"flex items-center\">\n<ul>\n<li class=\"flex items-center pb-0.5 juice:pb-0\">Tige l\u00e9g\u00e8re en textile chin\u00e9, respirante et durable.<\/li>\n<li>La semelle int\u00e9rieure du syst\u00e8me de confort Deluxe s\u2019adapte \u00e0 votre pied pour un confort ultime sous le pied.<\/li>\n<li>La semelle interm\u00e9diaire Charged Cushioning\u00ae est r\u00e9active et durable pour un retour d\u2019\u00e9nergie optimal et un confort tout au long de la journ\u00e9e.<\/li>\n<li>Semelle ext\u00e9rieure en caoutchouc durable avec un motif strat\u00e9gique pour la traction et la flexibilit\u00e9 l\u00e0 o\u00f9 vous en avez besoin.<\/li>\n<\/ul>\n<\/div>\n<\/div>\n<\/div>\n<p><strong>Sp\u00e9cifications<\/strong><\/p>\n<\/div>\n<ul class=\"t-tabs_data\">\n<li class=\"t-tabs_list\">R\u00e9f\u00e9rence : 3026679<\/li>\n<li class=\"t-tabs_list\">D\u00e9port : 8 mm<\/li>\n<li class=\"t-tabs_list\">Poids : 315 g (11,1 oz)<\/li>\n<li class=\"t-tabs_list\">Type de la\u00e7age : Standard<\/li>\n<li class=\"t-tabs_list\">Import\u00e9<\/li>\n<\/ul>\n<p><strong>Coupe et entretien<\/strong><\/p>\n<ul class=\"t-tabs_data\">\n<li class=\"t-tabs_list\"><span class=\"t-bold_font\">R\u00e9gulier\u00a0<\/span><\/li>\n<li class=\"t-tabs_list\">NEUTRE : Pour les coureurs ayant besoin de flexibilit\u00e9, d\u2019amorti et de polyvalence<\/li>\n<\/ul>\n<p class=\"column-title _heading-strong\"><strong>Taille et ajustement<\/strong><\/p>\n<ul>\n<li class=\"product-specification-item\">Largeur de la chaussure :\u00a0Standard<\/li>\n<li class=\"column-title _heading-strong\">Composition et entretien<\/li>\n<li class=\"product-specification-item\">Semelle de propret\u00e9 :\u00a0Tissu<\/li>\n<li class=\"product-specification-item\">Int\u00e9rieur :\u00a0Tissu<\/li>\n<li class=\"product-specification-item\">Tige :\u00a0Textile\/-Tissu<\/li>\n<li class=\"product-specification-item\">Semelle d\u2019usure :\u00a0Gomme<\/li>\n<\/ul>\n<p class=\"column-title _heading-strong\"><strong>D\u00e9tails produit<\/strong><\/p>\n<ul>\n<li class=\"product-specification-item\">Marque :\u00a0Under Armour<\/li>\n<li class=\"product-specification-item\">Chaussures de sport :\u00a0Running<\/li>\n<li class=\"product-specification-item\">Mod\u00e8le :\u00a0Ua Charged Revitalize 3026679-001<\/li>\n<li class=\"product-specification-item\">Index :\u00a00000303382254<\/li>\n<\/ul>\n<p class=\"column-title _heading-strong\"><strong>Design &amp; Style<\/strong><\/p>\n<ul>\n<li class=\"product-specification-item\">Couleur :\u00a0Gris<\/li>\n<li class=\"product-specification-item\">Type de fermeture :\u00a0Lacets<\/li>\n<li class=\"product-specification-item\">Type d\u2019usage :\u00a0Casual<\/li>\n<\/ul>\n<p>Le Charged Cushioning\u00ae de Under Armour est une technologie de premier plan en mati\u00e8re d\u2019absorption des chocs et de retour d\u2019\u00e9nergie. Les chaussures \u00e9quip\u00e9es de cette fonctionnalit\u00e9 assurent moins d\u2019impact \u00e0 chaque pas et un rebond grandement am\u00e9lior\u00e9.<\/p>\n<p><strong>Under Armour\u00a0Charged Revitalize 3026679-001 Gris<\/strong><\/p>\n","protected":false},"excerpt":{"rendered":"<p>Under Armour\u00a0Charged Revitalize 3026679-001 Gris Quelle est sa fonction ? Le Charged Cushioning\u00ae a \u00e9t\u00e9 con\u00e7u pour prot\u00e9ger contre les impacts, offrir une sensation de douceur et rester r\u00e9actif. ADN Tige l\u00e9g\u00e8re en textile chin\u00e9, respirante et durable. La semelle int\u00e9rieure du syst\u00e8me de confort Deluxe s\u2019adapte \u00e0 votre pied pour un confort ultime sous [&hellip;]<\/p>\n","protected":false},"featured_media":9386,"template":"","meta":{"_acf_changed":false,"content-type":""},"pwb-brand":[516],"product_brand":[],"product_cat":[481,478,491],"product_tag":[],"class_list":{"0":"post-9384","1":"product","2":"type-product","3":"status-publish","4":"has-post-thumbnail","6":"pwb-brand-under-armour","7":"product_cat-baskets-hommes","8":"product_cat-chaussureshommes","9":"product_cat-hommes","11":"first","12":"instock","13":"taxable","14":"shipping-taxable","15":"purchasable","16":"product-type-variable"},"acf":[],"brands":[{"id":516,"name":"Under Armour","slug":"under-armour"}],"_links":{"self":[{"href":"https:\/\/primosportmaroc.com\/index.php?rest_route=\/wp\/v2\/product\/9384","targetHints":{"allow":["GET"]}}],"collection":[{"href":"https:\/\/primosportmaroc.com\/index.php?rest_route=\/wp\/v2\/product"}],"about":[{"href":"https:\/\/primosportmaroc.com\/index.php?rest_route=\/wp\/v2\/types\/product"}],"wp:featuredmedia":[{"embeddable":true,"href":"https:\/\/primosportmaroc.com\/index.php?rest_route=\/wp\/v2\/media\/9386"}],"wp:attachment":[{"href":"https:\/\/primosportmaroc.com\/index.php?rest_route=%2Fwp%2Fv2%2Fmedia&parent=9384"}],"wp:term":[{"taxonomy":"pwb-brand","embeddable":true,"href":"https:\/\/primosportmaroc.com\/index.php?rest_route=%2Fwp%2Fv2%2Fpwb-brand&post=9384"},{"taxonomy":"product_brand","embeddable":true,"href":"https:\/\/primosportmaroc.com\/index.php?rest_route=%2Fwp%2Fv2%2Fproduct_brand&post=9384"},{"taxonomy":"product_cat","embeddable":true,"href":"https:\/\/primosportmaroc.com\/index.php?rest_route=%2Fwp%2Fv2%2Fproduct_cat&post=9384"},{"taxonomy":"product_tag","embeddable":true,"href":"https:\/\/primosportmaroc.com\/index.php?rest_route=%2Fwp%2Fv2%2Fproduct_tag&post=9384"}],"curies":[{"name":"wp","href":"https:\/\/api.w.org\/{rel}","templated":true}]}}