{"id":9392,"date":"2025-09-02T14:01:55","date_gmt":"2025-09-02T13:01:55","guid":{"rendered":"https:\/\/primosportmaroc.com\/?post_type=product&#038;p=9392"},"modified":"2025-09-02T14:01:55","modified_gmt":"2025-09-02T13:01:55","slug":"under-armour-charged-rogue-4","status":"publish","type":"product","link":"https:\/\/primosportmaroc.com\/?product=under-armour-charged-rogue-4","title":{"rendered":"Under Armour Charged Rogue 4"},"content":{"rendered":"<p><strong>Under Armour\u00a0Charged Rogue 4 3026998-100 Gris<\/strong><\/p>\n<div class=\"b-product_description-title\">Voici pourquoi vous allez l\u2019adorer\u2026<\/div>\n<div class=\"b-product_description-content\">On a associ\u00e9 un mesh l\u00e9ger et respirant \u00e0 notre semelle interm\u00e9diaire Charged\u00a0Cushioning\u00ae pour une r\u00e9activit\u00e9 exceptionnelle, une absorption maximale des chocs et une sensation de dynamisme qui te permet de courir, encore et encore.<\/div>\n<div><\/div>\n<div>\n<p><strong>ADN<\/strong><\/p>\n<\/div>\n<div>\n<ul class=\"t-tabs_data\">\n<li class=\"t-tabs_list\">Empeigne en mesh technique sur toute la longueur pour une a\u00e9ration en toute l\u00e9g\u00e8ret\u00e9 et une sensation proche du pied<\/li>\n<li class=\"t-tabs_list\">Syst\u00e8me de semelle int\u00e9rieure confortable et sophistiqu\u00e9e \u00e9pousant la forme du pied pour un confort in\u00e9gal\u00e9<\/li>\n<li class=\"t-tabs_list\">La semelle interm\u00e9diaire Charged Cushioning\u00ae offre un confort tout au long de la journ\u00e9e, ainsi qu\u2019une r\u00e9activit\u00e9 et une r\u00e9sistance exceptionnelles<\/li>\n<li class=\"t-tabs_list\">Semelle ext\u00e9rieure en caoutchouc r\u00e9sistant pour plus d\u2019adh\u00e9rence, de maintien et de flexibilit\u00e9 pour la propulsion, exactement l\u00e0 o\u00f9 tu en as besoin<\/li>\n<\/ul>\n<p><strong>Sp\u00e9cifications<\/strong><\/p>\n<\/div>\n<ul class=\"t-tabs_data\">\n<li class=\"t-tabs_list\">Num\u00e9ro du mod\u00e8le\u00a0: 3026998<\/li>\n<li class=\"t-tabs_list\">Diff\u00e9rentiel talon-pointe\u00a0: 8\u00a0mm<\/li>\n<li class=\"t-tabs_list\">Poids\u00a0: 265\u00a0g<\/li>\n<li class=\"t-tabs_list\">Type de lacets\u00a0: Standard<\/li>\n<li class=\"t-tabs_list\">Import\u00e9<\/li>\n<\/ul>\n<p><strong>Coupe et entretien<\/strong><\/p>\n<ul class=\"t-tabs_data\">\n<li class=\"t-tabs_list\"><span class=\"t-bold_font\">R\u00e9gulier\u00a0<\/span><\/li>\n<li class=\"t-tabs_list\">NEUTRE\u00a0: Pour les athl\u00e8tes qui recherchent un \u00e9quilibre entre flexibilit\u00e9 et amorti<\/li>\n<\/ul>\n<p>Le Charged Cushioning\u00ae de Under Armour est une technologie de premier plan en mati\u00e8re d\u2019absorption des chocs et de retour d\u2019\u00e9nergie. Les chaussures \u00e9quip\u00e9es de cette fonctionnalit\u00e9 assurent moins d\u2019impact \u00e0 chaque pas et un rebond grandement am\u00e9lior\u00e9.<\/p>\n<p>Under Armour\u00a0Charged Rogue 4 3026998-100 Gris<\/p>\n","protected":false},"excerpt":{"rendered":"<p>Under Armour\u00a0Charged Rogue 4 3026998-100 Gris Voici pourquoi vous allez l\u2019adorer\u2026 On a associ\u00e9 un mesh l\u00e9ger et respirant \u00e0 notre semelle interm\u00e9diaire Charged\u00a0Cushioning\u00ae pour une r\u00e9activit\u00e9 exceptionnelle, une absorption maximale des chocs et une sensation de dynamisme qui te permet de courir, encore et encore. ADN Empeigne en mesh technique sur toute la longueur [&hellip;]<\/p>\n","protected":false},"featured_media":9393,"template":"","meta":{"_acf_changed":false,"content-type":""},"pwb-brand":[516],"product_brand":[],"product_cat":[481,478,491],"product_tag":[],"class_list":{"0":"post-9392","1":"product","2":"type-product","3":"status-publish","4":"has-post-thumbnail","6":"pwb-brand-under-armour","7":"product_cat-baskets-hommes","8":"product_cat-chaussureshommes","9":"product_cat-hommes","11":"first","12":"instock","13":"taxable","14":"shipping-taxable","15":"purchasable","16":"product-type-variable"},"acf":[],"brands":[{"id":516,"name":"Under Armour","slug":"under-armour"}],"_links":{"self":[{"href":"https:\/\/primosportmaroc.com\/index.php?rest_route=\/wp\/v2\/product\/9392","targetHints":{"allow":["GET"]}}],"collection":[{"href":"https:\/\/primosportmaroc.com\/index.php?rest_route=\/wp\/v2\/product"}],"about":[{"href":"https:\/\/primosportmaroc.com\/index.php?rest_route=\/wp\/v2\/types\/product"}],"wp:featuredmedia":[{"embeddable":true,"href":"https:\/\/primosportmaroc.com\/index.php?rest_route=\/wp\/v2\/media\/9393"}],"wp:attachment":[{"href":"https:\/\/primosportmaroc.com\/index.php?rest_route=%2Fwp%2Fv2%2Fmedia&parent=9392"}],"wp:term":[{"taxonomy":"pwb-brand","embeddable":true,"href":"https:\/\/primosportmaroc.com\/index.php?rest_route=%2Fwp%2Fv2%2Fpwb-brand&post=9392"},{"taxonomy":"product_brand","embeddable":true,"href":"https:\/\/primosportmaroc.com\/index.php?rest_route=%2Fwp%2Fv2%2Fproduct_brand&post=9392"},{"taxonomy":"product_cat","embeddable":true,"href":"https:\/\/primosportmaroc.com\/index.php?rest_route=%2Fwp%2Fv2%2Fproduct_cat&post=9392"},{"taxonomy":"product_tag","embeddable":true,"href":"https:\/\/primosportmaroc.com\/index.php?rest_route=%2Fwp%2Fv2%2Fproduct_tag&post=9392"}],"curies":[{"name":"wp","href":"https:\/\/api.w.org\/{rel}","templated":true}]}}