{"id":9417,"date":"2025-09-02T14:34:51","date_gmt":"2025-09-02T13:34:51","guid":{"rendered":"https:\/\/primosportmaroc.com\/?post_type=product&#038;p=9417"},"modified":"2025-09-30T15:58:25","modified_gmt":"2025-09-30T14:58:25","slug":"under-armour-charged-surge-4-3027000-401","status":"publish","type":"product","link":"https:\/\/primosportmaroc.com\/?product=under-armour-charged-surge-4-3027000-401","title":{"rendered":"Under Armour Charged Surge 4 3027000-401"},"content":{"rendered":"<p><strong>Under Armour Charged Surge 4 3027000-401 Bleu marine<\/strong><\/p>\n<p class=\"heading _heading-strong\"><strong><span class=\"desktop-heading\" data-v-68b21aa8=\"\">Informations sur le produit<\/span><\/strong><\/p>\n<div class=\"multi-step-side-modal multi-step-side-modal bg-filter\" data-v-51d10fef=\"\" data-v-56032691=\"\" data-v-68b21aa8=\"\">\n<div class=\"side-modal left mobile-and-tablet-only fixed-header\" data-v-51d10fef=\"\">\n<div class=\"wrapper\" data-v-51d10fef=\"\">\n<section class=\"body-text\" data-v-51d10fef=\"\">\n<div class=\"content\" data-v-68b21aa8=\"\">\n<div class=\"columns-wrapper\" data-v-68b21aa8=\"\">\n<p class=\"column-title _heading-strong\"><strong>Taille et ajustement<\/strong><\/p>\n<ul>\n<li class=\"product-specification-item\">Largeur de la chaussure :\u00a0Standard<\/li>\n<\/ul>\n<p class=\"column-title _heading-strong\"><strong>Composition et entretien<\/strong><\/p>\n<ul>\n<li class=\"product-specification-item\">Semelle de propret\u00e9 :\u00a0Tissu<\/li>\n<li class=\"product-specification-item\">Int\u00e9rieur :\u00a0Tissu<\/li>\n<li class=\"product-specification-item\">Tige :\u00a0Textile\/-Mesh, Mat\u00e9riau\/-Synth\u00e9tique<\/li>\n<li class=\"product-specification-item\">Semelle d\u2019usure :\u00a0Mati\u00e8re synth\u00e9tique de haute qualit\u00e9<\/li>\n<li class=\"product-specification-item\">Technologies : Charged Cushioning<\/li>\n<\/ul>\n<p><strong>D\u00e9tails produit<\/strong><\/p>\n<ul>\n<li class=\"product-specification-item\">Marque :\u00a0Under Armour<\/li>\n<li class=\"product-specification-item\">Chaussures de sport :\u00a0Running<\/li>\n<li class=\"product-specification-item\">Mod\u00e8le :\u00a0Ua Charged Surge 4 3027000-401<\/li>\n<li class=\"product-specification-item\">Index :\u00a00000303775773<\/li>\n<\/ul>\n<p><strong>Design &amp; Style<\/strong><\/p>\n<ul>\n<li class=\"product-specification-item\">Couleur :\u00a0Bleu marine<\/li>\n<li class=\"product-specification-item\">Couleur indiqu\u00e9e par le fabricant :\u00a0Academy\/Academy\/White<\/li>\n<li class=\"product-specification-item\">Type de fermeture :\u00a0Lacets<\/li>\n<li class=\"product-specification-item\">Type d\u2019usage :\u00a0Casual<\/li>\n<li class=\"product-specification-item\">Autres :\u00a0Lacets en tissu<\/li>\n<\/ul>\n<\/div>\n<\/div>\n<\/section>\n<\/div>\n<\/div>\n<\/div>\n","protected":false},"excerpt":{"rendered":"<p>Under Armour Charged Surge 4 3027000-401 Bleu marine Informations sur le produit Taille et ajustement Largeur de la chaussure :\u00a0Standard Composition et entretien Semelle de propret\u00e9 :\u00a0Tissu Int\u00e9rieur :\u00a0Tissu Tige :\u00a0Textile\/-Mesh, Mat\u00e9riau\/-Synth\u00e9tique Semelle d\u2019usure :\u00a0Mati\u00e8re synth\u00e9tique de haute qualit\u00e9 Technologies : Charged Cushioning D\u00e9tails produit Marque :\u00a0Under Armour Chaussures de sport :\u00a0Running Mod\u00e8le :\u00a0Ua Charged [&hellip;]<\/p>\n","protected":false},"featured_media":9418,"template":"","meta":{"_acf_changed":false,"content-type":""},"pwb-brand":[516],"product_brand":[],"product_cat":[481,478,491],"product_tag":[],"class_list":{"0":"post-9417","1":"product","2":"type-product","3":"status-publish","4":"has-post-thumbnail","6":"pwb-brand-under-armour","7":"product_cat-baskets-hommes","8":"product_cat-chaussureshommes","9":"product_cat-hommes","11":"first","12":"instock","13":"taxable","14":"shipping-taxable","15":"purchasable","16":"product-type-variable"},"acf":[],"brands":[{"id":516,"name":"Under Armour","slug":"under-armour"}],"_links":{"self":[{"href":"https:\/\/primosportmaroc.com\/index.php?rest_route=\/wp\/v2\/product\/9417","targetHints":{"allow":["GET"]}}],"collection":[{"href":"https:\/\/primosportmaroc.com\/index.php?rest_route=\/wp\/v2\/product"}],"about":[{"href":"https:\/\/primosportmaroc.com\/index.php?rest_route=\/wp\/v2\/types\/product"}],"wp:featuredmedia":[{"embeddable":true,"href":"https:\/\/primosportmaroc.com\/index.php?rest_route=\/wp\/v2\/media\/9418"}],"wp:attachment":[{"href":"https:\/\/primosportmaroc.com\/index.php?rest_route=%2Fwp%2Fv2%2Fmedia&parent=9417"}],"wp:term":[{"taxonomy":"pwb-brand","embeddable":true,"href":"https:\/\/primosportmaroc.com\/index.php?rest_route=%2Fwp%2Fv2%2Fpwb-brand&post=9417"},{"taxonomy":"product_brand","embeddable":true,"href":"https:\/\/primosportmaroc.com\/index.php?rest_route=%2Fwp%2Fv2%2Fproduct_brand&post=9417"},{"taxonomy":"product_cat","embeddable":true,"href":"https:\/\/primosportmaroc.com\/index.php?rest_route=%2Fwp%2Fv2%2Fproduct_cat&post=9417"},{"taxonomy":"product_tag","embeddable":true,"href":"https:\/\/primosportmaroc.com\/index.php?rest_route=%2Fwp%2Fv2%2Fproduct_tag&post=9417"}],"curies":[{"name":"wp","href":"https:\/\/api.w.org\/{rel}","templated":true}]}}