{"id":9444,"date":"2025-09-30T16:31:16","date_gmt":"2025-09-30T15:31:16","guid":{"rendered":"https:\/\/primosportmaroc.com\/?post_type=product&#038;p=9444"},"modified":"2025-09-30T16:31:16","modified_gmt":"2025-09-30T15:31:16","slug":"under-armour-charged-shift-3027776-001","status":"publish","type":"product","link":"https:\/\/primosportmaroc.com\/?product=under-armour-charged-shift-3027776-001","title":{"rendered":"Under Armour Charged Shift 3027776-001"},"content":{"rendered":"<p><strong>Under Armour Charged Shift 3027776-001<\/strong><\/p>\n<div class=\"detail-contentbox\">\n<div id=\"detailParamsCollapse\" class=\"d-lg-block collapse show\">\n<div>\n<div class=\"detail-contentbox-body our-scrollbar px-4 px-lg-0\">\n<div class=\"detail-parameter row px-3 px-lg-0 my-4 mx-lg-auto justify-content-lg-between font-size-90\">\n<ul>\n<li class=\"detail-parameter__item col-12 col-lg-6 row m-0\"><strong class=\"mr-2\">Num\u00e9ro de produit:<\/strong>3027776-001<\/li>\n<li class=\"detail-parameter__item col-12 col-lg-6 row m-0\"><strong class=\"mr-2\">Fabricant:<\/strong>Sous protection<\/li>\n<li class=\"detail-parameter__item col-12 col-lg-6 row m-0\"><strong class=\"mr-2\">Sexe:<\/strong>Hommes<\/li>\n<li class=\"detail-parameter__item col-12 col-lg-6 row m-0\"><strong class=\"mr-2\">Couleur:<\/strong>Noir<\/li>\n<li class=\"detail-parameter__item col-12 col-lg-6 row m-0\"><strong class=\"mr-2\">Types de chaussures :<\/strong>D\u00e9marche neutre, supination<\/li>\n<li class=\"detail-parameter__item col-12 col-lg-6 row m-0\"><strong class=\"mr-2\">Terrain:<\/strong>Route<\/li>\n<li class=\"detail-parameter__item col-12 col-lg-6 row m-0\"><strong class=\"mr-2\">Type de parcours :\u00a0<\/strong>Entra\u00eenement<\/li>\n<li class=\"detail-parameter__item col-12 col-lg-6 row m-0\"><strong class=\"mr-2\">Sport:<\/strong>Courir<\/li>\n<li class=\"detail-parameter__item col-12 col-lg-6 row m-0\"><strong class=\"mr-2\">Fonction:<\/strong>Respirant<\/li>\n<li class=\"detail-parameter__item col-12 col-lg-6 row m-0\"><strong class=\"mr-2\">Confort et amorti :<\/strong>Moyen<\/li>\n<li class=\"detail-parameter__item col-12 col-lg-6 row m-0\"><strong class=\"mr-2\">Largeur de la chaussure :\u00a0<\/strong>Standard<\/li>\n<li class=\"detail-parameter__item col-12 col-lg-6 row m-0\"><strong class=\"mr-2\">Mod\u00e8le:<\/strong>Changement sous Armour<\/li>\n<li class=\"detail-parameter__item col-12 col-lg-6 row m-0\"><strong class=\"mr-2\">Garantie:<\/strong>2 ans<\/li>\n<\/ul>\n<\/div>\n<\/div>\n<\/div>\n<\/div>\n<\/div>\n<div class=\"detail-contentbox mt-2 mt-lg-0\">\n<div id=\"detailDescriptionCollapse\" class=\"d-lg-block collapse\">\n<div>\n<div class=\"detail-contentbox-body our-scrollbar p-4 p-lg-0\">\n<div class=\"detail-description-text\">\n<p><strong>Changement sous Armour<\/strong><\/p>\n<ul>\n<li>Ces chaussures seront rembourr\u00e9es et confortables, mais aussi l\u00e9g\u00e8res et respirantes. Pourquoi? Parce que quand on ne ralentit jamais, c\u2019est ce dont on a besoin.<\/li>\n<li>Tige en tricot extensible pour une respirabilit\u00e9 et un confort l\u00e9gers<\/li>\n<li>Conception facile \u00e0 enfiler et \u00e0 enlever<\/li>\n<li>Clip de talon en TPU pour un maintien et un ajustement am\u00e9lior\u00e9s<\/li>\n<li>La semelle interm\u00e9diaire en EVA ultra-amortissante offre un confort toute la journ\u00e9e<\/li>\n<li>Semelle ext\u00e9rieure en caoutchouc sur toute la longueur pour une traction polyvalente et une durabilit\u00e9 accrue<\/li>\n<\/ul>\n<\/div>\n<\/div>\n<\/div>\n<\/div>\n<\/div>\n","protected":false},"excerpt":{"rendered":"<p>Under Armour Charged Shift 3027776-001 Num\u00e9ro de produit:3027776-001 Fabricant:Sous protection Sexe:Hommes Couleur:Noir Types de chaussures :D\u00e9marche neutre, supination Terrain:Route Type de parcours :\u00a0Entra\u00eenement Sport:Courir Fonction:Respirant Confort et amorti :Moyen Largeur de la chaussure :\u00a0Standard Mod\u00e8le:Changement sous Armour Garantie:2 ans Changement sous Armour Ces chaussures seront rembourr\u00e9es et confortables, mais aussi l\u00e9g\u00e8res et respirantes. Pourquoi? Parce [&hellip;]<\/p>\n","protected":false},"featured_media":9446,"template":"","meta":{"_acf_changed":false,"content-type":""},"pwb-brand":[516],"product_brand":[],"product_cat":[481,478,491],"product_tag":[],"class_list":{"0":"post-9444","1":"product","2":"type-product","3":"status-publish","4":"has-post-thumbnail","6":"pwb-brand-under-armour","7":"product_cat-baskets-hommes","8":"product_cat-chaussureshommes","9":"product_cat-hommes","11":"first","12":"instock","13":"taxable","14":"shipping-taxable","15":"purchasable","16":"product-type-variable"},"acf":[],"brands":[{"id":516,"name":"Under Armour","slug":"under-armour"}],"_links":{"self":[{"href":"https:\/\/primosportmaroc.com\/index.php?rest_route=\/wp\/v2\/product\/9444","targetHints":{"allow":["GET"]}}],"collection":[{"href":"https:\/\/primosportmaroc.com\/index.php?rest_route=\/wp\/v2\/product"}],"about":[{"href":"https:\/\/primosportmaroc.com\/index.php?rest_route=\/wp\/v2\/types\/product"}],"wp:featuredmedia":[{"embeddable":true,"href":"https:\/\/primosportmaroc.com\/index.php?rest_route=\/wp\/v2\/media\/9446"}],"wp:attachment":[{"href":"https:\/\/primosportmaroc.com\/index.php?rest_route=%2Fwp%2Fv2%2Fmedia&parent=9444"}],"wp:term":[{"taxonomy":"pwb-brand","embeddable":true,"href":"https:\/\/primosportmaroc.com\/index.php?rest_route=%2Fwp%2Fv2%2Fpwb-brand&post=9444"},{"taxonomy":"product_brand","embeddable":true,"href":"https:\/\/primosportmaroc.com\/index.php?rest_route=%2Fwp%2Fv2%2Fproduct_brand&post=9444"},{"taxonomy":"product_cat","embeddable":true,"href":"https:\/\/primosportmaroc.com\/index.php?rest_route=%2Fwp%2Fv2%2Fproduct_cat&post=9444"},{"taxonomy":"product_tag","embeddable":true,"href":"https:\/\/primosportmaroc.com\/index.php?rest_route=%2Fwp%2Fv2%2Fproduct_tag&post=9444"}],"curies":[{"name":"wp","href":"https:\/\/api.w.org\/{rel}","templated":true}]}}