{"id":9453,"date":"2025-09-30T16:39:15","date_gmt":"2025-09-30T15:39:15","guid":{"rendered":"https:\/\/primosportmaroc.com\/?post_type=product&#038;p=9453"},"modified":"2025-09-30T16:39:15","modified_gmt":"2025-09-30T15:39:15","slug":"under-armour-hovr-turbulence-2-3026520-001","status":"publish","type":"product","link":"https:\/\/primosportmaroc.com\/?product=under-armour-hovr-turbulence-2-3026520-001","title":{"rendered":"Under Armour HOVR\u2122 Turbulence 2 3026520-001"},"content":{"rendered":"<div><strong>Under Armour HOVR\u2122 Turbulence 2 3026520-001<\/strong><\/div>\n<div><\/div>\n<div>Qu\u2019est-ce que \u00e7a fait ?<\/div>\n<p>Les coureurs de fond ont besoin d\u2019un m\u00e9lange parfait d\u2019amorti, de rebond, de durabilit\u00e9 et d\u2019efficacit\u00e9. Et c\u2019est exactement ce que vous obtenez avec l\u2019UA HOVR\u2122 Turbulence\u00a0: un amorti r\u00e9actif, une conduite en douceur et des kilom\u00e8tres de confort.<\/p>\n<ul>\n<li>Id\u00e9al pour\u00a0:\u00a0l\u2019entra\u00eenement quotidien pour votre sport<\/li>\n<li>La tige en tricot respirant offre durabilit\u00e9 et confinement l\u00e9ger<\/li>\n<li>La semelle int\u00e9rieure Deluxe Comfort System offre un confort ultime.<\/li>\n<li>L\u2019amorti r\u00e9actif UA HOVR\u2122 r\u00e9duit l\u2019impact, restitue l\u2019\u00e9nergie et vous aide \u00e0 vous propulser vers l\u2019avant.<\/li>\n<li>La semelle ext\u00e9rieure en caoutchouc durable offre traction et durabilit\u00e9 avec flexibilit\u00e9 pour le d\u00e9collage des orteils.<\/li>\n<li>R\u00e9gulier<\/li>\n<li>Num\u00e9ro de mod\u00e8le\u00a0: 3026520<\/li>\n<li>D\u00e9calage\u00a0: 8\u00a0mm<\/li>\n<li>Poids : 9,8 onces.<\/li>\n<li>Type de dentelle\u00a0: cravate standard<\/li>\n<li>Import\u00e9<\/li>\n<\/ul>\n","protected":false},"excerpt":{"rendered":"<p>Under Armour HOVR\u2122 Turbulence 2 3026520-001 Qu\u2019est-ce que \u00e7a fait ? Les coureurs de fond ont besoin d\u2019un m\u00e9lange parfait d\u2019amorti, de rebond, de durabilit\u00e9 et d\u2019efficacit\u00e9. Et c\u2019est exactement ce que vous obtenez avec l\u2019UA HOVR\u2122 Turbulence\u00a0: un amorti r\u00e9actif, une conduite en douceur et des kilom\u00e8tres de confort. Id\u00e9al pour\u00a0:\u00a0l\u2019entra\u00eenement quotidien pour votre [&hellip;]<\/p>\n","protected":false},"featured_media":9454,"template":"","meta":{"_acf_changed":false,"content-type":""},"pwb-brand":[516],"product_brand":[],"product_cat":[481,478,491],"product_tag":[],"class_list":{"0":"post-9453","1":"product","2":"type-product","3":"status-publish","4":"has-post-thumbnail","6":"pwb-brand-under-armour","7":"product_cat-baskets-hommes","8":"product_cat-chaussureshommes","9":"product_cat-hommes","11":"first","12":"instock","13":"taxable","14":"shipping-taxable","15":"purchasable","16":"product-type-variable"},"acf":[],"brands":[{"id":516,"name":"Under Armour","slug":"under-armour"}],"_links":{"self":[{"href":"https:\/\/primosportmaroc.com\/index.php?rest_route=\/wp\/v2\/product\/9453","targetHints":{"allow":["GET"]}}],"collection":[{"href":"https:\/\/primosportmaroc.com\/index.php?rest_route=\/wp\/v2\/product"}],"about":[{"href":"https:\/\/primosportmaroc.com\/index.php?rest_route=\/wp\/v2\/types\/product"}],"wp:featuredmedia":[{"embeddable":true,"href":"https:\/\/primosportmaroc.com\/index.php?rest_route=\/wp\/v2\/media\/9454"}],"wp:attachment":[{"href":"https:\/\/primosportmaroc.com\/index.php?rest_route=%2Fwp%2Fv2%2Fmedia&parent=9453"}],"wp:term":[{"taxonomy":"pwb-brand","embeddable":true,"href":"https:\/\/primosportmaroc.com\/index.php?rest_route=%2Fwp%2Fv2%2Fpwb-brand&post=9453"},{"taxonomy":"product_brand","embeddable":true,"href":"https:\/\/primosportmaroc.com\/index.php?rest_route=%2Fwp%2Fv2%2Fproduct_brand&post=9453"},{"taxonomy":"product_cat","embeddable":true,"href":"https:\/\/primosportmaroc.com\/index.php?rest_route=%2Fwp%2Fv2%2Fproduct_cat&post=9453"},{"taxonomy":"product_tag","embeddable":true,"href":"https:\/\/primosportmaroc.com\/index.php?rest_route=%2Fwp%2Fv2%2Fproduct_tag&post=9453"}],"curies":[{"name":"wp","href":"https:\/\/api.w.org\/{rel}","templated":true}]}}