{"id":9465,"date":"2025-09-30T16:50:19","date_gmt":"2025-09-30T15:50:19","guid":{"rendered":"https:\/\/primosportmaroc.com\/?post_type=product&#038;p=9465"},"modified":"2025-09-30T16:50:19","modified_gmt":"2025-09-30T15:50:19","slug":"new-era-casquette-60298611-gradient-infill-gris","status":"publish","type":"product","link":"https:\/\/primosportmaroc.com\/?product=new-era-casquette-60298611-gradient-infill-gris","title":{"rendered":"New Era \u2013 Casquette 60298611 Gradient Infill Gris"},"content":{"rendered":"<p><strong>New Era Casquette 60298611 Gradient Infill Gris<\/strong><\/p>\n<p>La casquette\u00a0New Era\u00a0 Gradient Infill Gris est un symbole de style sportif et urbain contemporain. Son design polyvalent en fait un accessoire incontournable pour toutes les occasions, qu\u2019il s\u2019agisse de soutenir votre \u00e9quipe pr\u00e9f\u00e9r\u00e9e ou d\u2019ajouter une touche de modernit\u00e9 \u00e0 votre tenue d\u00e9contract\u00e9e.<\/p>\n<p>Fabriqu\u00e9e avec une attention m\u00e9ticuleuse aux d\u00e9tails, cette casquette offre une coupe ajustable pour un ajustement parfait \u00e0 votre t\u00eate. Les mat\u00e9riaux de qualit\u00e9 sup\u00e9rieure assurent sa durabilit\u00e9 \u00e0 long terme, tandis que la visi\u00e8re pr\u00e9-courb\u00e9e ajoute une touche de style classique.<\/p>\n<p>Le logo New Era, soigneusement brod\u00e9 sur le devant, t\u00e9moigne de l\u2019authenticit\u00e9 et de la qualit\u00e9 embl\u00e9matiques de la marque. Les finitions et les coutures sont r\u00e9alis\u00e9es avec soin, refl\u00e9tant l\u2019engagement continu de New Era envers un design de haute qualit\u00e9.<\/p>\n<p>La casquette New Era 60298611 Gradient Infill Gris est bien plus qu\u2019un simple accessoire. Elle exprime votre passion pour le sport et votre sens du style avec confiance et \u00e9l\u00e9gance. Que vous assistiez \u00e0 un match, que vous vous baladiez en ville ou que vous passiez du temps avec des amis, cette casquette est le compl\u00e9ment id\u00e9al pour affirmer votre personnalit\u00e9 et votre attachement \u00e0 la mode sportive, tout en restant \u00e0 la pointe de la tendance.<\/p>\n<p class=\"heading _heading-strong\"><strong><span class=\"desktop-heading\" data-v-c539acd6=\"\">Informations sur le produit<\/span><\/strong><\/p>\n<div class=\"multi-step-side-modal multi-step-side-modal bg-filter\" data-v-51d10fef=\"\" data-v-8a8afca4=\"\" data-v-c539acd6=\"\">\n<div class=\"side-modal left  mobile-and-tablet-only fixed-header\" data-v-51d10fef=\"\">\n<div class=\"wrapper\" data-v-51d10fef=\"\">\n<section class=\"body-text\" data-v-51d10fef=\"\">\n<div class=\"content\" data-v-c539acd6=\"\">\n<div class=\"columns-wrapper\" data-v-c539acd6=\"\">\n<p class=\"column-title _heading-strong\">Composition et entretien<\/p>\n<ul>\n<li class=\"product-specification-item\">Composition :\u00a0100% coton<\/li>\n<li class=\"product-specification-item\">Mat\u00e9riaux utilis\u00e9s :\u00a0Tissu\/-coton<\/li>\n<li class=\"product-specification-item\">Conseils d\u2019entretien :\n<div class=\"product-specification-icons-with-tooltips column-item\" data-v-7cbaa9d8=\"\" data-v-c539acd6=\"\" data-v-0f687d4c=\"\">\n<div class=\"base-tooltip\" data-v-7350422b=\"\" data-v-7cbaa9d8=\"\">\n<div class=\"base-tooltip-wrapper icon-tooltip\" data-v-7350422b=\"\"><img decoding=\"async\" class=\"icon lazyloaded\" src=\"https:\/\/img.eobuwie.cloud\/eob_svg(7\/3\/b\/c\/73bcec91ef29acc6f1c70a1aade3a8c3fb61cb8c_nie_wybiela__)\/nie_wybielac.svg\" alt=\"nie_wybielac\" width=\"39\" height=\"33\" data-v-7cbaa9d8=\"\" data-ll-status=\"loaded\" \/><\/div>\n<\/div>\n<\/div>\n<\/li>\n<\/ul>\n<p>D\u00e9tails produit<\/p>\n<ul>\n<li class=\"product-specification-item\">Marque :\u00a0New Era<\/li>\n<li class=\"product-specification-item\">Mod\u00e8le :\u00a0Gradient Infill 60298611<\/li>\n<li class=\"product-specification-item\">Gamme :\u00a0New Era Spring\/Summer 2023<\/li>\n<li class=\"product-specification-item\">Index :\u00a00196818721753<\/li>\n<\/ul>\n<p>Design &amp; Style<\/p>\n<ul>\n<li class=\"product-specification-item\">Couleur :\u00a0Gris<\/li>\n<li class=\"product-specification-item\">Type d\u2019usage :\u00a0Casual<\/li>\n<\/ul>\n<p>Taille et ajustement<\/p>\n<ul>\n<li class=\"product-specification-item\">Dimensions :\u00a018 x 18 cm<\/li>\n<\/ul>\n<\/div>\n<\/div>\n<\/section>\n<\/div>\n<\/div>\n<\/div>\n","protected":false},"excerpt":{"rendered":"<p>New Era Casquette 60298611 Gradient Infill Gris La casquette\u00a0New Era\u00a0 Gradient Infill Gris est un symbole de style sportif et urbain contemporain. Son design polyvalent en fait un accessoire incontournable pour toutes les occasions, qu\u2019il s\u2019agisse de soutenir votre \u00e9quipe pr\u00e9f\u00e9r\u00e9e ou d\u2019ajouter une touche de modernit\u00e9 \u00e0 votre tenue d\u00e9contract\u00e9e. Fabriqu\u00e9e avec une attention [&hellip;]<\/p>\n","protected":false},"featured_media":9466,"template":"","meta":{"_acf_changed":false,"content-type":""},"pwb-brand":[519],"product_brand":[],"product_cat":[480,485,491],"product_tag":[],"class_list":{"0":"post-9465","1":"product","2":"type-product","3":"status-publish","4":"has-post-thumbnail","6":"pwb-brand-new-era","7":"product_cat-accessoires-hommes","8":"product_cat-accessoires-tete-hommes","9":"product_cat-hommes","11":"first","12":"instock","13":"taxable","14":"shipping-taxable","15":"purchasable","16":"product-type-simple"},"acf":[],"brands":[{"id":519,"name":"New Era","slug":"new-era"}],"_links":{"self":[{"href":"https:\/\/primosportmaroc.com\/index.php?rest_route=\/wp\/v2\/product\/9465","targetHints":{"allow":["GET"]}}],"collection":[{"href":"https:\/\/primosportmaroc.com\/index.php?rest_route=\/wp\/v2\/product"}],"about":[{"href":"https:\/\/primosportmaroc.com\/index.php?rest_route=\/wp\/v2\/types\/product"}],"wp:featuredmedia":[{"embeddable":true,"href":"https:\/\/primosportmaroc.com\/index.php?rest_route=\/wp\/v2\/media\/9466"}],"wp:attachment":[{"href":"https:\/\/primosportmaroc.com\/index.php?rest_route=%2Fwp%2Fv2%2Fmedia&parent=9465"}],"wp:term":[{"taxonomy":"pwb-brand","embeddable":true,"href":"https:\/\/primosportmaroc.com\/index.php?rest_route=%2Fwp%2Fv2%2Fpwb-brand&post=9465"},{"taxonomy":"product_brand","embeddable":true,"href":"https:\/\/primosportmaroc.com\/index.php?rest_route=%2Fwp%2Fv2%2Fproduct_brand&post=9465"},{"taxonomy":"product_cat","embeddable":true,"href":"https:\/\/primosportmaroc.com\/index.php?rest_route=%2Fwp%2Fv2%2Fproduct_cat&post=9465"},{"taxonomy":"product_tag","embeddable":true,"href":"https:\/\/primosportmaroc.com\/index.php?rest_route=%2Fwp%2Fv2%2Fproduct_tag&post=9465"}],"curies":[{"name":"wp","href":"https:\/\/api.w.org\/{rel}","templated":true}]}}