{"id":9469,"date":"2025-09-30T16:52:57","date_gmt":"2025-09-30T15:52:57","guid":{"rendered":"https:\/\/primosportmaroc.com\/?post_type=product&#038;p=9469"},"modified":"2025-09-30T16:52:58","modified_gmt":"2025-09-30T15:52:58","slug":"new-era-casquette-gradient-infill-60298620-gris","status":"publish","type":"product","link":"https:\/\/primosportmaroc.com\/?product=new-era-casquette-gradient-infill-60298620-gris","title":{"rendered":"New Era Casquette Gradient Infill 60298620 Gris"},"content":{"rendered":"<p><strong>New Era Casquette Gradient Infill 60298620 Gris<\/strong><\/p>\n<p>La casquette New Era Gradient Infill est un accessoire qui allie \u00e0 la fois un style tendance et une qualit\u00e9 exceptionnelle. Son design original se d\u00e9marque par un subtil d\u00e9grad\u00e9 qui ajoute une touche de dynamisme \u00e0 votre style. Fabriqu\u00e9e avec minutie et souci du d\u00e9tail, cette casquette offre un confort optimal gr\u00e2ce \u00e0 sa coupe ajustable et ses mat\u00e9riaux haut de gamme.<\/p>\n<div class=\"flex-1 overflow-hidden\">\n<div class=\"react-scroll-to-bottom--css-rnxyq-79elbk h-full dark:bg-gray-800\">\n<div class=\"react-scroll-to-bottom--css-rnxyq-1n7m0yu\">\n<div class=\"flex flex-col text-sm dark:bg-gray-800\">\n<div class=\"group w-full text-token-text-primary border-b border-black\/10 dark:border-gray-900\/50 bg-gray-50 dark:bg-[#444654]\" data-testid=\"conversation-turn-59\">\n<div class=\"flex p-4 gap-4 text-base md:gap-6 md:max-w-2xl lg:max-w-[38rem] xl:max-w-3xl md:py-6 lg:px-0 m-auto\">\n<div class=\"relative flex w-[calc(100%-50px)] flex-col gap-1 md:gap-3 lg:w-[calc(100%-115px)]\">\n<div class=\"flex flex-grow flex-col gap-3 max-w-full\">\n<div class=\"min-h-[20px] flex flex-col items-start gap-3 overflow-x-auto whitespace-pre-wrap break-words\">\n<div class=\"markdown prose w-full break-words dark:prose-invert light\">\n<p>Le logo embl\u00e9matique de New Era est mis en valeur avec une technique de remplissage de d\u00e9grad\u00e9, ajoutant une note de modernit\u00e9 \u00e0 l\u2019ensemble. Que ce soit pour compl\u00e9ter une tenue d\u00e9contract\u00e9e ou pour ajouter une touche streetwear \u00e0 votre style, la casquette New Era Gradient Infill 60298620 est le choix parfait. Elle exprime votre individualit\u00e9 tout en restant fid\u00e8le \u00e0 la qualit\u00e9 et au design caract\u00e9ristiques de New Era. Soyez pr\u00eat \u00e0 vous d\u00e9marquer avec cette casquette qui allie innovation et style.<\/p>\n<\/div>\n<\/div>\n<\/div>\n<\/div>\n<\/div>\n<\/div>\n<\/div>\n<\/div>\n<\/div>\n<\/div>\n<p class=\"heading _heading-strong\"><strong><span class=\"desktop-heading\" data-v-c539acd6=\"\">Informations sur le produit<\/span><\/strong><\/p>\n<div class=\"multi-step-side-modal multi-step-side-modal bg-filter\" data-v-51d10fef=\"\" data-v-8a8afca4=\"\" data-v-c539acd6=\"\">\n<div class=\"side-modal left  mobile-and-tablet-only fixed-header\" data-v-51d10fef=\"\">\n<div class=\"wrapper\" data-v-51d10fef=\"\">\n<section class=\"body-text\" data-v-51d10fef=\"\">\n<div class=\"content\" data-v-c539acd6=\"\">\n<div class=\"columns-wrapper\" data-v-c539acd6=\"\">\n<p class=\"column-title _heading-strong\">Composition et entretien<\/p>\n<ul>\n<li class=\"product-specification-item\">Composition :\u00a0100% coton<\/li>\n<li class=\"product-specification-item\">Mat\u00e9riaux utilis\u00e9s :\u00a0Tissu\/-coton<\/li>\n<\/ul>\n<p class=\"column-title _heading-strong\">D\u00e9tails produit<\/p>\n<ul>\n<li class=\"product-specification-item\">Marque :\u00a0New Era<\/li>\n<li class=\"product-specification-item\">Mod\u00e8le :\u00a0Gradient Infill 60298620<\/li>\n<li class=\"product-specification-item\">Gamme :\u00a0New Era Spring\/Summer 2023<\/li>\n<li class=\"product-specification-item\">Index :\u00a00196818721746<\/li>\n<\/ul>\n<p class=\"column-title _heading-strong\">Design &amp; Style<\/p>\n<ul>\n<li class=\"product-specification-item\">Couleur :\u00a0Gris<\/li>\n<li class=\"product-specification-item\">Type d\u2019usage :\u00a0Casual<\/li>\n<\/ul>\n<p class=\"column-title _heading-strong\">Taille et ajustement<\/p>\n<ul>\n<li class=\"product-specification-item\">Dimensions :\u00a017 x 20.5 cm<\/li>\n<\/ul>\n<p>Style moderne avec d\u00e9grad\u00e9 subtil. Exprimez votre personnalit\u00e9 avec cette casquette de qualit\u00e9.<\/p>\n<\/div>\n<\/div>\n<\/section>\n<\/div>\n<\/div>\n<\/div>\n","protected":false},"excerpt":{"rendered":"<p>New Era Casquette Gradient Infill 60298620 Gris La casquette New Era Gradient Infill est un accessoire qui allie \u00e0 la fois un style tendance et une qualit\u00e9 exceptionnelle. Son design original se d\u00e9marque par un subtil d\u00e9grad\u00e9 qui ajoute une touche de dynamisme \u00e0 votre style. Fabriqu\u00e9e avec minutie et souci du d\u00e9tail, cette casquette [&hellip;]<\/p>\n","protected":false},"featured_media":9470,"template":"","meta":{"_acf_changed":false,"content-type":""},"pwb-brand":[518],"product_brand":[],"product_cat":[480,485,491],"product_tag":[],"class_list":{"0":"post-9469","1":"product","2":"type-product","3":"status-publish","4":"has-post-thumbnail","6":"pwb-brand-new-balance","7":"product_cat-accessoires-hommes","8":"product_cat-accessoires-tete-hommes","9":"product_cat-hommes","11":"first","12":"instock","13":"taxable","14":"shipping-taxable","15":"purchasable","16":"product-type-simple"},"acf":[],"brands":[{"id":518,"name":"New Balance","slug":"new-balance"}],"_links":{"self":[{"href":"https:\/\/primosportmaroc.com\/index.php?rest_route=\/wp\/v2\/product\/9469","targetHints":{"allow":["GET"]}}],"collection":[{"href":"https:\/\/primosportmaroc.com\/index.php?rest_route=\/wp\/v2\/product"}],"about":[{"href":"https:\/\/primosportmaroc.com\/index.php?rest_route=\/wp\/v2\/types\/product"}],"wp:featuredmedia":[{"embeddable":true,"href":"https:\/\/primosportmaroc.com\/index.php?rest_route=\/wp\/v2\/media\/9470"}],"wp:attachment":[{"href":"https:\/\/primosportmaroc.com\/index.php?rest_route=%2Fwp%2Fv2%2Fmedia&parent=9469"}],"wp:term":[{"taxonomy":"pwb-brand","embeddable":true,"href":"https:\/\/primosportmaroc.com\/index.php?rest_route=%2Fwp%2Fv2%2Fpwb-brand&post=9469"},{"taxonomy":"product_brand","embeddable":true,"href":"https:\/\/primosportmaroc.com\/index.php?rest_route=%2Fwp%2Fv2%2Fproduct_brand&post=9469"},{"taxonomy":"product_cat","embeddable":true,"href":"https:\/\/primosportmaroc.com\/index.php?rest_route=%2Fwp%2Fv2%2Fproduct_cat&post=9469"},{"taxonomy":"product_tag","embeddable":true,"href":"https:\/\/primosportmaroc.com\/index.php?rest_route=%2Fwp%2Fv2%2Fproduct_tag&post=9469"}],"curies":[{"name":"wp","href":"https:\/\/api.w.org\/{rel}","templated":true}]}}